{"id":132,"date":"2024-12-27T19:29:27","date_gmt":"2024-12-27T19:29:27","guid":{"rendered":"https:\/\/tsiad.org.tr\/?page_id=132"},"modified":"2024-12-31T11:17:58","modified_gmt":"2024-12-31T11:17:58","slug":"onur-uyelerimiz","status":"publish","type":"page","link":"https:\/\/tsiad.org.tr\/index.php\/hakkimizda\/onur-uyelerimiz\/","title":{"rendered":"ONUR \u00dcYELER\u0130M\u0130Z"},"content":{"rendered":"\n<p><strong>ONUR \u00dcYELER\u0130M\u0130Z<\/strong><\/p>\n\n\n\n<p>1- FARUK NAF\u0130Z \u00d6ZAK<br>2- MUSTAFA SUAT HACISAL\u0130HO\u011eLU<br>3- O\u011eUZ AYDIN<br>4- ORHAN OLTAN<br>5- RECEP ERGEN\u00c7<\/p>\n","protected":false},"excerpt":{"rendered":"<p>ONUR \u00dcYELER\u0130M\u0130Z 1- FARUK NAF\u0130Z \u00d6ZAK2- MUSTAFA SUAT HACISAL\u0130HO\u011eLU3- O\u011eUZ AYDIN4- ORHAN OLTAN5- RECEP ERGEN\u00c7<\/p>\n","protected":false},"author":1,"featured_media":0,"parent":67,"menu_order":0,"comment_status":"closed","ping_status":"closed","template":"","meta":{"footnotes":""},"class_list":["post-132","page","type-page","status-publish","hentry"],"_links":{"self":[{"href":"https:\/\/tsiad.org.tr\/index.php\/wp-json\/wp\/v2\/pages\/132","targetHints":{"allow":["GET"]}}],"collection":[{"href":"https:\/\/tsiad.org.tr\/index.php\/wp-json\/wp\/v2\/pages"}],"about":[{"href":"https:\/\/tsiad.org.tr\/index.php\/wp-json\/wp\/v2\/types\/page"}],"author":[{"embeddable":true,"href":"https:\/\/tsiad.org.tr\/index.php\/wp-json\/wp\/v2\/users\/1"}],"replies":[{"embeddable":true,"href":"https:\/\/tsiad.org.tr\/index.php\/wp-json\/wp\/v2\/comments?post=132"}],"version-history":[{"count":2,"href":"https:\/\/tsiad.org.tr\/index.php\/wp-json\/wp\/v2\/pages\/132\/revisions"}],"predecessor-version":[{"id":269,"href":"https:\/\/tsiad.org.tr\/index.php\/wp-json\/wp\/v2\/pages\/132\/revisions\/269"}],"up":[{"embeddable":true,"href":"https:\/\/tsiad.org.tr\/index.php\/wp-json\/wp\/v2\/pages\/67"}],"wp:attachment":[{"href":"https:\/\/tsiad.org.tr\/index.php\/wp-json\/wp\/v2\/media?parent=132"}],"curies":[{"name":"wp","href":"https:\/\/api.w.org\/{rel}","templated":true}]}}