{"id":134,"date":"2024-12-27T19:31:23","date_gmt":"2024-12-27T19:31:23","guid":{"rendered":"https:\/\/tsiad.org.tr\/?page_id=134"},"modified":"2024-12-31T11:17:09","modified_gmt":"2024-12-31T11:17:09","slug":"vizyon-ve-misyonumuz","status":"publish","type":"page","link":"https:\/\/tsiad.org.tr\/index.php\/hakkimizda\/vizyon-ve-misyonumuz\/","title":{"rendered":"Vizyon ve Misyonumuz"},"content":{"rendered":"\n<p><strong>Vizyon;<\/strong><br>Trabzon&#8217;da \u00fcretim, giri\u015fimcilik ve istihdam\u0131 destekleme yoluyla T\u00fcrkiye&#8217;nin kalk\u0131nmas\u0131na katk\u0131da bulunarak \u00f6rnek ve sayg\u0131n bir Sosyal Toplum Kurulu\u015fu olmak.<br><strong>Misyon;<\/strong><\/p>\n\n\n\n<ul class=\"wp-block-list\">\n<li>Trabzon&#8217;un stratejik bir plana sahip olmas\u0131 i\u00e7in \u00e7al\u0131\u015fmak<\/li>\n\n\n\n<li>B\u00f6lgesel Kalk\u0131nma Politikalar\u0131&#8217;n\u0131n hayata ge\u00e7irilmesi i\u00e7in lobi \u00e7al\u0131\u015fmalar\u0131 yapmak ve bu t\u00fcr olu\u015fumlar\u0131 desteklemek<\/li>\n\n\n\n<li>Mesleki E\u011fitim ve giri\u015fimcili\u011fi destekleyerek i\u015fsizlikle m\u00fccadele etmek<\/li>\n\n\n\n<li>Etkin bir piyasa ekonomisinin olu\u015fabilmesi i\u00e7in ilgili kurumlarla ba\u011flant\u0131da olarak gereken uyar\u0131lar\u0131 ve katk\u0131lar\u0131 yapmak<\/li>\n\n\n\n<li>D\u00fczenleyece\u011fi e\u011fitimlerle giri\u015fimci ve h\u00e2lihaz\u0131rda i\u015f sahibi olan \u00fcyelerinin i\u015fe hakim olma d\u00fczeylerini art\u0131rmak.<\/li>\n\n\n\n<li>\u00dcyelerinin AB ve di\u011fer hibe fonlar\u0131 hakk\u0131nda fark\u0131ndal\u0131\u011f\u0131n\u0131 art\u0131rmak, ilgilenenleri bilgi a\u00e7\u0131s\u0131ndan desteklemek<\/li>\n\n\n\n<li>Kamu-\u00f6zel-sivil sekt\u00f6r ve akademik \u00e7evrelerin birbirleriyle olan ileti\u015fimlerini g\u00fc\u00e7lendirmek<\/li>\n\n\n\n<li>K\u00fcmelenmenin en \u00f6nemli kalk\u0131nma arg\u00fcmanlar\u0131 aras\u0131nda oldu\u011fu g\u00f6r\u00fc\u015f\u00fcn\u00fc toplum i\u00e7inde yayg\u0131nla\u015ft\u0131rmak.<\/li>\n\n\n\n<li>B\u00f6lgesel S\u0130AD federasyonla\u015fmas\u0131 i\u00e7in \u00e7aba harcamak.<\/li>\n<\/ul>\n\n\n\n<p><strong>VISION<\/strong><\/p>\n\n\n\n<p>Being a model and well-regarded social community organization by contributing to Turkey\u2019s development through supporting production, enterpreneurship and employment in Trabzon.<\/p>\n\n\n\n<p><strong>MISSION<\/strong><\/p>\n\n\n\n<p>Work in order to gain a strategical plan for Trabzon<br>Lobbying in order to actualize the Regional Development Policy or supporting the evolutions fort his aim.<br>Strive with unemployment by supporting the vocational education and entrepreneurship<br>Make nede warnings and give contribution to the related organizations for creation of an active market economy<br>Raise his entrepreneur and employer members\u2019 level of comand to their business by organizing educations.<br>Raise his members\u2019 awereness about EU and EU funds; provide information to those concerned.<br>Strengthen the relation between public-private-civil sectors and academia<br>Extend the view in the society that clustering is one of the most important development argument<br>Strive in order to federate regional SIAD<\/p>\n\n\n\n<p><strong>De\u011ferli \u00dcyemiz,<\/strong><\/p>\n\n\n\n<p>Bildi\u011finiz gibi Trabzon S\u0130AD kuruldu\u011fu g\u00fcnden beri, ilimiz ve b\u00f6lgemiz i\u00e7in \u00f6nem arz eden ekonomik, sosyal politikalar\u0131n olu\u015fturulmas\u0131na \u00f6n ayak olmak i\u00e7in u\u011fra\u015f vermekte ve bunun yan\u0131nda i\u015f insanlar\u0131n\u0131n problemlerini de gerekli platformlara ta\u015f\u0131yarak \u00e7\u00f6z\u00fcme kavu\u015fturulmas\u0131 i\u00e7in katk\u0131 vermektedir.<\/p>\n\n\n\n<p>Bu katk\u0131lar\u0131 daha verimli ve \u00fcst d\u00fczeyde sa\u011flayabilmek i\u00e7in, \u00fclke genelinde S\u0130AD lar kurumsal bir omurgaya kavu\u015fturulmu\u015f, Trabzon S\u0130AD da bu omurgada yerini alm\u0131\u015ft\u0131r. TS\u0130AD, MAKS\u0130FED( Marmara ve Kuzey Anadolu S\u0130AD lar Federasyonu) \u00fcyesi olup ayn\u0131 zamanda y\u00f6netim kurulunda da temsil edilmektedir ve t\u00fcm S\u0130AD federasyonlar\u0131 en \u00fcst kurul olan TURKONFED (T\u00fcrk Giri\u015fim ve \u0130\u015f D\u00fcnyas\u0131 Konfederasyonu) \u00fcyesidir. Konfederasyonumuz mikro ve makro d\u00fczeyde gerekli g\u00f6rd\u00fc\u011f\u00fc noktalarda g\u00f6r\u00fc\u015flerini muhataplar\u0131na iletebilmekte ve 9000 Kobi \u00fcyesinin vermi\u015f oldu\u011fu temsil g\u00fcc\u00fc ile hareket etmektedir. Yak\u0131n zamanda kurulmu\u015f bir Konfederasyon olmas\u0131na ra\u011fmen \u00fclkemiz i\u015f d\u00fcnyas\u0131nda yerini alm\u0131\u015f ve her ge\u00e7en g\u00fcn alt yap\u0131s\u0131n\u0131 g\u00fc\u00e7lendirerek geli\u015fmesini s\u00fcrd\u00fcrmektedir.<\/p>\n\n\n\n<p>\u00d6n\u00fcm\u00fczde ki y\u0131llarda \u00fcye Federasyon ve dolay\u0131s\u0131 ile \u00fcye Siad lar i\u00e7in fayda sa\u011flayacak \u00e7al\u0131\u015fmalar\u0131n\u0131 art\u0131racakt\u0131r ve bu \u00e7al\u0131\u015fmalar\u0131n sonucunu siz \u00fcyelerimiz ile payla\u015faca\u011f\u0131z. T\u00fcm \u00fcyelerimizin kendi sekt\u00f6rlerinde \u00e7\u00f6z\u00fcme kavu\u015fmas\u0131 gerekti\u011fini inand\u0131\u011f\u0131 sorunlar\u0131 bizimle payla\u015fmalar\u0131 durumunda bu sorunlar\u0131 direkt Konfederasyon vas\u0131tas\u0131 ile ilgili yerlere ileterek \u00e7\u00f6z\u00fcme kavu\u015fturulmas\u0131 i\u00e7in gere\u011fini yapaca\u011f\u0131m\u0131z\u0131 bilmenizi isterim.<\/p>\n\n\n\n<p>Katk\u0131 vermeye \u00e7al\u0131\u015ft\u0131\u011f\u0131m\u0131z bir \u00f6nemli ba\u015fl\u0131k da, \u00e7ok sevdi\u011fimiz Trabzon\u2019un \u00e7a\u011fda\u015f, ya\u015fan\u0131l\u0131r bir kent olmas\u0131d\u0131r.<\/p>\n\n\n\n<p>\u00dcyelerimiz ile etkinliklerde bulu\u015fabilmek ve \u00fcyelerimizin beklentilerini \u00f6\u011frenmek, gere\u011fini yerine getirmek \u00e7al\u0131\u015fmalar\u0131m\u0131z\u0131n temelidir. Umuyorum bundan b\u00f6yle daha fazla birlikte olabilme f\u0131rsat\u0131n\u0131 yakalam\u0131\u015f olaca\u011f\u0131z. Derne\u011fimiz sizlere daha iyi hizmet verebilmek i\u00e7in elinden geleni yapacakt\u0131r, kap\u0131lar\u0131m\u0131z sonuna dek a\u00e7\u0131k sizleri bekliyor olaca\u011f\u0131z.<\/p>\n\n\n\n<p>\u0130\u015flerinizde ba\u015far\u0131lar dileriz,<br><strong>Sayg\u0131lar\u0131m\u0131zla<\/strong><\/p>\n","protected":false},"excerpt":{"rendered":"<p>Vizyon;Trabzon&#8217;da \u00fcretim, giri\u015fimcilik ve istihdam\u0131 destekleme yoluyla T\u00fcrkiye&#8217;nin kalk\u0131nmas\u0131na katk\u0131da bulunarak \u00f6rnek ve sayg\u0131n bir Sosyal Toplum Kurulu\u015fu olmak.Misyon; VISION Being a model and well-regarded social community organization by contributing to Turkey\u2019s development through supporting production, enterpreneurship and employment in Trabzon. MISSION Work in order to gain a strategical plan for TrabzonLobbying in order to [&hellip;]<\/p>\n","protected":false},"author":1,"featured_media":0,"parent":67,"menu_order":0,"comment_status":"closed","ping_status":"closed","template":"","meta":{"footnotes":""},"class_list":["post-134","page","type-page","status-publish","hentry"],"_links":{"self":[{"href":"https:\/\/tsiad.org.tr\/index.php\/wp-json\/wp\/v2\/pages\/134","targetHints":{"allow":["GET"]}}],"collection":[{"href":"https:\/\/tsiad.org.tr\/index.php\/wp-json\/wp\/v2\/pages"}],"about":[{"href":"https:\/\/tsiad.org.tr\/index.php\/wp-json\/wp\/v2\/types\/page"}],"author":[{"embeddable":true,"href":"https:\/\/tsiad.org.tr\/index.php\/wp-json\/wp\/v2\/users\/1"}],"replies":[{"embeddable":true,"href":"https:\/\/tsiad.org.tr\/index.php\/wp-json\/wp\/v2\/comments?post=134"}],"version-history":[{"count":4,"href":"https:\/\/tsiad.org.tr\/index.php\/wp-json\/wp\/v2\/pages\/134\/revisions"}],"predecessor-version":[{"id":268,"href":"https:\/\/tsiad.org.tr\/index.php\/wp-json\/wp\/v2\/pages\/134\/revisions\/268"}],"up":[{"embeddable":true,"href":"https:\/\/tsiad.org.tr\/index.php\/wp-json\/wp\/v2\/pages\/67"}],"wp:attachment":[{"href":"https:\/\/tsiad.org.tr\/index.php\/wp-json\/wp\/v2\/media?parent=134"}],"curies":[{"name":"wp","href":"https:\/\/api.w.org\/{rel}","templated":true}]}}