{"id":324,"date":"2025-01-01T13:09:11","date_gmt":"2025-01-01T13:09:11","guid":{"rendered":"https:\/\/tsiad.org.tr\/?page_id=324"},"modified":"2025-01-07T08:31:47","modified_gmt":"2025-01-07T08:31:47","slug":"projelerimiz","status":"publish","type":"page","link":"https:\/\/tsiad.org.tr\/index.php\/projelerimiz\/","title":{"rendered":"Projelerimiz"},"content":{"rendered":"<table>\n<tr>\n<th>Projelerimiz<\/th>\n<\/tr>\n<tr>\n<td><a href=\"https:\/\/tsiad.org.tr\/index.php\/projelerimiz\/acik-yollar-kayitli-istihdam-projesi-aykip\/\"style=\"color:\n#120a8f\"> A\u00e7\u0131k Yollar Kay\u0131tl\u0131 \u0130stihdam Projesi-AYK\u0130P<\/a> <\/td>\n<\/tr>\n<tr>\n<tr>\n<td><a href=\"https:\/\/tsiad.org.tr\/index.php\/projelerimiz\/kadin-istihdaminin-artirilmasi-hibe-cagrisi\/\"style=\"color:\n#120a8f\">Kad\u0131n \u0130stihdam\u0131n\u0131n Art\u0131r\u0131lmas\u0131 Hibe \u00c7a\u011fr\u0131s\u0131<\/a><\/td>\n<\/tr>\n<tr>\n<td><a href=\"https:\/\/tsiad.org.tr\/index.php\/projelerimiz\/uygulamasi-bitirilimis-kurslarimiz\/\"style=\"color:\n#120a8f\"> Uygulamas\u0131 Bitirilmi\u015f Kurslar\u0131m\u0131z<\/a> <\/td>\n<\/tr>\n<\/tr>\n<\/table>\n","protected":false},"excerpt":{"rendered":"<p>Projelerimiz A\u00e7\u0131k Yollar Kay\u0131tl\u0131 \u0130stihdam Projesi-AYK\u0130P Kad\u0131n \u0130stihdam\u0131n\u0131n Art\u0131r\u0131lmas\u0131 Hibe \u00c7a\u011fr\u0131s\u0131 Uygulamas\u0131 Bitirilmi\u015f Kurslar\u0131m\u0131z<\/p>\n","protected":false},"author":1,"featured_media":0,"parent":0,"menu_order":0,"comment_status":"closed","ping_status":"closed","template":"","meta":{"footnotes":""},"class_list":["post-324","page","type-page","status-publish","hentry"],"_links":{"self":[{"href":"https:\/\/tsiad.org.tr\/index.php\/wp-json\/wp\/v2\/pages\/324","targetHints":{"allow":["GET"]}}],"collection":[{"href":"https:\/\/tsiad.org.tr\/index.php\/wp-json\/wp\/v2\/pages"}],"about":[{"href":"https:\/\/tsiad.org.tr\/index.php\/wp-json\/wp\/v2\/types\/page"}],"author":[{"embeddable":true,"href":"https:\/\/tsiad.org.tr\/index.php\/wp-json\/wp\/v2\/users\/1"}],"replies":[{"embeddable":true,"href":"https:\/\/tsiad.org.tr\/index.php\/wp-json\/wp\/v2\/comments?post=324"}],"version-history":[{"count":10,"href":"https:\/\/tsiad.org.tr\/index.php\/wp-json\/wp\/v2\/pages\/324\/revisions"}],"predecessor-version":[{"id":568,"href":"https:\/\/tsiad.org.tr\/index.php\/wp-json\/wp\/v2\/pages\/324\/revisions\/568"}],"wp:attachment":[{"href":"https:\/\/tsiad.org.tr\/index.php\/wp-json\/wp\/v2\/media?parent=324"}],"curies":[{"name":"wp","href":"https:\/\/api.w.org\/{rel}","templated":true}]}}