{"id":329,"date":"2025-01-01T13:10:57","date_gmt":"2025-01-01T13:10:57","guid":{"rendered":"https:\/\/tsiad.org.tr\/?page_id=329"},"modified":"2025-01-01T16:15:16","modified_gmt":"2025-01-01T16:15:16","slug":"kadin-istihdaminin-artirilmasi-hibe-cagrisi","status":"publish","type":"page","link":"https:\/\/tsiad.org.tr\/index.php\/projelerimiz\/kadin-istihdaminin-artirilmasi-hibe-cagrisi\/","title":{"rendered":"Kad\u0131n \u0130stihdam\u0131n\u0131n Art\u0131r\u0131lmas\u0131 Hibe \u00c7a\u011fr\u0131s\u0131"},"content":{"rendered":"\n<figure class=\"wp-block-table\"><table class=\"has-fixed-layout\"><tbody><tr><td colspan=\"3\">&nbsp;<strong>Ba\u015fvurusu Yap\u0131lan Projenin<\/strong><strong>&nbsp;Y\u00f6netici Bilgi Formu<\/strong><\/td><\/tr><tr><td rowspan=\"2\">&nbsp;E\u011fitim Kurumunun<\/td><td>\u0130li\/\u0130l\u00e7esi<\/td><td>TRABZON \/ Merkez<\/td><\/tr><tr><td>Ad\u0131<\/td><td>MESLEK\u0130 E\u011e\u0130T\u0130M MERKEZ\u0130 M\u00dcD\u00dcRL\u00dc\u011e\u00dc<\/td><\/tr><tr><td rowspan=\"6\">Projenin<\/td><td>Projenin Ad\u0131<\/td><td>BASINDA KADIN EL\u0130 (Masa \u00dcst\u00fc Yay\u0131nc\u0131l\u0131k)<\/td><\/tr><tr><td>Amac\u0131<\/td><td>E\u011fitimler yoluyla Kad\u0131n \u0130stihdam\u0131n\u0131 g\u00fc\u00e7lendirmek<\/td><\/tr><tr><td>B\u00fct\u00e7esi ve S\u00fcresi<\/td><td>12 Ay&#8212;&#8212;&#8211;440.000,00 Euro<\/td><\/tr><tr><td>Hedef Grubu<\/td><td>19-45 ya\u015f grubu \u0130\u015fsiz Kad\u0131nlar<\/td><\/tr><tr><td>Ortaklar\u0131\/ Payda\u015flar\u0131<\/td><td>Trabzon Mesleki E\u011fitim Merkezi M\u00fcd\u00fcrl\u00fc\u011f\u00fc&nbsp;Matbaac\u0131lar Odas\u0131(\u0130\u015ftirak\u00e7i)<\/td><\/tr><tr><td>Faaliyet Ba\u015fl\u0131klar\u0131<\/td><td>E\u011fitim ve Staj<\/td><\/tr><tr><td>Sorumlu Ki\u015finin<\/td><td>Ad\u0131 Soyad\u0131G\u00f6revi\/Bran\u015f\u0131Telefonue-posta<\/td><td>Hamit SARITA\u015eM\u00fcd\u00fcr Yrd.&#8212;-Elektrik-Elektronik04623253758-05326956167hsaritas61@hotmail.com<\/td><\/tr><tr><td>Projenin Haz\u0131rl\u0131k S\u00fcrecinde G\u00f6rev Yapanlar(Birden fazla olabilir)<\/td><td>Ad\u0131 Soyad\u0131G\u00f6revi\/Bran\u015f\u0131Telefonue-posta<\/td><td>Dilek Volkan, MKV Uluslar aras\u0131 Dan\u0131smanl\u0131k E\u011fitim ve Ticaret Ltd.\u015eti. Genel M\u00fcd\u00fcr\u00fc, ODT\u00dc \u0130\u015fletme 1980 mezunu, Tel. +90 5358125048,\u00a0<a href=\"mailto:d\u0131lek.volkan@mkv-consult\u0131ng.com\">d\u0131lek.volkan@mkv-consult\u0131ng.com<\/a> Recep Ergen\u00e7, TSIAD Genel Sekreteri, \u00d6\u011fretmen, Tel +905422700505,\u00a0<a href=\"mailto:rergenc@ts\u0131ad.org.tr\">rergenc@ts\u0131ad.org.tr<\/a><\/td><\/tr><\/tbody><\/table><\/figure>\n","protected":false},"excerpt":{"rendered":"<p>&nbsp;Ba\u015fvurusu Yap\u0131lan Projenin&nbsp;Y\u00f6netici Bilgi Formu &nbsp;E\u011fitim Kurumunun \u0130li\/\u0130l\u00e7esi TRABZON \/ Merkez Ad\u0131 MESLEK\u0130 E\u011e\u0130T\u0130M MERKEZ\u0130 M\u00dcD\u00dcRL\u00dc\u011e\u00dc Projenin Projenin Ad\u0131 BASINDA KADIN EL\u0130 (Masa \u00dcst\u00fc Yay\u0131nc\u0131l\u0131k) Amac\u0131 E\u011fitimler yoluyla Kad\u0131n \u0130stihdam\u0131n\u0131 g\u00fc\u00e7lendirmek B\u00fct\u00e7esi ve S\u00fcresi 12 Ay&#8212;&#8212;&#8211;440.000,00 Euro Hedef Grubu 19-45 ya\u015f grubu \u0130\u015fsiz Kad\u0131nlar Ortaklar\u0131\/ Payda\u015flar\u0131 Trabzon Mesleki E\u011fitim Merkezi M\u00fcd\u00fcrl\u00fc\u011f\u00fc&nbsp;Matbaac\u0131lar Odas\u0131(\u0130\u015ftirak\u00e7i) Faaliyet Ba\u015fl\u0131klar\u0131 E\u011fitim [&hellip;]<\/p>\n","protected":false},"author":1,"featured_media":0,"parent":324,"menu_order":0,"comment_status":"closed","ping_status":"closed","template":"","meta":{"footnotes":""},"class_list":["post-329","page","type-page","status-publish","hentry"],"_links":{"self":[{"href":"https:\/\/tsiad.org.tr\/index.php\/wp-json\/wp\/v2\/pages\/329","targetHints":{"allow":["GET"]}}],"collection":[{"href":"https:\/\/tsiad.org.tr\/index.php\/wp-json\/wp\/v2\/pages"}],"about":[{"href":"https:\/\/tsiad.org.tr\/index.php\/wp-json\/wp\/v2\/types\/page"}],"author":[{"embeddable":true,"href":"https:\/\/tsiad.org.tr\/index.php\/wp-json\/wp\/v2\/users\/1"}],"replies":[{"embeddable":true,"href":"https:\/\/tsiad.org.tr\/index.php\/wp-json\/wp\/v2\/comments?post=329"}],"version-history":[{"count":3,"href":"https:\/\/tsiad.org.tr\/index.php\/wp-json\/wp\/v2\/pages\/329\/revisions"}],"predecessor-version":[{"id":372,"href":"https:\/\/tsiad.org.tr\/index.php\/wp-json\/wp\/v2\/pages\/329\/revisions\/372"}],"up":[{"embeddable":true,"href":"https:\/\/tsiad.org.tr\/index.php\/wp-json\/wp\/v2\/pages\/324"}],"wp:attachment":[{"href":"https:\/\/tsiad.org.tr\/index.php\/wp-json\/wp\/v2\/media?parent=329"}],"curies":[{"name":"wp","href":"https:\/\/api.w.org\/{rel}","templated":true}]}}