{"id":333,"date":"2025-01-01T13:14:14","date_gmt":"2025-01-01T13:14:14","guid":{"rendered":"https:\/\/tsiad.org.tr\/?page_id=333"},"modified":"2025-01-01T15:50:51","modified_gmt":"2025-01-01T15:50:51","slug":"uygulamasi-bitirilimis-kurslarimiz","status":"publish","type":"page","link":"https:\/\/tsiad.org.tr\/index.php\/projelerimiz\/uygulamasi-bitirilimis-kurslarimiz\/","title":{"rendered":"Uygulamas\u0131 Bitirilmi\u015f Kurslar\u0131m\u0131z"},"content":{"rendered":"\n<p><strong>TS\u0130AD \u0130\u015eS\u0130ZL\u0130KLE AKT\u0130F M\u00dcCADELE \u0130\u015e GEL\u0130\u015eT\u0130RME PROGRAMI<\/strong><\/p>\n\n\n\n<p><strong>1- Projenin Ad\u0131:\u00a0<\/strong>Sat\u0131\u015f ve Pazarlama Meslek Eleman\u0131 Yeti\u015ftirme Kursu (2002)                                        <strong>Finansman<\/strong>: \u0130\u015eKUR\/ \u00d6SDP&#8211;1                                                                                                                         <strong>Destekleyen Kurulu\u015flar<\/strong>: Trabzon Mesleki E\u011fitim Merkezi, Trabzon Bakkallar Odas\u0131                                                                <strong>Kat\u0131l\u0131mc\u0131 Say\u0131s\u0131<\/strong>:75 ki\u015fi                                                                                                                                                <strong>E\u011fitim S\u00fcresi:<\/strong> 75 i\u015f g\u00fcn\u00fc -\u0130stihdam garantili<\/p>\n\n\n\n<p><strong>2-\u00a0Projenin\u00a0Ad\u0131:\u00a0<\/strong>Sigortac\u0131l\u0131k Meslek Eleman\u0131 Yeti\u015ftirme Kursu(2003)                                                               <strong>Finansman:<\/strong> \u0130\u015eKUR\/ \u00d6SDP -1                                                                                                                                      <strong>Proje Ortaklar\u0131: <\/strong>T\u00fcm Sigorta \u0130stihsalcileri Derne\u011fi (TUS\u0130D)                                                                                        Trabzon Mesleki E\u011fitim merkezi.                                                                                                                             <strong>Kat\u0131l\u0131mc\u0131 Say\u0131s\u0131:<\/strong>30 ki\u015fi                                                                                                                                                  <strong>E\u011fitim S\u00fcresi:<\/strong> 112 g\u00fcn \u2013\u0130stihdam garantili<\/p>\n\n\n\n<p><strong>3-\u00a0Projenin\u00a0Ad\u0131:\u00a0<\/strong>Sayac\u0131l\u0131k Meslek Eleman\u0131 Yeti\u015ftirme Kursu( 01\/07\/2005- 24\/04\/2006)                                               <strong>\u00c7a\u011fr\u0131y\u0131 yapan kurum:<\/strong> Avrupa Birli\u011fi Aktif \u0130\u015f G\u00fcc\u00fc 1. \u00c7a\u011fr\u0131                                                                               <strong>Finansman:<\/strong> (272.819\u20ac) e\u015f finansman %90 AB, %10 TS\u0130AD                                                                                           <strong>Proje Orta\u011f\u0131:<\/strong> Arsin Organize Sanayi B\u00f6lgesi Y\u00f6netim Kurulu                                                                                           <strong>Destekleyen Kurulu\u015flar:<\/strong> Kuzey Ayakkab\u0131c\u0131l\u0131k A\u015e &#8211; Trabzon Mesleki E\u011fitim merkezi                                                                                     <strong>Kat\u0131l\u0131mc\u0131 Say\u0131s\u0131:<\/strong> 50 ki\u015fi                                                                                                                                        <strong>E\u011fitim S\u00fcresi:<\/strong> 11 ay (255 i\u015fg\u00fcn\u00fc)<\/p>\n\n\n\n<p><strong>4-<\/strong>\u00a0<strong>Projenin\u00a0Ad\u0131:\u00a0<\/strong>Tak\u0131 Tasar\u0131m\u0131 ve Has\u0131r \u00d6r\u00fcc\u00fcl\u00fc\u011f\u00fc Meslek Edindirme Kursu(2005)                                        <strong>Finansman:<\/strong> \u0130\u015eKUR\/\u00d6SDP -1                                                                                                                                      <strong>Kat\u0131l\u0131mc\u0131 Say\u0131s\u0131:<\/strong> 15 Bayan                                                                                                                               <strong>Destekleyen Kurum ve Kurulu\u015flar:<\/strong> Trabzon Mesleki E\u011fitim merkezi, KARGOLD                                                   <strong>E\u011fitim S\u00fcresi:<\/strong> 4 Ay (\u0130stihdam garantili)<\/p>\n\n\n\n<p><strong>5-<\/strong>\u00a0<strong>Projenin Ad\u0131:\u00a0<\/strong>Plastik \u0130\u015flemecili\u011fi Meslek Eleman\u0131 Kursu(2005)                                                                     <strong>Finansman:<\/strong> \u0130\u015eKUR\/ \u00d6SDP -1                                                                                                                             <strong>Destekleyen Kurum ve Kurulu\u015flar<\/strong>: Trabzon Mesleki E\u011fitim merkezi, ANDPLAST, F\u0130LPEN,PERVAN PLAST                                                                                                                                                       <strong>Kat\u0131l\u0131mc\u0131 Say\u0131s\u0131: <\/strong>20 ki\u015fi                                                                                                                                         <strong>E\u011fitim S\u00fcresi:<\/strong>\u00a04 Ay (\u0130stihdam garantili)<\/p>\n\n\n\n<p><strong>-Her y\u0131l aral\u0131k ay\u0131nda \u201cGiri\u015fimcilik Haftas\u0131\u201d etkinlikleri. Gen\u00e7lerimizin Giri\u015fimcilik ruhunun geli\u015fmesi amac\u0131yla 2006 y\u0131l\u0131nda 20 \u00f6\u011frenciye 4 ay s\u00fcren E\u011fitim ve diploma verdik.<\/strong><\/p>\n\n\n\n<p><strong>6-Projenin Ad\u0131:\u00a0<\/strong>Ayakkab\u0131c\u0131l\u0131k Montaj Eleman\u0131 Yeti\u015ftirme Kursu(30\/04\/2007- 21\/08\/2007)                             <strong>Finansman<\/strong>: i\u015fkur7 \u00d6SDP -2                                                                                                                                 <strong>Kat\u0131l\u0131mc\u0131 Say\u0131s\u0131:<\/strong> 20 ki\u015fi-                                                                                                                                                   <strong>E\u011fitim S\u00fcresi: <\/strong>\u00a04 ay- istihdam garantili                                                                                                          <strong>Destekleyen Kurulu\u015flar : <\/strong>Trabzon Mesleki E\u011fitim merkezi , Kuzey Ayakkab\u0131c\u0131l\u0131k A.\u015e<\/p>\n\n\n\n<p><strong>7-Projenin Ad\u0131:\u00a0<\/strong>Do\u011falgaz Tesisat\u00e7\u0131l\u0131\u011f\u0131 Meslek Eleman\u0131 Yeti\u015ftirme Kursu(2007)                                              <strong>Finansman: <\/strong>\u00a0\u0130\u015eKUR\/ Trabzon \u2013(Kurum Kayna\u011f\u0131)                                                                                                 <strong>Destekleyen Kurulu\u015flar: <\/strong>Trabzon Mesleki E\u011fitim merkezi                                                                                    <strong>Kat\u0131l\u0131mc\u0131 Say\u0131s\u0131:<\/strong> 20 ki\u015fi\u00a0(Kendi \u0130\u015fini Kuracaklara Y\u00f6nelik)                                                                                           <strong>E\u011fitim S\u00fcresi:<\/strong> \u00a04 ay-.<\/p>\n\n\n\n<p><strong>8-Projenin\u00a0\u00a0Ad\u0131:\u00a0<\/strong>Makineci Re\u015fmeci Overlok\u00e7u \u00a0\u00a0Meslek Eleman\u0131 Yeti\u015ftirme Kursu(20\/07\/2007- 14\/11\/2007)                               <strong>Finansman:<\/strong>\u00a0\u0130\u015eKUR\/ \u00d6SDP -2                                                                                                                        <strong>Destekleyen Kurum ve Kurulu\u015flar:<\/strong> Trabzon Mesleki E\u011fitim merkezi &#8211; Ulusoy Tekstil                                         <strong>Kat\u0131l\u0131mc\u0131 Say\u0131s\u0131:<\/strong> 30 Bayan                                                                                                                                     <strong>E\u011fitim S\u00fcresi:<\/strong> 4 Ay (\u0130stihdam garantili)<\/p>\n\n\n\n<p><strong>9-Projenin Ad\u0131: <\/strong>Perde ve mefru\u015fat eleman\u0131 yeti\u015ftirtme kursu(23\/06\/2008-23\/10\/2008)                              <strong>Destekleyen kurum:<\/strong> \u0130\u015eKUR \/\u00d6SDP-2                                                                                                                                        <strong>Kat\u0131l\u0131mc\u0131 say\u0131s\u0131:<\/strong> 19 (3 erkek,16 bayan)                                                                                                                         <strong>E\u011fitim s\u00fcresi:<\/strong> 4 ay (istihdam garantili<\/p>\n\n\n\n<p><strong>10- Projenin Ad\u0131:<\/strong> Y\u00f6netici Asistanl\u0131\u011f\u0131 kursu: (2001 y\u0131l\u0131\u00a0 \u00d6zkaynak TS\u0130AD)<br><strong>Kat\u0131l\u0131mc\u0131 say\u0131s\u0131:<\/strong> 20 ki\u015fi<br><strong>E\u011fitim s\u00fcresi<\/strong>: 4 Ay<br>\u00a0\u00a0\u00a0<\/p>\n","protected":false},"excerpt":{"rendered":"<p>TS\u0130AD \u0130\u015eS\u0130ZL\u0130KLE AKT\u0130F M\u00dcCADELE \u0130\u015e GEL\u0130\u015eT\u0130RME PROGRAMI 1- Projenin Ad\u0131:\u00a0Sat\u0131\u015f ve Pazarlama Meslek Eleman\u0131 Yeti\u015ftirme Kursu (2002) Finansman: \u0130\u015eKUR\/ \u00d6SDP&#8211;1 Destekleyen Kurulu\u015flar: Trabzon Mesleki E\u011fitim Merkezi, Trabzon Bakkallar Odas\u0131 Kat\u0131l\u0131mc\u0131 Say\u0131s\u0131:75 ki\u015fi E\u011fitim S\u00fcresi: 75 i\u015f g\u00fcn\u00fc -\u0130stihdam garantili 2-\u00a0Projenin\u00a0Ad\u0131:\u00a0Sigortac\u0131l\u0131k Meslek Eleman\u0131 Yeti\u015ftirme Kursu(2003) Finansman: \u0130\u015eKUR\/ \u00d6SDP -1 Proje Ortaklar\u0131: T\u00fcm Sigorta \u0130stihsalcileri Derne\u011fi (TUS\u0130D) [&hellip;]<\/p>\n","protected":false},"author":1,"featured_media":0,"parent":324,"menu_order":0,"comment_status":"closed","ping_status":"closed","template":"","meta":{"footnotes":""},"class_list":["post-333","page","type-page","status-publish","hentry"],"_links":{"self":[{"href":"https:\/\/tsiad.org.tr\/index.php\/wp-json\/wp\/v2\/pages\/333","targetHints":{"allow":["GET"]}}],"collection":[{"href":"https:\/\/tsiad.org.tr\/index.php\/wp-json\/wp\/v2\/pages"}],"about":[{"href":"https:\/\/tsiad.org.tr\/index.php\/wp-json\/wp\/v2\/types\/page"}],"author":[{"embeddable":true,"href":"https:\/\/tsiad.org.tr\/index.php\/wp-json\/wp\/v2\/users\/1"}],"replies":[{"embeddable":true,"href":"https:\/\/tsiad.org.tr\/index.php\/wp-json\/wp\/v2\/comments?post=333"}],"version-history":[{"count":8,"href":"https:\/\/tsiad.org.tr\/index.php\/wp-json\/wp\/v2\/pages\/333\/revisions"}],"predecessor-version":[{"id":370,"href":"https:\/\/tsiad.org.tr\/index.php\/wp-json\/wp\/v2\/pages\/333\/revisions\/370"}],"up":[{"embeddable":true,"href":"https:\/\/tsiad.org.tr\/index.php\/wp-json\/wp\/v2\/pages\/324"}],"wp:attachment":[{"href":"https:\/\/tsiad.org.tr\/index.php\/wp-json\/wp\/v2\/media?parent=333"}],"curies":[{"name":"wp","href":"https:\/\/api.w.org\/{rel}","templated":true}]}}