{"id":373,"date":"2025-01-02T11:53:42","date_gmt":"2025-01-02T11:53:42","guid":{"rendered":"https:\/\/tsiad.org.tr\/?page_id=373"},"modified":"2025-01-07T07:22:07","modified_gmt":"2025-01-07T07:22:07","slug":"yayinlarimiz","status":"publish","type":"page","link":"https:\/\/tsiad.org.tr\/index.php\/yayinlarimiz\/","title":{"rendered":"Yay\u0131nlar\u0131m\u0131z"},"content":{"rendered":"<table>\n<tbody>\n<tr>\n<th>Yay\u0131nlar\u0131m\u0131z<\/th>\n<\/tr>\n<tr>\n<td><a href=\"https:\/\/tsiad.org.tr\/wp-content\/uploads\/2025\/01\/trabzon-calistayi.pdf\" target=\"_blank\" rel=\"noopener\">&#8220;\u0130ller Geleceklerini \u015eekillendiriyor&#8221; Trabzon sonu\u00e7 raporu<\/a><\/td>\n<\/tr>\n<tr>\n<td><a href=\"https:\/\/tsiad.org.tr\/wp-content\/uploads\/2025\/01\/tsiad-iya.docx\" target=\"_blank\" rel=\"noopener\">\u0130YA 2017 Sonu\u00e7 Raporu<\/a><\/td>\n<\/tr>\n<tr>\n<td><a href=\"https:\/\/tsiad.org.tr\/wp-content\/uploads\/2025\/01\/uyememnuniyet.ppt\" target=\"_blank\" rel=\"noopener\">\u00dcye Memnuniyet Raporu<\/a><\/td>\n<\/tr>\n<tr>\n<td><a href=\"https:\/\/tsiad.org.tr\/wp-content\/uploads\/2025\/01\/GAZETE.pdf\" target=\"_blank\" rel=\"noopener\">Garanti Anadolu Sohbet<\/a><\/td>\n<\/tr>\n<\/tbody>\n<\/table>\n<p>&nbsp;<\/p>\n","protected":false},"excerpt":{"rendered":"<p>Yay\u0131nlar\u0131m\u0131z &#8220;\u0130ller Geleceklerini \u015eekillendiriyor&#8221; Trabzon sonu\u00e7 raporu \u0130YA 2017 Sonu\u00e7 Raporu \u00dcye Memnuniyet Raporu Garanti Anadolu Sohbet &nbsp;<\/p>\n","protected":false},"author":1,"featured_media":0,"parent":0,"menu_order":0,"comment_status":"closed","ping_status":"closed","template":"","meta":{"footnotes":""},"class_list":["post-373","page","type-page","status-publish","hentry"],"_links":{"self":[{"href":"https:\/\/tsiad.org.tr\/index.php\/wp-json\/wp\/v2\/pages\/373","targetHints":{"allow":["GET"]}}],"collection":[{"href":"https:\/\/tsiad.org.tr\/index.php\/wp-json\/wp\/v2\/pages"}],"about":[{"href":"https:\/\/tsiad.org.tr\/index.php\/wp-json\/wp\/v2\/types\/page"}],"author":[{"embeddable":true,"href":"https:\/\/tsiad.org.tr\/index.php\/wp-json\/wp\/v2\/users\/1"}],"replies":[{"embeddable":true,"href":"https:\/\/tsiad.org.tr\/index.php\/wp-json\/wp\/v2\/comments?post=373"}],"version-history":[{"count":12,"href":"https:\/\/tsiad.org.tr\/index.php\/wp-json\/wp\/v2\/pages\/373\/revisions"}],"predecessor-version":[{"id":494,"href":"https:\/\/tsiad.org.tr\/index.php\/wp-json\/wp\/v2\/pages\/373\/revisions\/494"}],"wp:attachment":[{"href":"https:\/\/tsiad.org.tr\/index.php\/wp-json\/wp\/v2\/media?parent=373"}],"curies":[{"name":"wp","href":"https:\/\/api.w.org\/{rel}","templated":true}]}}