{"id":414,"date":"2025-01-06T19:14:34","date_gmt":"2025-01-06T19:14:34","guid":{"rendered":"https:\/\/tsiad.org.tr\/?page_id=414"},"modified":"2025-01-09T06:26:03","modified_gmt":"2025-01-09T06:26:03","slug":"iletisim","status":"publish","type":"page","link":"https:\/\/tsiad.org.tr\/index.php\/iletisim\/","title":{"rendered":"\u0130leti\u015fim"},"content":{"rendered":"<table>\n<tr>\n<th>Adres<\/th>\n<th>Ka\u015f\u00fcst\u00fc Mah. Devlet Karayolu Cad. K\u00f6leo\u011flu \u0130\u015f Merkezi No:53 Kat:3 D:304 Ka\u015f\u00fcst\u00fc\/Yomra\/Trabzon<\/th>\n<\/tr>\n<tr>\n<th>Fax<\/th>\n<th>0 (462) 326 88 20<\/th>\n<\/tr>\n<tr>\n<th>GSM<\/th>\n<th>0546 223 66 22<\/th>\n<\/tr>\n<tr>\n<th>E-Mail<\/th>\n<th>tsiad@tsiad.org.tr<\/th>\n<\/tr>\n<\/table>\n","protected":false},"excerpt":{"rendered":"<p>Adres Ka\u015f\u00fcst\u00fc Mah. Devlet Karayolu Cad. K\u00f6leo\u011flu \u0130\u015f Merkezi No:53 Kat:3 D:304 Ka\u015f\u00fcst\u00fc\/Yomra\/Trabzon Fax 0 (462) 326 88 20 GSM 0546 223 66 22 E-Mail tsiad@tsiad.org.tr<\/p>\n","protected":false},"author":1,"featured_media":0,"parent":0,"menu_order":7,"comment_status":"closed","ping_status":"closed","template":"","meta":{"footnotes":""},"class_list":["post-414","page","type-page","status-publish","hentry"],"_links":{"self":[{"href":"https:\/\/tsiad.org.tr\/index.php\/wp-json\/wp\/v2\/pages\/414","targetHints":{"allow":["GET"]}}],"collection":[{"href":"https:\/\/tsiad.org.tr\/index.php\/wp-json\/wp\/v2\/pages"}],"about":[{"href":"https:\/\/tsiad.org.tr\/index.php\/wp-json\/wp\/v2\/types\/page"}],"author":[{"embeddable":true,"href":"https:\/\/tsiad.org.tr\/index.php\/wp-json\/wp\/v2\/users\/1"}],"replies":[{"embeddable":true,"href":"https:\/\/tsiad.org.tr\/index.php\/wp-json\/wp\/v2\/comments?post=414"}],"version-history":[{"count":19,"href":"https:\/\/tsiad.org.tr\/index.php\/wp-json\/wp\/v2\/pages\/414\/revisions"}],"predecessor-version":[{"id":837,"href":"https:\/\/tsiad.org.tr\/index.php\/wp-json\/wp\/v2\/pages\/414\/revisions\/837"}],"wp:attachment":[{"href":"https:\/\/tsiad.org.tr\/index.php\/wp-json\/wp\/v2\/media?parent=414"}],"curies":[{"name":"wp","href":"https:\/\/api.w.org\/{rel}","templated":true}]}}