{"id":454,"date":"2025-01-06T20:00:00","date_gmt":"2025-01-06T20:00:00","guid":{"rendered":"https:\/\/tsiad.org.tr\/?page_id=454"},"modified":"2025-01-07T07:41:40","modified_gmt":"2025-01-07T07:41:40","slug":"basari-hikayeleri","status":"publish","type":"page","link":"https:\/\/tsiad.org.tr\/index.php\/basari-hikayeleri\/","title":{"rendered":"Ba\u015far\u0131 Hikayeleri"},"content":{"rendered":"<table>\n<tr>\n<th>Ba\u015far\u0131 Hikayeleri<\/th>\n<\/tr>\n<tr>\n<td><a href=\"https:\/\/tsiad.org.tr\/index.php\/nusret-onur\/\">Nusret ONUR &#8211; Onurlar Koll. \u015eti.<\/a><\/td>\n<\/tr>\n<tr>\n<td><a href=\"https:\/\/tsiad.org.tr\/index.php\/basari-hikayeleri\/tacettin-mutlu\/\">Tacettin MUTLU &#8211; Kuzey Ayakkab\u0131c\u0131l\u0131k<\/a><\/td>\n<\/tr>\n<tr>\n<td><a href=\"https:\/\/tsiad.org.tr\/index.php\/ahmet-alemdaroglu\/\">T\u0130SA\u015e &#8211; Ahmet Alemdaro\u011flu<\/a><\/td>\n<\/tr>\n<tr>\n<td><a href=\"https:\/\/tsiad.org.tr\/index.php\/oyman-makine\/\">Oyman Makine Ltd. \u015eti.<\/a><\/td>\n<\/tr>\n<tr>\n<td><a href=\"https:\/\/tsiad.org.tr\/index.php\/erol-tuna\/\">Erol TUNA<\/a><\/td>\n<\/tr>\n<tr>\n<td><a href=\"https:\/\/tsiad.org.tr\/index.php\/hasan-bektas\/\">Hasan Bekta\u015f \u00dc\u00e7y\u0131ld\u0131z Turizm<\/a><\/td>\n<\/tr>\n<tr>\n<td><a href=\"https:\/\/tsiad.org.tr\/index.php\/basturk-kardesler\/\">Ba\u015ft\u00fcrk Karde\u015fler<\/a><\/td>\n<\/tr>\n<tr>\n<td><a href=\"https:\/\/tsiad.org.tr\/index.php\/celal-hekimoglu\/\">Celal HEK\u0130MO\u011eLU<\/a><\/td>\n<\/tr>\n<tr>\n<td><a href=\"https:\/\/tsiad.org.tr\/index.php\/zeyyat-kafkas\/\">Zeyyat KAFKAS<\/a><\/td>\n<\/tr>\n<\/table>\n","protected":false},"excerpt":{"rendered":"<p>Ba\u015far\u0131 Hikayeleri Nusret ONUR &#8211; Onurlar Koll. \u015eti. Tacettin MUTLU &#8211; Kuzey Ayakkab\u0131c\u0131l\u0131k T\u0130SA\u015e &#8211; Ahmet Alemdaro\u011flu Oyman Makine Ltd. \u015eti. Erol TUNA Hasan Bekta\u015f \u00dc\u00e7y\u0131ld\u0131z Turizm Ba\u015ft\u00fcrk Karde\u015fler Celal HEK\u0130MO\u011eLU Zeyyat KAFKAS<\/p>\n","protected":false},"author":1,"featured_media":0,"parent":0,"menu_order":5,"comment_status":"closed","ping_status":"closed","template":"","meta":{"footnotes":""},"class_list":["post-454","page","type-page","status-publish","hentry"],"_links":{"self":[{"href":"https:\/\/tsiad.org.tr\/index.php\/wp-json\/wp\/v2\/pages\/454","targetHints":{"allow":["GET"]}}],"collection":[{"href":"https:\/\/tsiad.org.tr\/index.php\/wp-json\/wp\/v2\/pages"}],"about":[{"href":"https:\/\/tsiad.org.tr\/index.php\/wp-json\/wp\/v2\/types\/page"}],"author":[{"embeddable":true,"href":"https:\/\/tsiad.org.tr\/index.php\/wp-json\/wp\/v2\/users\/1"}],"replies":[{"embeddable":true,"href":"https:\/\/tsiad.org.tr\/index.php\/wp-json\/wp\/v2\/comments?post=454"}],"version-history":[{"count":15,"href":"https:\/\/tsiad.org.tr\/index.php\/wp-json\/wp\/v2\/pages\/454\/revisions"}],"predecessor-version":[{"id":529,"href":"https:\/\/tsiad.org.tr\/index.php\/wp-json\/wp\/v2\/pages\/454\/revisions\/529"}],"wp:attachment":[{"href":"https:\/\/tsiad.org.tr\/index.php\/wp-json\/wp\/v2\/media?parent=454"}],"curies":[{"name":"wp","href":"https:\/\/api.w.org\/{rel}","templated":true}]}}