{"id":503,"date":"2025-01-07T07:29:35","date_gmt":"2025-01-07T07:29:35","guid":{"rendered":"https:\/\/tsiad.org.tr\/?page_id=503"},"modified":"2025-01-07T07:51:22","modified_gmt":"2025-01-07T07:51:22","slug":"ahmet-alemdaroglu","status":"publish","type":"page","link":"https:\/\/tsiad.org.tr\/index.php\/basari-hikayeleri\/ahmet-alemdaroglu\/","title":{"rendered":"Ahmet Alemdaro\u011flu"},"content":{"rendered":"<div class=\"wp-block-image\">\n<figure class=\"aligncenter size-full is-resized\"><img fetchpriority=\"high\" decoding=\"async\" width=\"340\" height=\"509\" src=\"https:\/\/tsiad.org.tr\/wp-content\/uploads\/2025\/01\/ahmetalemdaroglu.jpg\" alt=\"\" class=\"wp-image-535\" style=\"width:331px;height:auto\" srcset=\"https:\/\/tsiad.org.tr\/wp-content\/uploads\/2025\/01\/ahmetalemdaroglu.jpg 340w, https:\/\/tsiad.org.tr\/wp-content\/uploads\/2025\/01\/ahmetalemdaroglu-200x300.jpg 200w\" sizes=\"(max-width: 340px) 100vw, 340px\" \/><\/figure>\n<\/div>\n\n\n<p>Trabzon\u2019da be\u015f ortakl\u0131 bir olu\u015fumla kurulan Trabzon Silah Sanayi A.\u015e (T\u0130SA\u015e) k\u00fc\u00e7\u00fck bir kooperatifken bug\u00fcn \u00fcretiminin y\u00fczde 70\u2019ini ihra\u00e7 eder bir hale geldi&nbsp;&nbsp;<\/p>\n\n\n\n<p>Trabzon Silah Sanayi A.\u015e (T\u0130SA\u015e) Y\u00f6netim Kurulu \u00fcyesi Ahmet Alemdaro\u011flu; Trabzon\u2019da e\u015fine az rastlan\u0131r bir ortakl\u0131k giri\u015fimi olarak be\u015f arkada\u015f olarak kurduklar\u0131 ve halen faaliyetlerine devam etmekte olan Trabzon Silah Sanayi A.\u015e\u2019nin (T\u0130SA\u015e) kurulu\u015f \u00f6yk\u00fcs\u00fcn\u00fc ve bug\u00fcnlere nas\u0131l gelindi\u011fini anlatt\u0131. Alemdaro\u011flu, k\u00fc\u00e7\u00fck bir kooperatif kurulu\u015fundan, cesurca yap\u0131lan bir yat\u0131r\u0131ma, kriz d\u00f6nemine rastlayan bu yat\u0131r\u0131m\u0131n sonlanmas\u0131na ve bug\u00fcnlere gelinceye dek ya\u015fanan s\u00fcre\u00e7te hi\u00e7bir zaman pes etmediklerini anlatt\u0131. KOSGEB deste\u011fiyle al\u0131nan makineleri kurduklar\u0131 k\u00fc\u00e7\u00fck at\u00f6lyedeki arkada\u015f sohbetlerinden bug\u00fcn d\u00fcnyan\u0131n yirmi \u00fclkesine ihracat yapan bir \u015firket haline geli\u015flerinin bir tesad\u00fcf olmad\u0131\u011f\u0131n\u0131 ifade ederek, her zaman yenilik\u00e7i olma anlay\u0131\u015f\u0131 ile hareket etmelerinin kendilerine \u00e7ok b\u00fcy\u00fck avantajlar sa\u011flad\u0131\u011f\u0131n\u0131 dile getirdi.<\/p>\n\n\n\n<p><strong>T\u0130SA\u015e\u2019\u0131n kurulu\u015f \u00f6yk\u00fcs\u00fc nas\u0131l ba\u015flad\u0131,<\/strong><\/p>\n\n\n\n<p>D\u00f6nemin Cumhurba\u015fkan\u0131 merhum Turgut \u00d6zal\u2019\u0131n Ba\u015fbakanl\u0131\u011f\u0131 d\u00f6neminde b\u00f6lgesel kalk\u0131nmayla ilgili haz\u0131rlanan te\u015fviklerde Do\u011fu Karadeniz B\u00f6lgesine bir silah fabrikas\u0131n\u0131n kurulmas\u0131 d\u00fc\u015f\u00fcn\u00fclm\u00fc\u015ft\u00fc. Fakat herkes bu fabrikan\u0131n kendi ilinde kurulmas\u0131n\u0131 isteyince b\u00f6lgedeki 5 \u0130l\u2019e de hafif silah \u00fcreten fabrika kurulmas\u0131 kararla\u015ft\u0131r\u0131ld\u0131. Bu fabrikalara MKE Kurumunda en fazla sat\u0131lan tabancalar kurumca projelendirilerek verilecekti. 1988 y\u0131l\u0131nda kanun h\u00fckm\u00fcnde bir kararname yay\u0131nland\u0131 ve Sanayi Bakanl\u0131\u011f\u0131 \u00f6nderli\u011finde MKEK&#8217;nin proje ve sat\u0131\u015f koordinat\u00f6rl\u00fc\u011f\u00fcnde KOSGEB\u2019in mali ve teknik bilgi deste\u011finde \u00f6zel m\u00fcte\u015febbisler taraf\u0131ndan fabrika kurulup imalat ger\u00e7ekle\u015fecekti. B\u00f6lgede KOSGEB taraf\u0131ndan \u00e7al\u0131\u015fmalar ba\u015flat\u0131larak konuya ilgisi olan m\u00fcte\u015febbis insanlara End\u00fcstri meslek liselerinde Teknik resim okuma ve anlama kurslar\u0131 a\u00e7\u0131ld\u0131, bilgilendirme toplant\u0131lar\u0131 ve gezileri d\u00fczenlenerek birle\u015ferek kooperatif veya \u015firket kurmalar\u0131 istendi. Bizde ise ilk k\u0131v\u0131lc\u0131m \u015f\u00f6yle geli\u015fti; KOSGEB\u2019in d\u00fczenledi\u011fi bilgilendirme gezisi ile Konya \u00dcz\u00fcml\u00fc&#8217; de av t\u00fcfe\u011fi \u00fcreten kooperatifi gezdik, kooperatif ve imalatlar\u0131 ile ilgili bilgiler ald\u0131ktan sonra gezi d\u00f6n\u00fc\u015fte biz de bir kooperatif kurarak KOSGEB&#8217;e ba\u015fvuruda bulunduk. Bizimle beraber Trabzon&#8217;dan ba\u015fvuru say\u0131s\u0131 4 kooperatif olmu\u015ftu. Bir de Abdullah ve Mustafa Erdem karde\u015fler firma olarak m\u00fcracaat etmi\u015flerdi.<\/p>\n\n\n\n<p><strong>KURA \u00c7EK\u0130M\u0130NDE YA\u015eANAN HEYECAN<\/strong><\/p>\n\n\n\n<p>D\u00f6nemin Sanayi Bakan\u0131 Tahir K\u00f6se\u2019nin de kat\u0131l\u0131m\u0131yla Fatih Sanayi Sitesi hizmet binas\u0131 toplant\u0131 salonunda 5 ilden m\u00fcracaat eden b\u00fct\u00fcn silah\u00e7\u0131larla bir toplant\u0131 d\u00fczenlendi. Toplant\u0131da imal edilecek silah modelleri i\u00e7in kuralar \u00e7ekildi. Kurada her \u0130l Browling (halk dilinde 14\u2019l\u00fc diye tabir edilen) tabancay\u0131 \u00fcretmek istiyordu. Kurada Browling bize \u00e7\u0131kt\u0131, bizden ba\u015fka kimse hayat\u0131ndan memnun de\u011fildi. Aksine bizim de yapma diye \u00e7ok b\u00fcy\u00fck bir hevesimiz yoktu. Toplant\u0131lar devam ediyor ama biz \u00e7ok fazla ilgilenmiyorduk. Giresun\u2019da genel kat\u0131l\u0131ml\u0131 bir toplant\u0131 daha yap\u0131ld\u0131. Trabzonlu kat\u0131l\u0131mc\u0131lar olarak bizi temsilen Mustafa Erdem bey o toplant\u0131ya kat\u0131ld\u0131. Rizeli siyaset\u00e7ilerin kuraya m\u00fcdahale etmesiyle imal edece\u011fimiz Browling (9x19mm) tabanca Rize&#8217;ye, onlar\u0131n \u00fcretece\u011fi F81 Baretta (7,65mm) marka tabanc\u0131 ise Trabzon&#8217;a verildi. Trabzon\u2019daki proje i\u015ftirak\u00e7ilerinin ilgisizli\u011finden model de\u011fi\u015fimine kar\u015f\u0131 \u00e7\u0131k\u0131lmad\u0131. O s\u00fcre\u00e7te Trabzon&#8217;da T\u0130SA\u015e hen\u00fcz yoktu. 4\u2019\u00fc kooperatif 5 kat\u0131l\u0131mc\u0131 vard\u0131. O s\u0131ralarda MKEK proje koordinat\u00f6r\u00fc olarak bir toplant\u0131 d\u00fczenledi. Bizler illerde tek bir kurulu\u015f ile muhatap olmak istiyorduk ve bize, \u2018her il kat\u0131l\u0131mc\u0131lar\u0131 aralar\u0131nda anla\u015farak bir \u00fcst \u015firket veya kooperatif kursunlar\u2019 denildi.<\/p>\n\n\n\n<p><strong>\u0130\u015fin bir de maddi taraf\u0131 varken, bunu nas\u0131l \u00e7\u00f6z\u00fcmleme yoluna gittiniz?<\/strong><\/p>\n\n\n\n<p>Proje y\u00f6n\u00fc bu \u015fekilde \u015fekillenmeye ba\u015flam\u0131\u015fken maddi destek konusunda da farkl\u0131 geli\u015fmeler oldu. KOSGEB\u2019in her proje i\u00e7in ay\u0131rd\u0131\u011f\u0131 nakit maddi destek s\u00f6z\u00fc kooperatifler kurulup s\u00fcrecin sonuna yakla\u015f\u0131ld\u0131k\u00e7a makine ve ekipman deste\u011fi olarak de\u011fi\u015ftirilince kooperatifler da\u011f\u0131ld\u0131. Biz de kooperatifi feshedip bir \u015firket kural\u0131m dedik. \u00d6mer Hac\u0131o\u011flu, H.\u0130brahim Meng\u00fc\u00e7, Ekrem \u015e.Hekimo\u011flu, Mustafa Erdem ve ben kald\u0131k. Birlikte T\u0130SA\u015e Trabzon Silah Sanayi A.\u015e\u2019yi kurduk. Fakat kurdu\u011fumuz \u015firketi i\u015fletmek i\u00e7in sermayemiz yoktu. Sadece KOSGEB\u2019in silah\u00e7\u0131lara mahsus ortak kolayl\u0131k at\u00f6lyesi (ORTKA) ad\u0131 alt\u0131nda verecek oldu\u011fu on adet makine vard\u0131. Bu makineleri Kayseri Tak\u0131m Tezgahlar\u0131 Fabrikas\u0131\u2019ndan (TAKSAN) getirdik ve Fatih Sanayi Sitesi\u2019nde kiralad\u0131\u011f\u0131m\u0131z yere kurduk. Ayr\u0131ca KOSGEB Projesi olan illere MKEK&#8217;den emekli iki\u015fer dan\u0131\u015fman atad\u0131. Bu kapsamda bize de 2 dan\u0131\u015fman geldi. Makinelerin kuruldu\u011fu Fatih Sanayindeki yerimize arada bir gelip \u00e7ay i\u00e7ip sohbet ediyor tekrar kendi i\u015f yerlerimize d\u00f6n\u00fcyorduk. Asl\u0131nda kurucu ortaklar\u0131n hepsinin sanayi sitesinde ayr\u0131 ayr\u0131 kendi at\u00f6lyeleri vard\u0131 ve hi\u00e7 birimizin i\u015ften yana bir s\u0131k\u0131nt\u0131m\u0131z da yoktu.<\/p>\n\n\n\n<p><strong>Peki s\u00fcre\u00e7 nas\u0131l devam etti, bu s\u00fcre\u00e7te istedi\u011finiz deste\u011fi bulabildiniz mi?<\/strong><\/p>\n\n\n\n<p>1995 y\u0131ll\u0131nda T\u0130SA\u015e kurucu ortaklar\u0131 olarak 5 arkada\u015f Trabzon Valisi Alaaddin Y\u00fcksel&#8217;in yan\u0131na gittik. (Halen Antalya Valisi g\u00f6revini y\u00fcr\u00fct\u00fcyor) Alaaddin Bey bize; Trabzon\u2019da ilk kez be\u015f ortakl\u0131 bir \u015firketle kar\u015f\u0131la\u015ft\u0131\u011f\u0131n\u0131 ifade ederek \u201cTrabzon\u2019da bir et\u00fct yapt\u0131m, fert olarak herkes ba\u015far\u0131l\u0131 ancak hi\u00e7 kimse iflas etmemi\u015f gibi duruyor, herkes alan\u0131nda i\u015fini iyi yap\u0131p para kazan\u0131yor, ama bir bak\u0131yorum hi\u00e7 ortakl\u0131k yok gibi. Siz gelince de, i\u015fte ilk kez bir ortakl\u0131k \u00f6rne\u011fi diye d\u00fc\u015f\u00fcnd\u00fcm\u201d \u015feklinde duygular\u0131n\u0131 aktard\u0131. Vali Alaaddin bey bize; \u2018size maddi olarak hi\u00e7bir destek sa\u011flayamam\u2019 derken \u00e7ok mant\u0131kl\u0131 gerek\u00e7eler sunmu\u015ftu. Zira Vali Alaaddin Bey\u2019in \u015fu s\u00f6zleri bunlar\u0131 do\u011frular nitelikteydi, \u2018Para olarak size destek olmam\u0131z\u0131 istedi\u011finizde \u00d6zel \u0130dare i\u015fin i\u00e7inde olacak. Ben ona da kar\u015f\u0131y\u0131m, \u00e7\u00fcnk\u00fc yar\u0131n sizin kararlar\u0131n\u0131zda size \u00e7ok b\u00fcy\u00fck engel te\u015fkil edebilir. Sizin acilen karar alman\u0131z gereken konularda b\u00fcrokratik engeller kar\u015f\u0131n\u0131za \u00e7\u0131kabilir, biz devletiz, sizin yan\u0131n\u0131zda yava\u015f kalabiliriz. Siz be\u015f ki\u015fi oturur hemen karar alabilirsiniz.\u2019 Evet bu s\u00f6zler asl\u0131na bak\u0131l\u0131rsa \u00e7ok do\u011fruydu. Fakat b\u00fcrokrasi ile ilgili sorunlar\u0131m\u0131zda kendisini 24 saat boyunca her zaman arayabilece\u011fimizi, bu konularda her t\u00fcrl\u00fc yard\u0131m\u0131 yapmaya haz\u0131r oldu\u011funu s\u00f6yledi. Vali Bey&#8217;in bu s\u00f6zleri bize g\u00fcven verdi ve daha rahat \u00e7al\u0131\u015fma imkan\u0131 sa\u011flad\u0131. Hatta Vali Bey o d\u00f6nemde MKEK&#8217;nin Ankara ve \u0130stanbul&#8217;dan sonra 3. sat\u0131\u015f ma\u011fazas\u0131n\u0131 Trabzon&#8217;da a\u00e7mas\u0131 i\u00e7in giri\u015fimlerde bulundu. Fakat sat\u0131\u015f i\u00e7in istenen ba\u011f\u0131ms\u0131z ve g\u00fcvenlikli binan\u0131n \u015fehrimizde bulunamamas\u0131ndan sonra bu projeden vazge\u00e7tik. Organize Sanayi B\u00f6lgesindeki \u015fu an bulundu\u011fumuz yeri almam\u0131z Vali Bey&#8217;in te\u015fvik ve yard\u0131mlar\u0131 ile olmu\u015ftur. D\u00f6nemin Valisi Alaattin Y\u00fcksel bize bir telefon kadar yak\u0131nd\u0131 ve \u00f6zellikle moral motivasyon y\u00f6n\u00fcnden \u00e7ok b\u00fcy\u00fck desteklerini g\u00f6rd\u00fck diyebilirim.&nbsp;<\/p>\n\n\n\n<p><strong>KR\u0130ZLE B\u0130RL\u0130KTE STOP DED\u0130K<\/strong><\/p>\n\n\n\n<p>Sanayi Sitesinde kiralad\u0131\u011f\u0131m\u0131z i\u015fyerimizde sohbet i\u00e7in topland\u0131\u011f\u0131m\u0131z bir g\u00fcn silah \u00fcretim i\u015fini ger\u00e7ekten yap\u0131p yapamayaca\u011f\u0131m\u0131za&nbsp;karar vermek i\u00e7in K\u0131r\u0131kkale Silah Fabrikas\u0131\u2019na gidip gezmeyi kararla\u015ft\u0131rd\u0131k. K\u0131r\u0131kkale Silah Fabrikas\u0131\u2019na gidip bu iste\u011fimizi anlatt\u0131\u011f\u0131m\u0131zda bize, \u2018Siz hala vazge\u00e7mediniz mi\u2019 diye sordular. Kendilerine Trabzon\u2019un projeden vazge\u00e7ti\u011fi bilgisinin verildi\u011fini belirttiler. Biz de,&nbsp;\u201cBa\u015flamad\u0131k ama vazge\u00e7medik de\u201d yan\u0131t\u0131n\u0131 verdik. Silah Fabrikas\u0131\u2019n\u0131n o d\u00f6nemki Genel M\u00fcd\u00fcr muavini \u0130malat M\u00fcd\u00fcr\u00fc arkada\u015f bize fabrikay\u0131 gezdirdi. \u0130malat a\u015famalar\u0131n\u0131 g\u00f6rd\u00fc\u011f\u00fcm\u00fczde \u2018Biraz zor olmas\u0131na ra\u011fmen biz bu i\u015fi yapar\u0131z\u2019 diye karar verdik. \u0130ki-\u00fc\u00e7 g\u00fcn orada kald\u0131ktan sonra tekrar Trabzon\u2019a d\u00f6nd\u00fck. Hatta gezi esnas\u0131nda par\u00e7alar\u0131n bir k\u0131sm\u0131n\u0131n hammadde tedari\u011fini MKEK silah fabrikas\u0131ndan sa\u011flad\u0131k. Gezi d\u00f6n\u00fc\u015f\u00fc \u0130lk 50 adetlik portatif tabancalar\u0131n \u00fcretimi i\u00e7in kollar\u0131 s\u0131vad\u0131k. Bu arada TAKSAN&#8217;dan CNC Makine, ba\u011flama aparatlar\u0131 ve m\u00fchendislik hizmeti istedik. Bu hizmetlere kar\u015f\u0131l\u0131k bizden 102 bin dolar (bir milyar iki y\u00fcz milyon lira) bedel istendi. Bu bedelin 20 bin dolar\u0131n\u0131n pe\u015fin yat\u0131racakt\u0131k ve geri kalan 82 bin dolar\u0131n\u0131 TL\u2019ye \u00e7evirip 12 ay vadeyle \u00f6deyecektik. Pe\u015finat\u0131n 17 bin dolar\u0131n\u0131 yat\u0131rd\u0131k, protokol imzalamaya gidecekken sabah kalkt\u0131\u011f\u0131m\u0131zda \u00fclkede kriz olmu\u015f. 1 milyar liral\u0131k kalan bor\u00e7 3,5 milyar liraya \u00e7\u0131km\u0131\u015ft\u0131. \u2018Makineyi alm\u0131yoruz\u2019 dedik. Verdi\u011fimiz 17 bin dolardan da vazge\u00e7mi\u015ftik. Bu arada kendi bilgilerimizle bir k\u0131s\u0131m k\u00fc\u00e7\u00fck par\u00e7alar\u0131 ba\u011flay\u0131p i\u015flemeye devam ediyorduk. \u0130stanbul\u2019da CNC makinesi olan bir firmada 50 adet prototip silah\u0131n g\u00f6vdesini on be\u015f g\u00fcnde i\u015flettik. G\u00f6vdenin bitimi ile beraber di\u011fer par\u00e7alar\u0131 da taraf\u0131m\u0131zdan montaja haz\u0131r hale gelmeye ba\u015flam\u0131\u015ft\u0131. \u0130lk defa par\u00e7alar\u0131 birbirine takt\u0131\u011f\u0131m\u0131zda i\u015fi yapabilece\u011fimize dair teredd\u00fct\u00fcm\u00fcz de kesin olarak ortadan kalkt\u0131. Bu arada Arde\u015fen Silah Fabrikas\u0131\u2019n\u0131 ziyarete gittik. Onlar\u0131n b\u00fcy\u00fck bir fabrika binalar\u0131 vard\u0131 ve iyi seviyede i\u015fletme sermayeleri oldu\u011fu da yetkilileri taraf\u0131ndan s\u00f6ylenmi\u015fti. Prototip \u00fcretiminde de bizden \u00e7ok \u00f6nde idiler. Bizler de k\u0131sa bir zaman sonra elli adet portatif silah\u0131 \u00fcrettik ve K\u0131r\u0131kkale Silah Fabrikas\u0131\u2019ndan namlu istedik. Namlular geldi silahlar\u0131n montaj\u0131n\u0131 yapt\u0131k. Silahlar\u0131 test yap\u0131lmak \u00fczere K\u0131r\u0131kkale\u2019ye getirdik di\u011fer firmalar\u0131n testlerde problemler ya\u015fad\u0131\u011f\u0131n\u0131 \u00f6\u011frenince montaja \u00f6zen g\u00f6sterdi\u011fimiz i\u00e7in silahlar at\u0131\u015f testlerini ba\u015far\u0131 ile ge\u00e7ti. Testin bitmesinden sonra Genel M\u00fcd\u00fcr Muavini poligona indi, g\u00f6revli silahlar\u0131n sorunsuz at\u0131\u015f testinden ge\u00e7ti\u011fini s\u00f6yleyince Muavin bey \u2018Raftan bir silah \u00e7ekip buna 5000 mermi at\u0131ml\u0131k mukavemet yap\u0131n\u2019 dedi. Zorla\u015ft\u0131r\u0131lm\u0131\u015f mukavemet testi olan bu testte her altm\u0131\u015f mermide bak\u0131m yap\u0131labilecekti. 2800 mermiye gelince m\u00fcd\u00fcr muavini, \u2018buraya kadar gelmi\u015fse buradan yukar\u0131 gider\u2019 diyerek testi durdurdu. Bu i\u015fi ba\u015farmam\u0131zda t\u00fcm ortaklar\u0131n kendilerine ait at\u00f6lyeleri olmas\u0131 ve malzemeyi tan\u0131malar\u0131n\u0131n yan\u0131 s\u0131ra bizimle beraber kader birli\u011fi yapan dan\u0131\u015fmanl\u0131k g\u00f6revi bittikten sonrada beraber oldu\u011fumuz ve uzun y\u0131llar beraber \u00e7al\u0131\u015ft\u0131\u011f\u0131m\u0131z MKEK\u2019ndan emekli arkada\u015f\u0131m\u0131z\u0131n da \u00e7ok b\u00fcy\u00fck katk\u0131s\u0131 oldu.<\/p>\n\n\n\n<p><strong>\u0130lk parti imalatlar\u0131n\u0131z ne zaman ba\u015flad\u0131?<\/strong><\/p>\n\n\n\n<p>Testin ba\u015far\u0131l\u0131 ge\u00e7mesi sonras\u0131 Silah Fabrikas\u0131 ile ilk parti imalat\u0131 i\u00e7in s\u00f6zle\u015fme yapt\u0131k. Silah\u0131m\u0131z 7,65 mm oldu\u011fu ve at\u0131\u015fta sesi az \u00e7\u0131kt\u0131\u011f\u0131 i\u00e7in sat\u0131\u015fta talebi azd\u0131. Sat\u0131\u015fta talep daha \u00e7ok 9 mm tabancalara idi. Arde\u015fen\u2019in \u00fcretti\u011fi 9 mm tabancada \u00e7ok b\u00fcy\u00fck bir talep s\u0131ras\u0131 vard\u0131. Talepteki azl\u0131\u011fa ra\u011fmen 7,65 mm tabancam\u0131z\u0131n \u00fcretimi 2000\u2019li y\u0131llara kadar devam etti ve 13000 adetlere ula\u015ft\u0131.<\/p>\n\n\n\n<p>T\u0130SA\u015e\u2019\u0131n 95 y\u0131l\u0131 i\u00e7erisinde bir yandan \u00fcretim yaparken, di\u011fer yandan bug\u00fcn bulundu\u011fu Organize Sanayi B\u00f6lgesi\u2019ndeki arsan\u0131n m\u00fclk\u00fcn\u00fc sat\u0131n ald\u0131 ve 8 ay gibi bir zamanda 1800 metrekare kapal\u0131 alanl\u0131 binay\u0131 yaparak yeni binas\u0131na ta\u015f\u0131nd\u0131. O g\u00fcnlerde \u00e7eklerimizi zor da olsa \u00f6dedik. Tedarik\u00e7ilerimiz bizi \u00e7ok fazla s\u0131kmad\u0131, O g\u00fcnlerde i\u015fletmemizde tamam\u0131 on iki adet makinemiz vard\u0131. \u0130lk s\u00f6zle\u015fme ve sonraki s\u00f6zle\u015fmelerde sipari\u015fleri yeti\u015ftirebilmek i\u00e7in s\u00fcrekli yat\u0131r\u0131mlar yapmaya ba\u015flad\u0131k. Yani dipsiz bir kuyuya ta\u015f dolduruyorduk fakat att\u0131\u011f\u0131m\u0131z ta\u015f kayboluyordu sanki. \u00dcretimimiz 1998 y\u0131l\u0131na kadar \u00e7ok iyi gitti. 7,65 mm tabancaya talebin az olmas\u0131 nedeni ile MKEK\u2019nin deposunda birikmesi dolay\u0131s\u0131 ile 1998 y\u0131l\u0131nda Kurum T\u0130SA\u015e\u2019la yeni bir 7,65 mm tabanca s\u00f6zle\u015fmesi imzalamay\u0131 durdurdu. Daha sonra adetleri az olan 2 s\u00f6zle\u015fme daha imzaland\u0131. Fakat bu s\u00f6zle\u015fmeler \u015firketi ayakta tutabilecek miktarlar de\u011fildi. Bizler 9 mm tabancaya ra\u011fbetin \u00e7ok olmas\u0131ndan dolay\u0131 1998 y\u0131l\u0131 itibari ile bu \u00e7aptaki tabancay\u0131 \u00fcretmek i\u00e7in Ar-Ge \u00e7al\u0131\u015fmas\u0131 ba\u015flatt\u0131k ve 1999 y\u0131l\u0131nda Kanuni 16 marka tabancay\u0131 \u00fcretip izin ald\u0131k. \u00c7ok k\u0131sa bir zaman i\u00e7erisinde Kanuni S ile Zigana M16 model tabancalar\u0131 da \u00fcreterek sat\u0131\u015fa sunduk.<\/p>\n\n\n\n<p>2000 y\u0131l\u0131nda TSK Deniz ve Hava Kuvvet Komutanl\u0131klar\u0131n\u0131n silah al\u0131m\u0131 vard\u0131. Bir dilek\u00e7e yaz\u0131p ihaleye kat\u0131lmak istedi\u011fimizi bildirdik. Teklifimiz kabul edildi hatta testlerimizde ba\u015far\u0131l\u0131 ge\u00e7ti fakat ihale iptal edildi. Daha sonra&nbsp;Deniz ve Hava Kuvvet Komutanl\u0131klar\u0131 MKE Kurumundan ihalesiz silah al\u0131m\u0131 yapmaya ba\u015flad\u0131. O d\u00f6nem bizim imal etti\u011fimiz Kanuni 16 model tabancam\u0131za 3400 adet sipari\u015fi verildi. Tabancam\u0131z\u0131n \u00fcretimini tamamlayarak MKEK arac\u0131l\u0131\u011f\u0131 ile T\u00fcrk Silahl\u0131 Kuvvetleri\u2019ne teslim ettik. Teslim etti\u011fimiz tabancalar\u0131n ilk yerli tasar\u0131m\u0131 olmas\u0131 ve imalat\u0131n\u0131n \u015eirketimizce yap\u0131lmas\u0131ndan, \u015eirketimizin \u00fclkemizde bir ilke \u00f6nc\u00fcl\u00fck yapm\u0131\u015f olmas\u0131ndan da ayr\u0131ca gurur duyuyoruz.&nbsp;<\/p>\n\n\n\n<p>O tarihten sonra 9 mm modellerimizi \u00e7o\u011faltmak i\u00e7in \u00e7al\u0131\u015fmalar ba\u015flatt\u0131k. \u00c7al\u0131\u015fan arkada\u015flar\u0131m\u0131z\u0131n da uzmanla\u015fmalar\u0131 sayesinde Z\u0130GANA T model tabancay\u0131 k\u0131sa zamanda tasar\u0131m\u0131n\u0131 da yaparak \u00fcretip sat\u0131\u015fa sunduk. 2004 ve 2005 y\u0131llar\u0131nda bu tabancam\u0131zdan TSK personeline 21000 adet satt\u0131k.<\/p>\n\n\n\n<p><strong>SEKT\u00d6RDE HEP YEN\u0130L\u0130K\u00c7\u0130 OLDUK<\/strong><\/p>\n\n\n\n<p>Sekt\u00f6r\u00fcm\u00fczde s\u00fcrekli yenilik\u00e7i olduk ve \u00fcretti\u011fimiz bir \u00e7ok yeni modelle \u00e7e\u015fitlenen \u00fcr\u00fcn yelpazemizle pazarda pay\u0131m\u0131z\u0131 art\u0131rmaya \u00e7al\u0131\u015ft\u0131k. Zira pazar pay\u0131n\u0131 art\u0131rmak i\u00e7in mutlaka bir yar\u0131\u015f i\u00e7inde olmak gerekiyor ki; bu yar\u0131\u015fta kalabilmek, son teknolojiyi kullanmak, iyi Ar-Ge yapmak, h\u0131zl\u0131 \u00fcretmek, kaliteli \u00fcretmek, \u00e7ok pazara ula\u015fmak ve \u00fcr\u00fcn\u00fcn\u00fc marka yapmak zorundas\u0131n\u0131z. Bu yar\u0131\u015ftan koparsan\u0131z i\u015finiz biter. Yani sanayiciye hi\u00e7bir zaman rahat yok ve sanayicinin \u00f6mr\u00fc de hep yat\u0131r\u0131mla ge\u00e7iyor diyebilirim. \u015eirket olarak \u00fcr\u00fcn\u00fcm\u00fcz\u00fc marka yapma \u00e7al\u0131\u015fmalar\u0131na&nbsp;\u00e7ok \u00f6nceden ba\u015flad\u0131k ve \u0130limizin Marka da\u011f\u0131 olan Z\u0130GANA&#8217;y\u0131 tabancam\u0131za isim yapt\u0131k, t\u00fcm yeni modellerimizde de&nbsp;marka olarak bu ismi kulland\u0131k. Z\u0130GANA markal\u0131 \u00fcr\u00fcnlerimizi TSK dahil yurdumuzun her b\u00f6lgesinde tan\u0131tt\u0131k ve satt\u0131k. Ayr\u0131ca yurt d\u0131\u015f\u0131 fuarlara kat\u0131l\u0131p yapt\u0131\u011f\u0131m\u0131z tan\u0131t\u0131mlar sayesinde \u00fcr\u00fcn\u00fcm\u00fcz\u00fc D\u00fcnyada bir \u00e7ok \u00fclkeye ihra\u00e7 ederek \u00fclkemizde ve D\u00fcnyada tan\u0131nan ve aranan marka olmas\u0131n\u0131 sa\u011flad\u0131k.<\/p>\n\n\n\n<p><strong>\u0130hracat \u00fcretiminizin ne kadar\u0131n\u0131 te\u015fkil ediyor?<\/strong><\/p>\n\n\n\n<p><strong>\u00dcR<\/strong><strong>ET\u0130M\u0130N Y\u00dcZDE 70\u2019\u0130 \u0130HRACATA<\/strong><\/p>\n\n\n\n<p>T\u0130SA\u015e&#8217;\u0131n b\u00fcnyesinde \u015fu anda imalattan sat\u0131\u015fa kadar 100\u00fcn \u00fczerinde \u00e7al\u0131\u015fan\u0131 var. Silah sat\u0131\u015flar\u0131 Ankara a\u011f\u0131rl\u0131kl\u0131 oldu\u011fu i\u00e7in 1998 y\u0131l\u0131nda Ankara Tando\u011fan&#8217;da ofis alarak i\u00e7 piyasa i\u00e7in a\u00e7t\u0131k. 2002 y\u0131l\u0131na geldi\u011fimizde arkada\u015f\u0131m\u0131z \u00d6mer Bey&#8217;i Ankara&#8217;ya g\u00f6nderdik. Hem yurt i\u00e7i hem de ihracat i\u00e7in ekipler kurarak ofisi kullanmaya ba\u015flad\u0131k. Att\u0131\u011f\u0131m\u0131z bu ad\u0131m\u0131n meyvelerini 2004 y\u0131l\u0131ndan sonra almaya ba\u015flad\u0131k. \u015eirketimizin 2004 y\u0131l\u0131ndan sonra b\u00fcy\u00fcyerek artan bir ihracat\u0131 oldu. Yurt d\u0131\u015f\u0131 fuarlara s\u00fcrekli kat\u0131lmam\u0131z ve \u00f6zveri ile \u00e7al\u0131\u015fan arkada\u015flar\u0131m\u0131z\u0131n can g\u00fcvenli\u011fi olmayan \u00fclkelere dahi giderek \u00fcr\u00fcnlerimizi tan\u0131t\u0131p i\u015f yapmaya \u00e7al\u0131\u015fmalar\u0131 sayesinde; 2008 y\u0131l\u0131na geldi\u011fimizde&nbsp;ihracat\u0131m\u0131z \u00fcretimimizin y\u00fczde 70&#8217;ini olu\u015fturur hale geldi. Halen 7 k\u0131tada yirminin \u00fczerinde \u00fclkeye ihracat\u0131m\u0131z var.<\/p>\n\n\n\n<p><strong>ABD\u2019YE ON YIL \u00d6NCE G\u0130TMEL\u0130YD\u0130K<\/strong><\/p>\n\n\n\n<p>Yurt d\u0131\u015f\u0131ndaki fuarlara da m\u00fcmk\u00fcn olabildi\u011fince kat\u0131lmaya \u00e7al\u0131\u015f\u0131yoruz, imkanlar nispetinde fazla ki\u015fi olarak gitmeye \u00e7al\u0131\u015f\u0131yoruz. Bu y\u0131l Amerika\u2019n\u0131n Orlando Eyaletinde kat\u0131ld\u0131\u011f\u0131m\u0131z bir silah fuar\u0131nda 22.400 adet kat\u0131l\u0131mc\u0131 firma vard\u0131. Zaten kat\u0131l\u0131mc\u0131 say\u0131s\u0131n\u0131n \u00e7oklu\u011fundan fuar\u0131n b\u00fcy\u00fckl\u00fc\u011f\u00fcn\u00fc anlamak m\u00fcmk\u00fcn. Bu fuara kat\u0131ld\u0131ktan sonra, \u2018ke\u015fke silah sanayi olarak Amerika\u2019ya on y\u0131l \u00f6nce gitseydik\u2019 diye d\u00fc\u015f\u00fcnmeye ba\u015flad\u0131k. \u00c7\u00fcnk\u00fc merkez oras\u0131. T\u00fcrkiye\u2019den bu fuara kat\u0131lan 5-6 firmayd\u0131k. \u00d6n\u00fcm\u00fczdeki s\u00fcre\u00e7teki ilk fuar ise Las Vegas\u2019ta olacak. Bu fuarlar ba\u015flamadan bir y\u0131l \u00f6ncesinden kat\u0131l\u0131mc\u0131 firmalar kay\u0131tlar\u0131n\u0131 yapt\u0131r\u0131yorlar. Kay\u0131t yapt\u0131r\u0131rken de kat\u0131l\u0131m \u00fccretinin y\u00fczde 30-40 gibi bir k\u0131sm\u0131n\u0131 yat\u0131rmak gerekiyor. Fakat tan\u0131t\u0131m ve i\u015f yapmak i\u00e7in ABD\u2019ye gitmek gerekiyor. Zira oraya t\u00fcm d\u00fcnya geliyor. Orada her \u015fey var. G\u00f6rmek bile insan\u0131n ufkunu a\u00e7\u0131yor ve hayal d\u00fcnyas\u0131n\u0131 d\u00fc\u015f\u00fcnme yetene\u011fini art\u0131r\u0131yor. Bizler de art\u0131k bu d\u00fc\u015f\u00fcnceyle hareket ediyoruz. \u015eirketimiz ve \u00e7al\u0131\u015fanlar\u0131m\u0131z olarak; her zaman yenilik\u00e7i olmak, hep daha iyiyi \u00fcretmek ve bunun sonucu olarak da \u00e7ok satarak \u00fclkemize katma de\u011fer sa\u011flamak en b\u00fcy\u00fck hayalimiz. Bunu ger\u00e7ekle\u015ftirmek i\u00e7in de her yeni g\u00fcnde d\u00fcnden daha fazla \u00e7al\u0131\u015fmak prensibimiz olmu\u015ftur.<\/p>\n","protected":false},"excerpt":{"rendered":"<p>Trabzon\u2019da be\u015f ortakl\u0131 bir olu\u015fumla kurulan Trabzon Silah Sanayi A.\u015e (T\u0130SA\u015e) k\u00fc\u00e7\u00fck bir kooperatifken bug\u00fcn \u00fcretiminin y\u00fczde 70\u2019ini ihra\u00e7 eder bir hale geldi&nbsp;&nbsp; Trabzon Silah Sanayi A.\u015e (T\u0130SA\u015e) Y\u00f6netim Kurulu \u00fcyesi Ahmet Alemdaro\u011flu; Trabzon\u2019da e\u015fine az rastlan\u0131r bir ortakl\u0131k giri\u015fimi olarak be\u015f arkada\u015f olarak kurduklar\u0131 ve halen faaliyetlerine devam etmekte olan Trabzon Silah Sanayi A.\u015e\u2019nin [&hellip;]<\/p>\n","protected":false},"author":1,"featured_media":0,"parent":454,"menu_order":0,"comment_status":"closed","ping_status":"closed","template":"","meta":{"footnotes":""},"class_list":["post-503","page","type-page","status-publish","hentry"],"_links":{"self":[{"href":"https:\/\/tsiad.org.tr\/index.php\/wp-json\/wp\/v2\/pages\/503","targetHints":{"allow":["GET"]}}],"collection":[{"href":"https:\/\/tsiad.org.tr\/index.php\/wp-json\/wp\/v2\/pages"}],"about":[{"href":"https:\/\/tsiad.org.tr\/index.php\/wp-json\/wp\/v2\/types\/page"}],"author":[{"embeddable":true,"href":"https:\/\/tsiad.org.tr\/index.php\/wp-json\/wp\/v2\/users\/1"}],"replies":[{"embeddable":true,"href":"https:\/\/tsiad.org.tr\/index.php\/wp-json\/wp\/v2\/comments?post=503"}],"version-history":[{"count":3,"href":"https:\/\/tsiad.org.tr\/index.php\/wp-json\/wp\/v2\/pages\/503\/revisions"}],"predecessor-version":[{"id":537,"href":"https:\/\/tsiad.org.tr\/index.php\/wp-json\/wp\/v2\/pages\/503\/revisions\/537"}],"up":[{"embeddable":true,"href":"https:\/\/tsiad.org.tr\/index.php\/wp-json\/wp\/v2\/pages\/454"}],"wp:attachment":[{"href":"https:\/\/tsiad.org.tr\/index.php\/wp-json\/wp\/v2\/media?parent=503"}],"curies":[{"name":"wp","href":"https:\/\/api.w.org\/{rel}","templated":true}]}}