{"id":506,"date":"2025-01-07T07:30:31","date_gmt":"2025-01-07T07:30:31","guid":{"rendered":"https:\/\/tsiad.org.tr\/?page_id=506"},"modified":"2025-01-07T07:52:59","modified_gmt":"2025-01-07T07:52:59","slug":"oyman-makine","status":"publish","type":"page","link":"https:\/\/tsiad.org.tr\/index.php\/basari-hikayeleri\/oyman-makine\/","title":{"rendered":"Oyman Makine"},"content":{"rendered":"<div class=\"wp-block-image\">\n<figure class=\"aligncenter size-full is-resized\"><img fetchpriority=\"high\" decoding=\"async\" width=\"200\" height=\"300\" src=\"https:\/\/tsiad.org.tr\/wp-content\/uploads\/2025\/01\/oyman-2.gif\" alt=\"\" class=\"wp-image-538\" style=\"width:268px;height:auto\"\/><\/figure>\n<\/div>\n\n\n<p>Oyman Makine LTD.\u015eirketi M\u00fcd\u00fcr\u00fc \u00dcmran Oyman haz\u0131r beton makinas\u0131n\u0131n seri \u00fcretimine ba\u015flad\u0131klar\u0131n\u0131 s\u00f6yledi.<\/p>\n\n\n\n<p>&nbsp;\u00dcmran Oyman, Oyman Makine\u2019n\u0131n kurulu\u015fundan bug\u00fcne kadarki s\u00fcreci ve tecr\u00fcbelerini anlatt\u0131<\/p>\n\n\n\n<p>Arsin Organize Sanayi B\u00f6lgesi\u2019nde faaliyet g\u00f6steren Oyman Makine Ltd \u015eti M\u00fcd\u00fcr\u00fc \u00dcmran Oyman d\u00fcnden bug\u00fcne ba\u015far\u0131ya giden yolu anlatt\u0131<\/p>\n\n\n\n<p>&nbsp;Trabzon\u2019un Arsin \u0130l\u00e7esi\u2019 nde kurulu bulunan Organize Sanayi B\u00f6lgesi\u2019nde faaliyet g\u00f6steren Oyman Makine LTD \u015eti M\u00fcd\u00fcr\u00fc \u00dcmran Oyman, Oyman Makine\u2019de yenilik aray\u0131\u015flar\u0131n\u0131n hi\u00e7 bitmedi\u011fini s\u00f6yledi. \u00dcmran Oyman, \u201cBizde yeni \u015feyler \u00fcretme ve yeni \u00fcretimler yapma heyecan\u0131 bitmiyor. Bu y\u00fczden hep yeniliklerde aray\u0131\u015f i\u00e7indeyiz\u201d dedi. \u00dcmran Oyman uzun s\u00fcreli i\u015f ya\u015fam\u0131na ili\u015fkin tecr\u00fcbe ve deneyimlerini \u015f\u00f6yle anlatt\u0131.&nbsp;&nbsp;<\/p>\n\n\n\n<p>Oyman Makine Sanayi ve Ticaret Ltd. \u015eti.1989 y\u0131l\u0131nda kurulmu\u015f buna kar\u015f\u0131n 1994 y\u0131l\u0131ndan itibaren Trabzon Organize Sanayi B\u00f6lgesinde bir i\u015fletme olarak faaliyetlerini s\u00fcrd\u00fcr\u00fcyor.<\/p>\n\n\n\n<p>Oyman Makine LTD. \u015eirketi M\u00fcd\u00fcr\u00fc \u00dcmran Oyman, \u015eirketin kurulu\u015funu, ilk \u00fcretimlerini ve ilk \u00fcretimlerinin \u00f6yk\u00fcs\u00fcn\u00fc, daha sonraki s\u00fcreci \u015f\u00f6yle anlatt\u0131.<\/p>\n\n\n\n<p>27 Mart 1953 tarihinde Trabzon\u2019da do\u011fan \u00dcmran Oyman \u0130lkokulu Dumlup\u0131nar ilk okulu, orta ve liseyi Trabzon lisesinde okudu. \u00dcmran Oyman \u00f6\u011frenim hayat\u0131na ili\u015fkin detaylar\u0131 kendi s\u00f6ylemleriyle \u015fu \u015fekilde aktard\u0131: \u201c\u0130lk y\u0131l ge\u00e7erli puan almama ra\u011fmen liseyi bitiremedim. 2.y\u0131l liseyi bitirerek istedi\u011fim Karadeniz Teknik \u00dcniversitesi (KT\u00dc) Makine M\u00fchendisli\u011fi b\u00f6l\u00fcm\u00fcn\u00fc kazanarak burada okudum. Orta ve lisede \u00e7al\u0131\u015fkan bir talebe de\u011fildim. Lise 2 de 10 tane zay\u0131f\u0131m vard\u0131. Kimya hocam\u0131z \u0130lhan han\u0131m\u0131n (\u0130lhan Duman)\u201dHele \u015f\u00fck\u00fcr \u00dcmran karnende bir tane 7 var demesini unutamam. Karadeniz Teknik \u00dcniversitesi\u2019nde de birinci ve ikinci s\u0131n\u0131fta \u00e7al\u0131\u015fkan de\u011fildim. \u00dc\u00e7\u00fcnc\u00fc s\u0131n\u0131fta s\u0131n\u0131f temsilcisi se\u00e7ildikten sonra hocalara ay\u0131p olmas\u0131n diye \u00e7al\u0131\u015fmaya ba\u015flad\u0131m. O y\u0131llarda \u0130stanbul Teknik \u00dcniversitesi makine fak\u00fcltesinden&nbsp;Ahmet Rasim B\u00fcy\u00fckt\u00fcr, Kemal Onat, Mustafa Gedikta\u015f, Selahattin An\u0131k Cahit \u00d6zg\u00fcr, Mustafa K\u00f6seo\u011flu, Turhan Ar\u0131tan, \u0130lhan Birkan, Aram Ers\u00fcmer, Hasan \u00d6zoklav gibi \u00fcnl\u00fc Profes\u00f6rler &nbsp;bize u\u00e7akla ders vermeye geliyordu. Prof. Ahmet \u00d6zel, Ekrem G\u00f6ksu, Halis Duman Rekt\u00f6rlerimizdi. Bug\u00fcn Karadeniz Teknik \u00dcniversitesi\u2019nin modern ve yemye\u015fil bir kamp\u00fcs olmas\u0131n\u0131 bu rekt\u00f6rlerimize bor\u00e7luyuz. Rahmetli Prof. Bedri Karafakio\u011flu\u2019nun bizlerin yeti\u015fmesinde de b\u00fcy\u00fck emekleri olmu\u015ftur.\u201d<\/p>\n\n\n\n<p><strong>Sekt\u00f6re ad\u0131m atman\u0131z nas\u0131l oldu, okulu bitirdikten hemen sonra kendinizi i\u015f hayat\u0131n\u0131n i\u00e7inde buldunuz mu?<\/strong><\/p>\n\n\n\n<p>Karadeniz Teknik \u00dcniversitesi\u2019nden mezun olduktan sonra o zaman\u0131n T\u00fcrkiye\u2019nin en b\u00fcy\u00fck vin\u00e7 fabrikas\u0131 olan M.\u015e.M &nbsp;End\u00fcstride hocam Prof. Ahmet Rasim B\u00fcy\u00fckt\u00fcr \u2018\u00fcn vas\u0131tas\u0131 ile \u00e7al\u0131\u015fmaya ba\u015flad\u0131m. Askerlik \u00f6ncesi burada iki y\u0131l \u00e7al\u0131\u015ft\u0131m. M\u015eM de i\u015fe ba\u015flad\u0131\u011f\u0131m zaman Pendik Tersanesi vin\u00e7leri yap\u0131l\u0131yordu. Teknik b\u00fcroda bir sene \u00e7al\u0131\u015ft\u0131m. SEKA Silifke Ka\u011f\u0131t Fabrikas\u0131\u2019n\u0131n aktarma konvey\u00f6rlerinin imalatlar\u0131n\u0131 yapt\u0131rd\u0131m. Proje ve kontrol\u00fc Kanada Sandwell\u2019e aitti. M.\u015e.M bizim i\u00e7in b\u00fcy\u00fck bir okuldu. Orada yeti\u015fmi\u015f konusunda uzman olan \u00e7ok say\u0131da sanayici ve \u00e7ok iyi m\u00fchendisler var. Teknik m\u00fcd\u00fcr\u00fcm\u00fcz&nbsp;rahmetli D\u00fcndar Arf&nbsp;Alman Nieman\u2018\u0131n yan\u0131nda doktora yapan ilk T\u00fcrk\u2019t\u00fc. \u00dcnl\u00fc matematik\u00e7i Cahit Arf\u2019\u0131n da karde\u015fi idi. Be\u015f sene kadar \u00f6nce \u0130lk patronum Mansur \u015eahin\u2018i de trafik kazas\u0131nda kaybettik. . Askerlik sonras\u0131 Trabzon\u2019a d\u00f6n\u00fc\u015f yapt\u0131k, Trabzon\u2019da \u00e7al\u0131\u015fma iste\u011fi sonucu Negiz ve Cengiz Ongan ile birlikte Ekomak A.\u015e\u2019yi kurduk. 1981 y\u0131l\u0131nda marangoz makinalar\u0131 imalat\u0131na ba\u015flad\u0131k. \u0130lk imalatlar ve sat\u0131\u015flar\u0131n durmas\u0131 nedeniyle belediye hizmet ara\u00e7lar\u0131na ge\u00e7i\u015f yapt\u0131k o d\u00f6nemde.<\/p>\n\n\n\n<p><strong>Oyman Makine\u2019nin kurulmas\u0131 nas\u0131l oldu, bize kurulu\u015f \u00f6yk\u00fcn\u00fcz\u00fc anlat\u0131r m\u0131s\u0131n\u0131z?<\/strong><\/p>\n\n\n\n<p>1989 y\u0131l\u0131 ba\u015flar\u0131nda Negiz ve Cengiz Ongan\u2019\u0131n&nbsp;\u0130stanbul\u2019a yerle\u015fme iste\u011fi art\u0131nca Ekomak\u2019\u0131 kapatt\u0131k. 1989 y\u0131l\u0131 Temmuz ay\u0131nda Oyman Makine Sanayi ve Ticaret LTD\u2019yi kurdum.<\/p>\n\n\n\n<p>Kader bizi bu sefer f\u0131nd\u0131k makinalar\u0131 ile tan\u0131\u015ft\u0131rd\u0131. Oyman Makinada \u00e7\u00f6p kamyonuna neden devam etmedik bilemiyorum. \u0130lk f\u0131nd\u0131k makinas\u0131n\u0131 Sab\u0131rlar F\u0131nd\u0131k\u2019a kavrulmu\u015f f\u0131nd\u0131\u011f\u0131n \u00fczerindeki zar\u0131 atan makineyi yaparak ba\u015flad\u0131k. Bu makinalardan yirmi senedir yap\u0131yoruz.&nbsp;&nbsp;&nbsp; B\u00fcy\u00fck f\u0131nd\u0131k ihracat\u00e7\u0131lar\u0131n\u0131n %95 inde \u0130talya\u201dda, Almanya\u2019da, Brezilya\u2019da da bu makineler kullan\u0131lmaktad\u0131r.<\/p>\n\n\n\n<p>Bu konuda bir hat\u0131ram\u0131 anlatmadan ge\u00e7emeyece\u011fim;<\/p>\n\n\n\n<p>1998 y\u0131l\u0131nda Kraft Food dan (o y\u0131llarda kraft schard)&nbsp;iki ki\u015fi geldi. Makinaya bakt\u0131lar&nbsp;gittiler. Bir sene ses \u00e7\u0131kmad\u0131. Bir sene sonra Almanya\u2019ya gidip gidemeyece\u011fimizi sordular. Lorah a gittik. Toplant\u0131da Trabzon\u2019a gelen m\u00fchendis elinde bizim o zamanki fotokopi kataloglar\u0131yla birlikte geldi. M\u00fcd\u00fcr bize ISO belgemiz olup olmad\u0131\u011f\u0131n\u0131 sordu\u011funda ise cevab\u0131m\u0131z: yok. Yine ayn\u0131 \u015fekilde CE belgemiz olup olmad\u0131\u011f\u0131n\u0131 sordu cevab\u0131m\u0131z yok.. &nbsp;Ancak&nbsp;o tarihte CE Belgesi T\u00fcrkiye\u2019de \u00e7ok az biliniyor ve gerekli dok\u00fcman yoktu. M\u00fchendis araya girerek belgemiz olsun olmas\u0131n makineleri bizden alacaklar\u0131n\u0131 s\u00f6yledi.&nbsp;Yapt\u0131klar\u0131 incelemeden sonra bu makineleri bizden daha iyi yapan olmad\u0131\u011f\u0131n\u0131 s\u00f6yledi ve b\u00f6ylece 3 adet makine satt\u0131k. T\u00fcrkiye\u2019ye d\u00f6n\u00fc\u015fte ilk i\u015fimiz \u00f6ncelikle ISO i\u00e7in faaliyete ba\u015flamak oldu. ISO\u2019 nun ard\u0131ndan&nbsp;CE\u2019 yi de&nbsp;inceleyerek 4.gruba girmeyenler i\u00e7in dosya haz\u0131rlad\u0131k.<\/p>\n\n\n\n<p>1990 y\u0131l\u0131nda g\u00fcn\u00fcm\u00fczde en b\u00fcy\u00fck f\u0131nd\u0131k ihracat\u00e7\u0131s\u0131 olan Oltan G\u0131da F\u0131nd\u0131k Fabrikas\u0131 yapt\u0131racakt\u0131. Kenan Oltan \u201cSen buradayken ba\u015fkas\u0131na m\u0131 yapt\u0131raca\u011f\u0131m\u201d dedi ve bize itimat etti. \u0130lk fabrikam\u0131z\u0131 yapt\u0131k. 1998 de Oltan\u2019a &nbsp;ikinci fabrikay\u0131 yapt\u0131k ve 2006 y\u0131llar\u0131nda da Oltan F\u0131nd\u0131k Entegre Tesisi Organize Sanayi B\u00f6lgesi\u2019ne ta\u015f\u0131nma karar\u0131 ald\u0131. Tesis tamamen yeni sadece iki adet kavurma f\u0131r\u0131n\u0131n\u0131 kulland\u0131k, di\u011fer her \u015fey yeni yap\u0131ld\u0131. T\u00fcrkiye\u2019nin en b\u00fcy\u00fck entegre tesisi oldu. 2007 y\u0131l\u0131 ekim ay\u0131nda faaliyete ge\u00e7ti.<\/p>\n\n\n\n<p>1990 y\u0131l\u0131ndan sonra Cirav f\u0131nd\u0131\u011f\u0131 Orduda Orkur\u2019u Poyraz Karl\u0131bel\u2019i imal ve monte ettik. Ba\u015faran, \u00d6zg\u00fcn, Arslant\u00fcrk f\u0131nd\u0131k fabrikalar\u0131 ile devam ettik. Di\u011fer b\u00fcy\u00fck f\u0131nd\u0131k fabrikalar\u0131na da birim bazda &nbsp;makineler verdik. Yurt d\u0131\u015f\u0131na \u0130spanya, Hollanda, Polonya, Romanya\u2019ya makineler yapt\u0131k. \u0130ran\u2019da modern f\u0131nd\u0131k k\u0131rma tesisi&nbsp;yapt\u0131k. (\u0130ran\u2019da 10000 ton f\u0131nd\u0131k yeti\u015fiyor.)Yurt d\u0131\u015f\u0131ndaki en b\u00fcy\u00fck m\u00fc\u015fterimiz \u0130talya,&nbsp;Besena &nbsp;Fabrika yerle\u015ftirilmesine f\u0131nd\u0131k so\u011futma sistemi, zar atma k\u0131yma tesisi, p\u00fcre sistemleri yapt\u0131k. Makineleri oraya g\u00f6t\u00fcrd\u00fck ve monte ettik.<\/p>\n\n\n\n<p><strong>&nbsp;makinelerinizi ilk olarak kimin i\u00e7in yapt\u0131n\u0131z ve ilklere imza att\u0131n\u0131z m\u0131?<\/strong><\/p>\n\n\n\n<p>\u0130lk olarak Trabzon Belediyesi elektrik i\u015fletmesine hidrolik platform yapt\u0131k. 1982 y\u0131l\u0131 yaz\u0131nda o zaman Trabzon Belediye ba\u015fkan\u0131 olan Sn. Hasan Melek bize Hidrolik s\u0131k\u0131\u015ft\u0131rma tertibatl\u0131 \u00e7\u00f6p kasas\u0131 ve \u00e7\u00f6p konteyneri sipari\u015fi verdi. T\u00fcrkiye\u2019de \u00e7\u00f6p konteynerinin kamyonla ilk toplanmas\u0131 Trabzon\u2019da olmu\u015ftur.<\/p>\n\n\n\n<p>1982 y\u0131l\u0131nda Hidromak, Bebimod ve M.K.E&nbsp;\u00e7\u00f6p kamyonu yapmaktayd\u0131. Ayn\u0131 y\u0131l bir firma daha \u0130stanbul Belediyesi i\u00e7in \u00e7\u00f6p kamyonu yapt\u0131, ondan sonraki s\u00fcre\u00e7te ise vazge\u00e7ti.<\/p>\n\n\n\n<p>O y\u0131llarda Amerikan Wayne, Leach ve Mammutlar kullan\u0131lmaktayd\u0131. O y\u0131llarda \u015fimdiki gibi teknik ve elektronik imkanlar olmad\u0131\u011f\u0131 i\u00e7in \u0130stanbul Belediyesi temizlik i\u015fleri m\u00fcd\u00fcr\u00fcne gittim. (zannedersem emekli albayd\u0131) Maksad\u0131m\u0131 anlatt\u0131m. Beni Samatya\u2019daki temizlik i\u015fleri m\u00fcd\u00fcrl\u00fc\u011f\u00fc garaj\u0131na yollad\u0131. Orada inceleme yapt\u0131m. Baz\u0131 \u00f6l\u00e7\u00fcler ald\u0131m. Trabzon\u2019da proje \u00e7izerek imalata ba\u015flad\u0131m. Trabzon belediyesinden sonra Erzincan, Samsun takip etti.<\/p>\n\n\n\n<p>\u00dc\u00e7 sene \u00f6nce Tirebolu Belediyesi i\u00e7in yapt\u0131\u011f\u0131m\u0131z \u00e7\u00f6p kasas\u0131n\u0131 \u00e7al\u0131\u015f\u0131rken g\u00f6rd\u00fcm.20 senedir de \u00e7al\u0131\u015f\u0131yor. K\u00fctahya Belediyesi\u2019ne \u00fc\u00e7 adet Roman-man \u00fczerine Hidrolik s\u0131k\u0131\u015ft\u0131rma tertibatl\u0131 \u00e7\u00f6p kasas\u0131 yapt\u0131k.<\/p>\n\n\n\n<p>&nbsp;Bu bize ileriki y\u0131llarda BMC\u2019 ye kasa yaparken geri d\u00f6necekti. \u015e\u00f6yle ki:&nbsp;&nbsp;<\/p>\n\n\n\n<p>K\u00fctahya Belediyesi&nbsp;\u00fc\u00e7 adet daha \u00e7\u00f6p kamyonu alacak BMC ye gidiyorlar \u201cbiz \u00fc\u00e7 kamyon daha alaca\u011f\u0131z ancak Ekomak markal\u0131 kasa verirseniz sizden; vermezseniz kamyonu sizden kasay\u0131 Ekomak\u2019tan alaca\u011f\u0131z dediler ve Ekomak markal\u0131 kasa ile birlikte kamyonu ald\u0131lar. Ayn\u0131 \u015fekilde Burdur \u2013Bucak Belediyesi de ald\u0131. 1984 y\u0131l\u0131 sonunda BMC ile anla\u015farak \u00e7\u00f6p&nbsp;kasas\u0131 yapmaya ba\u015flad\u0131k. BMC\u2019ye 3 yana devrilir damper yapt\u0131k. 1985 y\u0131l\u0131 \u0130zmir fuar\u0131nda BMC stand\u0131nda sergilendi ancak T\u00fcrkiye\u2019de tutmad\u0131 . Son y\u0131llarda karayollar\u0131nda g\u00f6rd\u00fcm. 1988 y\u0131l\u0131 sonuna gelindi\u011finde BMC bize, \u201c\u0130zmir\u2019e gelin\u201d dedi. Biz \u0130zmir\u2019e nakletmeyince ili\u015fkilerimiz koptu.<\/p>\n\n\n\n<p><strong>Ba\u015fka ne t\u00fcr \u00e7al\u0131\u015fmalar\u0131n\u0131z var, daha do\u011frusu faaliyet alan\u0131n\u0131zda ba\u015fka neler var?<\/strong><\/p>\n\n\n\n<p>1985 y\u0131l\u0131nda Onganlarla birlikte Ekotek A.\u015e&nbsp;ad\u0131 alt\u0131nda Trabzon\u2019da \u00e7elik tekne yapmak i\u00e7in ufak bir tersane kurduk. Trabzon\u2019da projeli endezhanede&nbsp;kal\u0131p \u00e7\u0131kartarak 30 metrelik be\u015f adet \u00e7elik tekne yapt\u0131ktan sonra idari nedenlerle tekne yapmaktan vazge\u00e7tik.<\/p>\n\n\n\n<p>G\u00fcn\u00fcm\u00fczde Trabzon\u2019da (bu yaz\u0131y\u0131 okurlarsa bana k\u0131zmas\u0131nlar) proje ile gemi olur mu diye d\u00fc\u015f\u00fcnen ve bu i\u015fi yapanlar var. Onlara g\u00f6re yap\u0131l\u0131r sonra usulen bir proje \u00e7izilir.<\/p>\n\n\n\n<p>Meyve ve sebze kurutma f\u0131r\u0131nlar\u0131na ise say\u0131n Osman Akba\u015f\u2019\u0131n (Akba\u015f g\u0131da Malatya) sayesinde girdik. 30 m\u2019lik kurutma f\u0131r\u0131nlar\u0131m\u0131z \u00e7al\u0131\u015fmaktad\u0131r. Her t\u00fcrl\u00fc sebze meyve ve di\u011fer kurutma f\u0131r\u0131nlar\u0131 yap\u0131yoruz.<\/p>\n\n\n\n<p>2001 y\u0131l\u0131na geldi\u011fimizde ise daha ba\u015fka ne yapabiliriz diye d\u00fc\u015f\u00fcnmeye ba\u015flad\u0131m. Yeni \u015feyler \u00fcretme heyecan\u0131 bizde hi\u00e7 bitmiyor. Hidrolik makinelere d\u00f6n\u00fcp ne yapabiliriz diye &nbsp;d\u00fc\u015f\u00fcnd\u00fck&nbsp;ve Bauma Fuar\u0131na gittik. Orada 3 adet makine yapmaya karar verdik. Mini excavator, mobil beton mikseri ve mini loader i\u00e7in karar k\u0131ld\u0131k. TTGV ve Teydebden destek alarak 3 adet makine imal ettik. 2005 y\u0131l\u0131nda makineler bitti. Ancak 2 metrek\u00fcpl\u00fck beton mikseri prototipine ba\u015flad\u0131k. Bug\u00fcnlerde oda bitti. \u015eimdi onu seri imalat i\u00e7in haz\u0131rl\u0131yoruz.<\/p>\n\n\n\n<p><strong>ELEMAN \u00c7IKARMADIK<\/strong><\/p>\n\n\n\n<p>Oyman makinede 6\u2019s\u0131 m\u00fchendis toplam 60 ki\u015fi \u00e7al\u0131\u015fmaktad\u0131r. \u0130\u015fsiz kald\u0131k, bo\u015f oturduk<\/p>\n\n\n\n<p>Maa\u015f veremedik ama \u00e7al\u0131\u015fanlar\u0131m\u0131z bo\u015fta kalmas\u0131n diye hi\u00e7 kimseyi i\u015ften \u00e7\u0131kartmad\u0131k.<\/p>\n\n\n\n<p>2001 y\u0131l\u0131ndan beri t\u00fcm Avrupa\u2019daki&nbsp;Bauma ve \u0130ntermat, Eima, Saie fuarlar\u0131na ziyaret\u00e7i olarak gittik. Prototipleri \u00fcretmekte ge\u00e7 kald\u0131k. Asl\u0131nda iyide oldu. \u0130\u015f makineleri konusunda krizden etkilenmedi\u011fimizi s\u00f6yleyebilirim.-tabii bu f\u0131nd\u0131k makineleri i\u00e7in ge\u00e7erli de\u011fil. Onlarda \u00e7ok etkilendik. B\u00fcy\u00fck o\u011flum iki senedir makine m\u00fchendisi olarak \u015firkette \u00e7al\u0131\u015f\u0131yor. 2005 y\u0131l\u0131ndan beri 3 y\u0131lda bir Duesseldorfta yap\u0131lan \u0130nterpack fuar\u0131na kat\u0131lmaktay\u0131z.<\/p>\n\n\n\n<p>Komple f\u0131nd\u0131k ve di\u011fer kabuklu kuruyemi\u015flerle ilgili entegre tesisler g\u0131da makineleri,<\/p>\n\n\n\n<p>Kavurma, kurutma f\u0131r\u0131nlar\u0131 p\u00fcre sistemleri, \u00e7ikolata makinelerinde d\u00fcnyada daha iyi bir yere gelmeyi hedeflemekteyiz. \u0130\u015f makinelerinde ise; seri olarak 3,5 ve 4,5 tonluk loaderler ile 2-3 metre k\u00fcpl\u00fck mobil beton mikseri, t\u00fcnel mikserleri beton santralar\u0131 ve eski i\u015fimiz \u00e7\u00f6p kamyonlar\u0131 yapmay\u0131 planlamaktay\u0131z. Seri imalat a\u015famas\u0131na gelindi\u011finde iki veya \u00fc\u00e7 \u015firket olarak yola devam edece\u011fiz.<\/p>\n\n\n\n<p><strong>T\u00dcB\u0130TAK\u2019A 5 PROJE YAPTIK<\/strong><\/p>\n\n\n\n<p>2001 y\u0131l\u0131ndan beri bir T\u00dcB\u0130TAK kurulu\u015fu olan Teydeb\u2019 den be\u015f proje ald\u0131k. Biri d\u0131\u015f\u0131nda hepsi bitti. 5. proje devam ediyor. \u0130zmit Ankara Gaziantep kuzeyinde kalan \u00e7izgide en fazla AR-GE yapan Oyman Makine\u2019dir.<\/p>\n\n\n\n<p>\u0130lk projemiz ufak i\u015f makineleri ile ilgili miniexcavator, loader ve mobil beton mikseri idi.<\/p>\n\n\n\n<p>\u0130kinci proje f\u0131nd\u0131k makinelerini ve mamullerini geli\u015ftirmek i\u00e7in pilot tesis, \u00fc\u00e7\u00fcnc\u00fc proje kay\u0131s\u0131 kurutma f\u0131r\u0131nlar\u0131 ile ilgiliydi. D\u00f6rd\u00fcnc\u00fc projemiz t\u00fcnel beton mikserleri idi. Son projemiz ise f\u0131nd\u0131k krokant\u0131 &nbsp;makineleri ki bu projeye devam ediyoruz. Maddi olanaklar\u0131m\u0131z&nbsp;\u00e7ok k\u0131s\u0131tl\u0131 oldu\u011fundan yeterince&nbsp;AR-GE faaliyetinde bulunam\u0131yor. Projeleri ger\u00e7ekle\u015ftirmekte \u00e7ok zorlan\u0131yoruz.<\/p>\n\n\n\n<p><strong>TTSO VE KT\u00dc\u2019YE ELE\u015eT\u0130R\u0130<\/strong><\/p>\n\n\n\n<p>\u015eahsi g\u00f6r\u00fc\u015f\u00fcm, meslek kurulu\u015flar\u0131n\u0131n yeteri kadar Trabzon i\u00e7in \u00e7al\u0131\u015fmad\u0131\u011f\u0131 ve Trabzon Ticaret ve Sanayi Odas\u0131 eski y\u00f6netiminin Trabzon sanayinden habersiz sanayi k\u0131sm\u0131 ile ilgilenmeden odan\u0131n ticaret k\u0131sm\u0131 ile ilgilendi\u011fi y\u00f6n\u00fcnde. Oda y\u00f6netiminin de\u011fi\u015fmesine ra\u011fmen yeni y\u00f6netiminde ayn\u0131 d\u00fc\u015f\u00fcnce ile hareket etti\u011fini g\u00f6r\u00fcyorum. Karadeniz Teknik \u00dcniversitesi\u2019nin de y\u0131llard\u0131r i\u00e7ine kapan\u0131p kald\u0131\u011f\u0131n\u0131 Trabzon\u2019da az olan sanayi kesimi ile hi\u00e7bir zaman asla anla\u015famad\u0131\u011f\u0131n\u0131 d\u00fc\u015f\u00fcn\u00fcyorum.<\/p>\n\n\n\n<p>Ya\u015fanan son ekonomik krizin ard\u0131ndan Arsin Organize Sanayi B\u00f6lgesi \u00e7ok iyi durumda de\u011fildir. OSB adeta TMO\u2019 nun depo sanayi b\u00f6lgesi durumunda.<\/p>\n\n\n\n<p><strong>TRABZON\u2019UN \u00d6NEM\u0130<\/strong><\/p>\n\n\n\n<p>Trabzon co\u011frafi yeri bak\u0131m\u0131ndan \u00e7ok \u00f6nemli bir liman kentidir. Bir taraftan Rusya Cumhuriyeti, G\u00fcrcistan, Azebeycan, T\u00fcrki Cumhuriyetleri, \u0130ran ve Irak ve Suriye ye ula\u015f\u0131m \u00e7ok kolayd\u0131r. Avrupa\u2019n\u0131n hangi kentinden u\u00e7arsan\u0131z u\u00e7un ayn\u0131 g\u00fcn Trabzon\u2019das\u0131n\u0131z.<\/p>\n\n\n\n<p>Bu&nbsp;\u00fclkelere imalat yapan firmalar\u0131n imalatlar\u0131n\u0131 da Trabzon\u2019da yapabilecek durumday\u0131z.<\/p>\n\n\n\n<p>Ayr\u0131ca t\u00fcm yat\u0131r\u0131mc\u0131lar\u0131 Trabzon a bekliyoruz.&nbsp;&nbsp;&nbsp;&nbsp;&nbsp;&nbsp;&nbsp;&nbsp;&nbsp;&nbsp;&nbsp;&nbsp;&nbsp;&nbsp;&nbsp;&nbsp;&nbsp;&nbsp;&nbsp;&nbsp;&nbsp;&nbsp;&nbsp;&nbsp;&nbsp;&nbsp;&nbsp;&nbsp;&nbsp;&nbsp;&nbsp;&nbsp;&nbsp;&nbsp;&nbsp;&nbsp;&nbsp;&nbsp;&nbsp;&nbsp;&nbsp;&nbsp;&nbsp;&nbsp;&nbsp;&nbsp;&nbsp;&nbsp;&nbsp;&nbsp;&nbsp;&nbsp;&nbsp;&nbsp;&nbsp;&nbsp;&nbsp;&nbsp;&nbsp;&nbsp;&nbsp;&nbsp; &nbsp;&nbsp;&nbsp;&nbsp;<\/p>\n\n\n\n<p><strong>\u0130\u015e YAPMAK PARA KAZANMAK DE\u011e\u0130LD\u0130R<\/strong><\/p>\n\n\n\n<p>\u00c7al\u0131\u015fman\u0131n ve para kazanman\u0131n insan hayat\u0131ndaki rol\u00fc ve \u00f6nemine ili\u015fkin de \u00dcniversite y\u0131llar\u0131nda hocalar\u0131n\u0131n an\u0131lar\u0131ndan anektotlar aktaran \u00dcmran Oyman bu an\u0131lar\u0131n \u00f6zellikle i\u015f hayat\u0131 boyunca kendileri i\u00e7in \u00e7ok b\u00fcy\u00fck tecr\u00fcbeler oldu\u011funu s\u00f6yledi. Oyman, i\u015f yapmak ve paran\u0131n \u00f6nemine ili\u015fkin an\u0131s\u0131n\u0131 da \u015fu \u015fekilde aktar\u0131yor: \u201cRekt\u00f6r vekilli\u011fi ve Makine elektrik fak\u00fcltesi dekanl\u0131\u011f\u0131 yapan Prof. Halis Duman Atat\u00fcrk \u00fcn Avrupa\u2019da okuttu\u011fu ilk T\u00fcrk \u00f6\u011frencilerden biriydi. Bize K\u0131zd\u0131\u011f\u0131 zaman\u201d \u00c7ocukla benim param var. Ben sizin i\u00e7in \u00e7al\u0131\u015f\u0131yorum\u201d derdi.<\/p>\n\n\n\n<p>Y\u0131llar sonra Prof. Ahmet Rasim B\u00fcy\u00fckt\u00fcr\u2019 den dinledi\u011fim hikayesini anlatmak isterim. Halis Duman\u2019\u0131n babas\u0131 Bolu\u2019da k\u00f6y imam\u0131 \u0130stiklal Sava\u015f\u0131nda yararl\u0131l\u0131klar g\u00f6steriyor. Sava\u015f sonras\u0131 Atat\u00fcrk \u00c7ocuklar\u0131n\u0131n okutulmas\u0131n\u0131 emrediyor. K\u0131z karde\u015fi \u00f6\u011fretmen olmak istiyor. Halis Bey\u2019i de trene bindirip Viyana\u2019ya okumaya g\u00f6nderiyorlar. Gitmeden \u00f6nce babas\u0131 kemerine alt\u0131n dikiyor. Viyana ya gitti\u011fi g\u00fcn tatil. Halis Bey&nbsp;konsoloslu\u011fun kap\u0131s\u0131n\u0131 \u00e7al\u0131yor. G\u00f6revli tatil deyip Halis Bey\u2019i d\u0131\u015far\u0131 at\u0131yor. Yoldan ge\u00e7en bir kad\u0131n sayesinde i\u00e7eri girebiliyor. Ertesi g\u00fcn konsolos geliyor. Konsolosa T\u00fcrkiye\u2019den okumak \u00fczere talebe g\u00f6nderildi\u011fini s\u00f6yl\u00fcyorlar, Konsolos&nbsp;\u201cBunlar\u0131 buraya g\u00f6nderiyorlar para yok pul yok, ne yapaca\u011f\u0131z bunlar\u0131\u2019 diye ba\u011f\u0131rmaya ba\u015fl\u0131yor. Halis Duman at\u0131l\u0131yor. \u201cBenim param var\u201d O zaman i\u015fin seyri de\u011fi\u015fiyor.<\/p>\n\n\n\n<p>Halis Duman&nbsp;\u201dk\u00fc\u00e7\u00fck ya\u015fta paran\u0131n ne demek oldu\u011funu orada anlad\u0131m demi\u015f.<\/p>\n\n\n\n<p>\u00c7al\u0131\u015fmak demek para kazanmak demek de\u011fildir. \u00c7al\u0131\u015f\u0131rs\u0131n\u0131z ortaya tesisler \u00e7\u0131kart\u0131rs\u0131n\u0131z. Makineler yapars\u0131n\u0131z, ama para kazanamazs\u0131n\u0131z. Fakat para da her \u015fey de\u011fildir.\u201d<\/p>\n","protected":false},"excerpt":{"rendered":"<p>Oyman Makine LTD.\u015eirketi M\u00fcd\u00fcr\u00fc \u00dcmran Oyman haz\u0131r beton makinas\u0131n\u0131n seri \u00fcretimine ba\u015flad\u0131klar\u0131n\u0131 s\u00f6yledi. &nbsp;\u00dcmran Oyman, Oyman Makine\u2019n\u0131n kurulu\u015fundan bug\u00fcne kadarki s\u00fcreci ve tecr\u00fcbelerini anlatt\u0131 Arsin Organize Sanayi B\u00f6lgesi\u2019nde faaliyet g\u00f6steren Oyman Makine Ltd \u015eti M\u00fcd\u00fcr\u00fc \u00dcmran Oyman d\u00fcnden bug\u00fcne ba\u015far\u0131ya giden yolu anlatt\u0131 &nbsp;Trabzon\u2019un Arsin \u0130l\u00e7esi\u2019 nde kurulu bulunan Organize Sanayi B\u00f6lgesi\u2019nde faaliyet g\u00f6steren Oyman [&hellip;]<\/p>\n","protected":false},"author":1,"featured_media":0,"parent":454,"menu_order":0,"comment_status":"closed","ping_status":"closed","template":"","meta":{"footnotes":""},"class_list":["post-506","page","type-page","status-publish","hentry"],"_links":{"self":[{"href":"https:\/\/tsiad.org.tr\/index.php\/wp-json\/wp\/v2\/pages\/506","targetHints":{"allow":["GET"]}}],"collection":[{"href":"https:\/\/tsiad.org.tr\/index.php\/wp-json\/wp\/v2\/pages"}],"about":[{"href":"https:\/\/tsiad.org.tr\/index.php\/wp-json\/wp\/v2\/types\/page"}],"author":[{"embeddable":true,"href":"https:\/\/tsiad.org.tr\/index.php\/wp-json\/wp\/v2\/users\/1"}],"replies":[{"embeddable":true,"href":"https:\/\/tsiad.org.tr\/index.php\/wp-json\/wp\/v2\/comments?post=506"}],"version-history":[{"count":2,"href":"https:\/\/tsiad.org.tr\/index.php\/wp-json\/wp\/v2\/pages\/506\/revisions"}],"predecessor-version":[{"id":539,"href":"https:\/\/tsiad.org.tr\/index.php\/wp-json\/wp\/v2\/pages\/506\/revisions\/539"}],"up":[{"embeddable":true,"href":"https:\/\/tsiad.org.tr\/index.php\/wp-json\/wp\/v2\/pages\/454"}],"wp:attachment":[{"href":"https:\/\/tsiad.org.tr\/index.php\/wp-json\/wp\/v2\/media?parent=506"}],"curies":[{"name":"wp","href":"https:\/\/api.w.org\/{rel}","templated":true}]}}