{"id":509,"date":"2025-01-07T07:31:56","date_gmt":"2025-01-07T07:31:56","guid":{"rendered":"https:\/\/tsiad.org.tr\/?page_id=509"},"modified":"2025-01-07T07:54:08","modified_gmt":"2025-01-07T07:54:08","slug":"erol-tuna","status":"publish","type":"page","link":"https:\/\/tsiad.org.tr\/index.php\/basari-hikayeleri\/erol-tuna\/","title":{"rendered":"Erol TUNA"},"content":{"rendered":"<div class=\"wp-block-image\">\n<figure class=\"aligncenter size-full\"><img fetchpriority=\"high\" decoding=\"async\" width=\"300\" height=\"450\" src=\"https:\/\/tsiad.org.tr\/wp-content\/uploads\/2025\/01\/err.gif\" alt=\"\" class=\"wp-image-540\"\/><\/figure>\n<\/div>\n\n\n<p>Trabzon&#8217;un yeti\u015ftirdi\u011fi ba\u015far\u0131l\u0131 i\u015f adamlar\u0131ndan &nbsp;Say\u0131n Erol Tuna, deyim yerindeyse merdivenleri tek tek \u00e7\u0131karak bug\u00fcnk\u00fc konumuna geli\u015fini ve \u00f6yk\u00fcs\u00fcn\u00fc anlatt\u0131. \u0130\u015f adam\u0131&nbsp;Erol Tuna, Trabzon&#8217;da spordan siyasete, k\u00fclt\u00fcrden sanata pek \u00e7ok konuda \u00f6nemli a\u00e7\u0131klamalarda bulundu.<\/p>\n\n\n\n<p><strong>\u0130\u015fte kendi a\u011fz\u0131ndan Erol Tuna<\/strong><\/p>\n\n\n\n<p>Trabzon&#8217;da do\u011fdum, \u0130lkokulu \u0130skender pa\u015fa&#8217;da Ortaokulu Cumhuriyet Ortaokulu&#8217;nda, Liseyi de Trabzon Lisesi&#8217;nde, okudum. Karadeniz Teknik \u00dcniversitesi Makine M\u00fchendisli\u011fi b\u00f6l\u00fcm\u00fc mezunuyum. Trabzon&#8217;da i\u015f hayat\u0131na ba\u015flamadan \u00f6nce \u0130stanbul&#8217;da babam\u0131n, a\u011fabeyimle&nbsp;birlikte a\u00e7m\u0131\u015f oldu\u011fu tekstil ma\u011fazas\u0131nda \u00e7al\u0131\u015ft\u0131m. 3 y\u0131l kadar s\u00fcreyle Sultan hamam\u0131 piyasas\u0131nda bulundum. Sultan hamam\u0131, deyim yerindeyse esnaf\u0131n, t\u00fcccar\u0131n en eski yeri daha do\u011frusu &#8216;Kabe&#8217; si&#8217; diyebiliriz. 1980 y\u0131l\u0131nda babam vefat edince Trabzon&#8217;a geldik ve buradaki i\u015fleri devrald\u0131k. 1983 y\u0131l\u0131nda i\u015fveren olarak i\u015f hayat\u0131na ba\u015flad\u0131k. \u015eu anda i\u015fveren olarak 29 y\u0131ll\u0131k i\u015fveren hayat\u0131m\u0131z var. Babam\u0131n mesle\u011fi toptan manifaturac\u0131l\u0131\u011f\u0131&nbsp;devralarak&nbsp;i\u015f hayat\u0131m\u0131za ba\u015flad\u0131k. Bu b\u00f6lgede, Sivas, \u00c7orum, Amasya, Tokat illerinde hal\u0131 da\u011f\u0131t\u0131m\u0131 yapt\u0131k.&nbsp;Manifaturac\u0131l\u0131ktan sonra beyaz e\u015fya i\u015fine girdik, 1989 y\u0131l\u0131nda yani 20 y\u0131l \u00f6nce de Ko\u00e7 grubuyla otomotiv i\u015fine ba\u015flad\u0131k. O zamanki konj\u00f6kt\u00fcr onu gerektiriyordu. Otomotive odakland\u0131k ve yine Ko\u00e7 grubuna ba\u011fl\u0131 F\u0131at&#8217; \u0131n bayili\u011fini ald\u0131k. Sat\u0131\u015f, servis yedek par\u00e7a i\u015fi yapan \u00fc\u00e7 tane ana tesisimiz var. Ordu&#8217;da F\u0131at olarak tesisimiz var, Trabzon&#8217;da hem F\u0131at hem Ford tesisimiz var. Bu tesislerde 120 civar\u0131nda \u00e7al\u0131\u015fan\u0131m\u0131z var. A\u011f\u0131rl\u0131k konumuz bu, 1986 y\u0131l\u0131nda da beyaz e\u015fya i\u015fine girdik. Ayn\u0131 zamanda in\u015faat i\u015fi de yap\u0131yoruz, akaryak\u0131t istasyonumuz var. Y\u00fcz binlerce m\u00fc\u015fterimiz var diyebilirim.<\/p>\n\n\n\n<p><strong>FARKLI PROJELER TRABZON&#8217;U YILDIZ YAPAR<\/strong><\/p>\n\n\n\n<p>Esnaf k\u00f6kenli bir aileden geldi\u011fini s\u00f6yleyen Erol Tuna, ticarette be\u015finci ku\u015fak oldu\u011funu s\u00f6yledi. Tuna, Trabzon&#8217;un ticaret potansiyelini de\u011ferlendirirken, &#8220;Trabzon esas\u0131nda verilere bakt\u0131\u011f\u0131n\u0131z zaman T\u00fcrkiye&#8217;deki gayri safi milli has\u0131lan\u0131n y\u00fczde 1&#8217;i \u00e7\u0131k\u0131yor kar\u015f\u0131n\u0131za. T\u00fcrkiye ekonomisine bakt\u0131\u011f\u0131n\u0131zda y\u00fczde birin \u00fczerindeki rakamlar iyi rakamlar. Trabzon&#8217;da elbette ki arzu etti\u011fimiz tablo bu de\u011fil ama yinede ihracatta b\u00f6lgesel ticaret merkezi co\u011frafyas\u0131ndan kaynaklanan bir hareketlilik, bir canl\u0131l\u0131k var\u201d dedi.&nbsp;<\/p>\n\n\n\n<p><strong>T\u0130CARET POTANS\u0130YEL\u0130 Y\u00dcKSEK<\/strong><\/p>\n\n\n\n<p>Trabzon&#8217;un ticaret potansiyelini iyi buldu\u011funu ve Trabzon&#8217;un gelece\u011finin \u00e7ok iyi olaca\u011f\u0131na inand\u0131\u011f\u0131n\u0131 s\u00f6yleyen Tuna, Trabzon&#8217;un \u00e7ok farkl\u0131 bir yeri oldu\u011funa da inand\u0131\u011f\u0131n\u0131 dile getirdi. \u201cE\u011fer b\u00fcy\u00fck projeler yap\u0131l\u0131rsa, \u015fehrin sorumlular\u0131 bir araya gelirde bunu yaparsa Trabzon bundan sonra da Anadolu&#8217;nun a\u00e7\u0131k ara y\u0131ld\u0131z\u0131 olur\u201d diyen Erol Tuna, \u015funlar\u0131 s\u00f6yledi: \u201cTrabzon bir Kayseri kadar ihracat yapan bir \u015fehir. Potansiyeli ve \u00e7ok \u00f6nemli dinamikleri var. Bu dinamikleri hayata ge\u00e7irmek gerekiyor. \u00d6rne\u011fin f\u0131nd\u0131k ihracat\u00e7\u0131lar\u0131m\u0131z var. F\u0131nd\u0131\u011f\u0131n \u00fcretimi Trabzon&#8217;da az ama yurt d\u0131\u015f\u0131na sat\u0131\u015f en fazla bu \u015fehirden ger\u00e7ekle\u015fiyor. Rusya&#8217;ya ya\u015f sebze meyve ihracat\u0131n\u0131 Trabzonlu firmalar\u0131n elinde. Bunlar\u0131n ba\u015far\u0131 \u00f6yk\u00fcleri sayfalar almaz. Sadece Trabzonspor bu \u015fehirde var diye bak\u0131lmamal\u0131, \u00e7ok \u00f6nemli dinamikleri var bu \u015fehrin. Trabzon; G\u00fcm\u00fc\u015fhane, Bayburt, Erzincan, Ordu, Giresun d\u00fc\u015f\u00fcn\u00fcld\u00fc\u011f\u00fcnde bir merkez olmu\u015f. Trabzon hangi sekt\u00f6r\u00fc tercih ederse o sekt\u00f6rde ba\u015far\u0131 sa\u011flayaca\u011f\u0131n\u0131, yeter ki tercihini biran \u00f6nce yapmas\u0131 gerekti\u011fine vurgu yapan Tuna, \u201cTrabzon&#8217;da sanayi niye olmas\u0131n, arazi yok deniyor. Kore&#8217;nin arazisi mi var, veya Japonya&#8217;n\u0131n arazisi mi var. Akl\u0131n yolu bir, projeyi koyacaks\u0131n, sana hangisi geliyorsa onda ilerleyeceksin. Yoksa Trabzon her anlamda bakir bir yer. Yeter ki projelendirilsin ve uygulans\u0131n. Trabzon sa\u011fl\u0131k \u015fehri olur, turizm \u015fehri olur. Bir turisti alacak olsan\u0131z, do\u011fas\u0131, tarihi yerleri, m\u00fczeleriyle bir hafta dolu dolu ya\u015fatabilirsiniz\u201d dedi.<\/p>\n\n\n\n<p><strong>ORTAK \u0130\u015e YAPILMAMASI DEZAVANTAJ OLARAK G\u00d6R\u00dcLMEMEL\u0130<\/strong><\/p>\n\n\n\n<p>Trabzon&#8217;da ortak hareket etme konusunda s\u0131k\u0131nt\u0131 ya\u015fand\u0131\u011f\u0131 y\u00f6n\u00fcndeki s\u00f6ylemlerin \u00e7ok s\u0131k\u00e7a dile getirildi\u011fine i\u015faret eden Erol Tuna, \u201c\u00d6rne\u011fin \u00c7imento Fabrikas\u0131&#8217;n\u0131n \u00f6zelle\u015ftirilmesine biz de girdik ama hat\u0131rlanaca\u011f\u0131 gibi, isteyenin bize kat\u0131labilece\u011fi mesaj\u0131n\u0131 vermi\u015ftik. Maalesef kimse gelmedi ama bunu bir dezavantaj olarak g\u00f6rmeyelim. Yani ortakl\u0131\u011fa uygun olmayan kafa yap\u0131lar\u0131n\u0131 dezavantaj olarak g\u00f6rmemeliyiz. Bunu avantaja \u00e7evirmeye bakmal\u0131y\u0131z. E\u011fer bireysel olarak bir \u015feyler yap\u0131labiliyorsa bunu kullanal\u0131m diyorum. Olaya pragmatik olarak bak\u0131lmamal\u0131. Bunu verimli hale \u00e7evirmenin yollar\u0131 aranmal\u0131\u201d diye konu\u015ftu. Ortakl\u0131k anlam\u0131nda bir araya gelmenin s\u00f6ylenen kadar \u00e7ok \u00f6nemli olmad\u0131\u011f\u0131n\u0131 da savunan Tuna, bunun bir sorun gibi g\u00f6sterilmesinin de kendisine g\u00f6re yanl\u0131\u015f oldu\u011funu dile getirdi. Tuna \u015funlar\u0131<\/p>\n\n\n\n<p>S\u00f6yledi.\u201dB\u00fcy\u00fck \u015firketlere bakt\u0131\u011f\u0131n\u0131zda b\u00fcy\u00fck \u00e7o\u011funlu\u011funun aile \u015firketi oldu\u011fu g\u00f6r\u00fclecektir. Bir Sabanc\u0131, bir Ko\u00e7, Eczac\u0131ba\u015f\u0131 \u00e7ok ortakl\u0131 de\u011fil birer aile \u015firketidir. Aile \u015firketleri \u015fu anda \u00f6n planda. \u00c7imento Fabrikas\u0131 konusunda bana g\u00f6re, yine \u015fehir planc\u0131lar\u0131, mimarlar bir araya gelip planlamay\u0131 yapmal\u0131. Buraya bir i\u015f merkezi yap\u0131labilir, alan\u0131n sanayi alan\u0131 olarak ayr\u0131lmas\u0131na kar\u015f\u0131y\u0131m. \u00c7a\u011fda\u015f, modern bir kente yak\u0131\u015facak yap\u0131lanma hayata ge\u00e7irilmeli orada.\u201d<\/p>\n\n\n\n<p><strong>KAL\u0130TEL\u0130 TOPLUM \u0130\u00c7\u0130N KAL\u0130TEL\u0130 B\u0130REY YET\u0130\u015eMEL\u0130<\/strong><\/p>\n\n\n\n<p>Ticaret hayatlar\u0131nda hep ne yapabilir izden ziyade i\u015fin sosyal sorumluluk boyutuna bakt\u0131klar\u0131n\u0131 ve &#8216;\u015fehre ne verebiliriz&#8217; anlamda kendilerini sorgulad\u0131klar\u0131n\u0131n alt\u0131n\u0131 \u00e7izen Erol Tuna bu anlamda faaliyetleri oldu\u011funu belirtti.&nbsp;Tuna \u015funlar\u0131 s\u00f6yledi: \u201d\u0130\u015f hayat\u0131na at\u0131ld\u0131\u011f\u0131m g\u00fcnden beri \u00e7e\u015fitli okullara belli yard\u0131mlar\u0131n yan\u0131 s\u0131ra, s\u0131n\u0131flar yapt\u0131rd\u0131k, baz\u0131 okullar\u0131n eksiklerini tamamlad\u0131k. Biz kaliteli bir toplum olabilmek i\u00e7in kaliteli birey yeti\u015ftirmek gerekti\u011fine, kaliteli i\u015f yapabilmek i\u00e7in kaliteli bireye ihtiya\u00e7 oldu\u011funu savunuyoruz. Yani biz bireyleri kaliteli yeti\u015ftirirsek her \u015feyimiz daha kaliteli olacakt\u0131r. Bu t\u00fcr desteklerimiz var. Burslu \u00f6\u011frencilerimiz var. Burslar\u0131m\u0131z\u0131 kar\u015f\u0131l\u0131ks\u0131z veriyoruz ancak tek \u015fart\u0131m\u0131z kendileri de mezun olduktan sonra, i\u015f hayat\u0131na at\u0131ld\u0131klar\u0131nda bir \u00f6\u011frenci okutmalar\u0131 kar\u015f\u0131l\u0131\u011f\u0131nda bu bor\u00e7lar\u0131n\u0131 bize \u00f6d\u00fcyorlar. E\u011fer okutmazsa bana borcunu \u00f6demiyor demektir, borcunu \u00f6demeyen insan da iyi insan de\u011fildir. Sosyal sorumluluk anlay\u0131\u015f\u0131m\u0131z gere\u011fi, Trabzon Meslek Lisesi&#8217;ne bir k\u00fct\u00fcphane yapt\u0131rd\u0131k. Bir ilk\u00f6\u011fretim okulu yapt\u0131rmak i\u00e7in Milli E\u011fitim M\u00fcd\u00fcrl\u00fc\u011f\u00fc ile anla\u015fma yapt\u0131k. Kendi m\u00fc\u015fterilerimizi de bu i\u015fe ortak ederek Ma\u00e7ka \u0130l\u00e7esi&#8217;nde a\u011fa\u00e7land\u0131rmaya katk\u0131 anlam\u0131nda ormanl\u0131k alan olu\u015fturduk. Ba\u015fka bir alanda 5 bin a\u011fa\u00e7l\u0131k orman daha yapmay\u0131 planl\u0131yoruz. \u00c7al\u0131\u015ft\u0131rd\u0131\u011f\u0131m\u0131z personele e\u011fitim anlam\u0131nda her t\u00fcrl\u00fc deste\u011fi veriyoruz.\u201d<\/p>\n\n\n\n<p><strong>TRABZONSPOR&#8217;A KURUMSAL B\u0130R K\u0130ML\u0130K KAZANDIRDIK<\/strong><\/p>\n\n\n\n<p>Trabzonspor&#8217;da y\u00f6neticilik yapt\u0131\u011f\u0131 d\u00f6nemlerle bug\u00fcnlere gelinceye kadarki s\u00fcreci de de\u011ferlendiren Erol Tuna \u015funlar\u0131 s\u00f6yledi: \u201cTrabzonspor&#8217;da 1995-96&#8217;da Faruk Bey&#8217;le bir d\u00f6nemimiz oldu. 2002-2003&#8217;de \u00d6zkan S\u00fcmer&#8217;le bir d\u00f6nemimiz oldu. \u00d6zkan S\u00fcmer b\u0131rakt\u0131ktan sonra kul\u00fcb\u00fc ikinci d\u00f6nem kongreye kadar ta\u015f\u0131d\u0131m. \u0130lk d\u00f6nem \u00e7\u0131rakl\u0131k d\u00f6nemimizdi, sa\u011folsun Kenan \u0130skender ve Faruk \u00d6zak Bey&#8217;den epey bilgi sahibi oldum, bizi e\u011fittiler, ancak zaman k\u0131sayd\u0131, zaman biraz daha uzun olsayd\u0131 \u00e7ok daha \u015feyler \u00f6\u011frenece\u011fim inanc\u0131nday\u0131m. Ondan sonraki d\u00f6nem ustal\u0131k d\u00f6nemiydi. Kul\u00fcbe kurumsal bir kimlik kazand\u0131rd\u0131k, ileti\u015fimini \u00fcstlendik, marka de\u011ferini art\u0131rd\u0131k, iyi \u015feyler yapt\u0131\u011f\u0131m\u0131za inan\u0131yorum. \u00d6rne\u011fin internet sitesini kurdu, ilk dergiyi biz \u00e7\u0131kard\u0131k, yeni a\u00e7\u0131l\u0131mlar, yeni formalar, markalar, ma\u011fazalar a\u00e7malar, fran\u00e7ayzing vs.\u201d<\/p>\n\n\n\n<p><strong>AKLIN YOLU B\u0130R<\/strong><\/p>\n\n\n\n<p>Y\u0131llard\u0131r tart\u0131\u015f\u0131lan, &#8216;Karadeniz Teknik \u00dcniversitesi&#8217;nin \u015fehre katk\u0131 sa\u011flay\u0131p sa\u011flamad\u0131\u011f\u0131&#8217; konusundaki g\u00f6r\u00fc\u015flerini de dile getiren Tuna, \u201cAkl\u0131n yolu birdir. Bilim adamlar\u0131 olmadan biz yolda y\u00fcr\u00fcyemeyiz. Bilim adamlar\u0131 bizim her \u015feyimiz. Bilim adamlar\u0131 da piyasa olmadan hi\u00e7bir \u015fey yapamazlar. \u00c7ar\u015f\u0131 -pazar onlara laz\u0131m. Onlar bizi y\u00f6nlendirecekler. Bilim adam\u0131 bir \u015feyleri \u015fehre sunam\u0131yorsa birbirini su\u00e7lamaya gerek yok. Bana g\u00f6re \u00fcniversitenin \u015fehre inan\u0131lmaz katk\u0131s\u0131 var. Ama \u00fcniversite e\u011fer \u015fehirden faydalanam\u0131yorsa o da onlar\u0131n sorunu. Biz \u00fcniversiteden her \u015feyiyle faydalan\u0131yoruz. Kim bunu k\u00fc\u00e7\u00fcmseyebilir\u201d dedi.&nbsp;<\/p>\n\n\n\n<p><strong>BA\u015eARININ SIRRI<\/strong><\/p>\n\n\n\n<p>Uzun soluklu i\u015f hayat\u0131nda ba\u015far\u0131n\u0131n s\u0131rr\u0131n\u0131 da planl\u0131 ve programl\u0131 olmayan ba\u011flayan Erol Tuna \u015fu a\u00e7\u0131klamalar\u0131 yapt\u0131: \u201cPlanl\u0131 ve programl\u0131y\u0131m, haftal\u0131k ve g\u00fcnl\u00fck programa g\u00f6re hareket ederim. Hangi saatte ne yapaca\u011f\u0131m\u0131z ajandam\u0131zda vard\u0131r. \u0130nsan ya\u015fad\u0131k\u00e7a hayat\u0131 daha \u00e7ok form\u00fclle\u015ftiriyor, disiplin alt\u0131na al\u0131yor, daha kolayla\u015ft\u0131rmak gerekiyor. \u0130htiya\u00e7lar art\u0131yor, daha fazla olaylarla kar\u015f\u0131la\u015f\u0131yorsunuz o y\u00fczde programl\u0131 olmak gerekiyor. Kitap yazmak ve belli konularda yazma d\u00fc\u015f\u00fcncem var. E\u011fitime de\u011fer veren, \u00e7evresine sayg\u0131 duyan, demokrasiye inanan ve demokratik olan, duyarl\u0131, bilgili bireylerin olu\u015fmas\u0131na her t\u00fcrl\u00fc yard\u0131m ve katk\u0131da bulunacak bir kafa yap\u0131m\u0131z var. Bizim bir atas\u00f6z\u00fcm\u00fcz var, \u201cAptal dostun olaca\u011f\u0131na ak\u0131ll\u0131 d\u00fc\u015fman\u0131n olsun\u201d Bu \u00e7ok \u015fey anlat\u0131yor. Toleransl\u0131 olmaktan yanay\u0131z. Bize \u015fu anda darg\u0131n olan m\u00fc\u015fterilerimiz var ama inan\u0131yoruz ki; bir zaman sonra bizim hakl\u0131 oldu\u011fumuzu g\u00f6recekler. \u00c7\u00fcnk\u00fc bizim yapt\u0131\u011f\u0131m\u0131z her \u015fey m\u00fc\u015fterilerimizin menfaatine. Onlar\u0131n menfaatlerini ve beklentilerini kar\u015f\u0131larsak biz otomatikman \u015firketi g\u00fc\u00e7lendirmi\u015f oluyoruz, \u00e7\u00fcnk\u00fc m\u00fc\u015fterilerimiz bizim en \u00f6nemli sermayemiz. E\u011fer m\u00fc\u015fterilerimizi mutlu edebiliyorsak biz de mutlu olabiliriz. Duru\u015funuz belli olacak o duru\u015fu her zaman sergiledik\u00e7e i\u015fler de d\u00fczg\u00fcn y\u00fcr\u00fcr. Her zaman her an hesap verir durumda olmal\u0131s\u0131n\u0131z.&nbsp;<\/p>\n\n\n\n<p><strong>RES\u0130M SANATINA OLAN \u0130LG\u0130S\u0130<\/strong><\/p>\n\n\n\n<p>Ge\u00e7mi\u015ften bug\u00fcne ad\u0131 hep k\u00fclt\u00fcr-sanat \u015fehri olarak an\u0131lan Trabzon&#8217;un bir evlad\u0131 olarak sanata hep ilgi duydu\u011funu s\u00f6yleyen Erol Tuna&#8217;n\u0131n soyut resme kar\u015f\u0131 ayr\u0131 bir ilgisi olmu\u015f hep. Tuna&#8217;n\u0131n ilgin\u00e7 bir de tespiti var. Tuna bu tespitini \u015f\u00f6yle dile getiriyor: \u201d K\u00f6ylerden kente g\u00f6\u00e7 oldu\u011fu i\u00e7in asl\u0131nda kentliler istila edildi. ( Biz de k\u00f6y k\u00f6kenli aileyiz) \u0130stila edilen kentlilerin k\u00f6yden gelenleri kentlile\u015ftirmeleri gerekiyordu. Oysaki kentliler \u00f6rnek olmak yerine k\u00f6yl\u00fclere burun k\u0131v\u0131rd\u0131lar. Beraber ya\u015f\u0131yoruz onu da e\u011fitip faydal\u0131 hale getirelim. Kentlilerin k\u00f6yl\u00fcleri kucaklamas\u0131 laz\u0131md\u0131. Ayr\u0131ca kent k\u00fclt\u00fcr\u00fcn\u00fc a\u015f\u0131lamalar\u0131 laz\u0131md\u0131. Bu da Trabzon i\u00e7in belki de k\u00fclt\u00fcr ve sanat a\u00e7\u0131s\u0131ndan geli\u015fememesine ve eskiyi arar hale gelmesine neden olmu\u015ftur.&nbsp;<\/p>\n\n\n\n<p><strong>O B\u0130R E\u011e\u0130T\u0130M G\u00d6N\u00dcLL\u00dcS\u00dc<\/strong><\/p>\n\n\n\n<p>Erol Tuna bug\u00fcne kadar Trabzon&#8217;da e\u011fitim ad\u0131na \u00e7ok b\u00fcy\u00fck ve \u00f6nemli katk\u0131lar sa\u011flam\u0131\u015f i\u015fadamlar\u0131n\u0131n belki de en \u00f6nde gidenlerinden. Mezun oldu\u011fu Trabzon Lisesi&#8217;nde hangi k\u00f6\u015feye baksan\u0131z belki de orada Erol Tuna&#8217;n\u0131n bir katk\u0131s\u0131 var. Ge\u00e7ti\u011fimiz g\u00fcnlerde Trabzon End\u00fcstri Meslek Lisesi&#8217;nde ad\u0131na a\u00e7\u0131lan K\u00fct\u00fcphane ise e\u011fitime yapt\u0131\u011f\u0131 katk\u0131lardan sadece birisi. \u015eimdi s\u0131rada Trabzon Valili\u011fi ile birlikte protokol\u00fcn\u00fc imzalad\u0131\u011f\u0131 So\u011fuksu Mahallesi&#8217;nde yap\u0131lmas\u0131 planlanan 24 derslikli ilk\u00f6\u011fretim okulu var. Bu sayd\u0131klar\u0131m\u0131z da Erol Tuna&#8217;n\u0131n e\u011fitim ad\u0131na yapt\u0131\u011f\u0131 katk\u0131lardan sadece bir ka\u00e7\u0131.<\/p>\n","protected":false},"excerpt":{"rendered":"<p>Trabzon&#8217;un yeti\u015ftirdi\u011fi ba\u015far\u0131l\u0131 i\u015f adamlar\u0131ndan &nbsp;Say\u0131n Erol Tuna, deyim yerindeyse merdivenleri tek tek \u00e7\u0131karak bug\u00fcnk\u00fc konumuna geli\u015fini ve \u00f6yk\u00fcs\u00fcn\u00fc anlatt\u0131. \u0130\u015f adam\u0131&nbsp;Erol Tuna, Trabzon&#8217;da spordan siyasete, k\u00fclt\u00fcrden sanata pek \u00e7ok konuda \u00f6nemli a\u00e7\u0131klamalarda bulundu. \u0130\u015fte kendi a\u011fz\u0131ndan Erol Tuna Trabzon&#8217;da do\u011fdum, \u0130lkokulu \u0130skender pa\u015fa&#8217;da Ortaokulu Cumhuriyet Ortaokulu&#8217;nda, Liseyi de Trabzon Lisesi&#8217;nde, okudum. Karadeniz Teknik \u00dcniversitesi [&hellip;]<\/p>\n","protected":false},"author":1,"featured_media":0,"parent":454,"menu_order":0,"comment_status":"closed","ping_status":"closed","template":"","meta":{"footnotes":""},"class_list":["post-509","page","type-page","status-publish","hentry"],"_links":{"self":[{"href":"https:\/\/tsiad.org.tr\/index.php\/wp-json\/wp\/v2\/pages\/509","targetHints":{"allow":["GET"]}}],"collection":[{"href":"https:\/\/tsiad.org.tr\/index.php\/wp-json\/wp\/v2\/pages"}],"about":[{"href":"https:\/\/tsiad.org.tr\/index.php\/wp-json\/wp\/v2\/types\/page"}],"author":[{"embeddable":true,"href":"https:\/\/tsiad.org.tr\/index.php\/wp-json\/wp\/v2\/users\/1"}],"replies":[{"embeddable":true,"href":"https:\/\/tsiad.org.tr\/index.php\/wp-json\/wp\/v2\/comments?post=509"}],"version-history":[{"count":2,"href":"https:\/\/tsiad.org.tr\/index.php\/wp-json\/wp\/v2\/pages\/509\/revisions"}],"predecessor-version":[{"id":541,"href":"https:\/\/tsiad.org.tr\/index.php\/wp-json\/wp\/v2\/pages\/509\/revisions\/541"}],"up":[{"embeddable":true,"href":"https:\/\/tsiad.org.tr\/index.php\/wp-json\/wp\/v2\/pages\/454"}],"wp:attachment":[{"href":"https:\/\/tsiad.org.tr\/index.php\/wp-json\/wp\/v2\/media?parent=509"}],"curies":[{"name":"wp","href":"https:\/\/api.w.org\/{rel}","templated":true}]}}