{"id":516,"date":"2025-01-07T07:33:40","date_gmt":"2025-01-07T07:33:40","guid":{"rendered":"https:\/\/tsiad.org.tr\/?page_id=516"},"modified":"2025-01-07T07:56:40","modified_gmt":"2025-01-07T07:56:40","slug":"basturk-kardesler","status":"publish","type":"page","link":"https:\/\/tsiad.org.tr\/index.php\/basari-hikayeleri\/basturk-kardesler\/","title":{"rendered":"Ba\u015ft\u00fcrk Karde\u015fler"},"content":{"rendered":"\n<div class=\"wp-block-group is-layout-grid wp-container-core-group-is-layout-478b6e6b wp-block-group-is-layout-grid\">\n<figure class=\"wp-block-image size-full wp-container-content-e29552f7\"><img fetchpriority=\"high\" decoding=\"async\" width=\"350\" height=\"233\" src=\"https:\/\/tsiad.org.tr\/wp-content\/uploads\/2025\/01\/basturk1.jpg\" alt=\"\" class=\"wp-image-544\" srcset=\"https:\/\/tsiad.org.tr\/wp-content\/uploads\/2025\/01\/basturk1.jpg 350w, https:\/\/tsiad.org.tr\/wp-content\/uploads\/2025\/01\/basturk1-300x200.jpg 300w\" sizes=\"(max-width: 350px) 100vw, 350px\" \/><\/figure>\n\n\n\n<figure class=\"wp-block-image size-full wp-container-content-e29552f7\"><img decoding=\"async\" width=\"350\" height=\"233\" data-src=\"https:\/\/tsiad.org.tr\/wp-content\/uploads\/2025\/01\/basturk2.jpg\" alt=\"\" class=\"wp-image-545 lazyload\" data-srcset=\"https:\/\/tsiad.org.tr\/wp-content\/uploads\/2025\/01\/basturk2.jpg 350w, https:\/\/tsiad.org.tr\/wp-content\/uploads\/2025\/01\/basturk2-300x200.jpg 300w\" data-sizes=\"(max-width: 350px) 100vw, 350px\" src=\"data:image\/svg+xml;base64,PHN2ZyB3aWR0aD0iMSIgaGVpZ2h0PSIxIiB4bWxucz0iaHR0cDovL3d3dy53My5vcmcvMjAwMC9zdmciPjwvc3ZnPg==\" style=\"--smush-placeholder-width: 350px; --smush-placeholder-aspect-ratio: 350\/233;\" \/><\/figure>\n<\/div>\n\n\n\n<p>PVC kaplama ve pencere imalat\u0131nda Trabzon\u2019dan T\u00fcrkiye\u2019ye ve yurtd\u0131\u015f\u0131na a\u00e7\u0131lan Uzay Plastik Filpen hedef b\u00fcy\u00fct\u00fcyor<\/p>\n\n\n\n<p>&nbsp;Trabzon\u2019un Arsin \u0130l\u00e7esi\u2019nde kurulu bulunan OSB\u2019de faaliyetlerini s\u00fcrd\u00fcren Uzay Plastik ve Orman \u00dcr\u00fcnleri San. Tic. A.\u015e\u2019nin \u00f6yk\u00fcs\u00fc muhacirlikle ba\u015flayan bir ge\u00e7mi\u015fle ba\u015fl\u0131yor. Be\u015f karde\u015ften birisinin vefat etmesi, bir di\u011ferinin ayr\u0131lmas\u0131yla \u00fc\u00e7 karde\u015flerin yola birlikte devam karar\u0131 ile bug\u00fcnlere geldi. H\u00fcseyin, Nizamettin ve Ekrem Ba\u015ft\u00fcrk karde\u015fler aile \u015firketlerinde halen kendi \u00e7ocuklar\u0131n\u0131n ikinci ku\u015fak olarak yeti\u015fti\u011fini ve birlikte \u00e7al\u0131\u015fmaya devam ettiklerini g\u00f6rmekten b\u00fcy\u00fck mutluluk duyduklar\u0131n\u0131 belirterek, \u201c\u00dclkemizde ve \u00f6zellikle Karadeniz B\u00f6lgesi\u2019nde aile \u015firketleri \u00e7ok fazla uzun \u00f6m\u00fcrl\u00fc olamamakta. Ancak bizler sorumlulu\u011fumuzun bilincinde bug\u00fcnlere geldik. Herkes i\u015fini yapt\u0131\u201d diyerek ba\u015far\u0131ya ula\u015fmalar\u0131ndaki \u00f6nemli hususu da vurgulad\u0131lar.<\/p>\n\n\n\n<p>Uzay Plastik ve Orman \u00dcr\u00fcnleri San. Tic. A.\u015e\u2019nin Filpen ad\u0131yla markala\u015ft\u0131\u011f\u0131n\u0131 s\u00f6yleyen karde\u015flerden ayn\u0131 zamanda Y\u00f6netim Kurulu Ba\u015fkan\u0131 H\u00fcseyin Ba\u015ft\u00fcrk, Trabzon\u2019daki Arsin Organize Sanayi B\u00f6lgesi\u2019nde ba\u015flayan yat\u0131r\u0131mlar\u0131n\u0131n Rusya\u2019da devam etti\u011fini ve \u00f6n\u00fcm\u00fczdeki s\u00fcre\u00e7te Afrika pazar\u0131na a\u00e7\u0131lmay\u0131 hedeflediklerini ifade etti. PVC profil imalat\u0131 yapan firmalar\u0131n\u0131n 90\u2019l\u0131 y\u0131llar\u0131n ba\u015f\u0131nda \u00f6zellikle ke\u015ffedilmemi\u015f Do\u011fu Bloku \u00fclkelerine ihra\u00e7 yaparak b\u00fcy\u00fck i\u015fler yapt\u0131klar\u0131na i\u015faret ederek, \u201cNas\u0131l ki biz 90\u2019l\u0131 y\u0131llar\u0131n ba\u015f\u0131nda plasti\u011fin ne oldu\u011funu \u00f6\u011frenmi\u015fsek, onlar da plasti\u011fin ne oldu\u011funu bilmiyorlard\u0131. O b\u00f6lge bakirdi ve yeni ke\u015ffedilmi\u015fti, biz de yak\u0131n olmam\u0131z\u0131n avantaj\u0131n\u0131 kullanarak o b\u00f6lgeye girmeyi tercih ettik\u201d diye konu\u015ftu.<\/p>\n\n\n\n<p><strong>Uzay Plastik olarak Fil Pen markas\u0131n\u0131 nas\u0131l olu\u015fturdunuz, kurulu\u015f \u00f6yk\u00fcn\u00fczden bahseder misiniz?<\/strong><\/p>\n\n\n\n<p>Trabzon\u2019un \u00c7aykara \u0130l\u00e7esi\u2019nde ya\u015fayan bir aileyken, 1966 y\u0131l\u0131nda b\u00f6lgemizin en \u00f6nemli sorunlar\u0131ndan birisi olan sel ve neticesinde meydana gelen heyelan sonras\u0131 ya\u015fad\u0131\u011f\u0131m\u0131z k\u00f6y adeta yok olunca biz de aile olarak yeni bir hayata yelken a\u00e7t\u0131k. Devletin iskan etti\u011fi yerler aras\u0131na bizi de dahil edince ailece Hatay\u2019\u0131n K\u0131r\u0131khan \u0130l\u00e7esi\u2019ne yerle\u015fmek durumunda kald\u0131k. 1990 y\u0131l\u0131na kadar kald\u0131\u011f\u0131m\u0131z bu yere olduk\u00e7a zor adapte olduk. \u00c7\u00fcnk\u00fc tamamen farkl\u0131 bir y\u00f6reden gelip farkl\u0131 bir y\u00f6rede ya\u015famaya ba\u015fl\u0131yorsunuz. Gitti\u011fimiz yerdeki toplumla uyum sorunlar\u0131 da ya\u015fad\u0131k zaman zaman. Hi\u00e7 bilmedi\u011fimiz bir co\u011frafya ve iklimde ya\u015famak zorundayd\u0131k. O d\u00f6nemler a\u011fabeylerimin ikisi Almanya\u2019ya gitti. Kalan \u00fc\u00e7 karde\u015f ise okuma imkan\u0131m\u0131z \u00e7ok fazla olmad\u0131\u011f\u0131 i\u00e7in tahsil hayat\u0131m\u0131z\u0131 yar\u0131da kesmek zorunda kald\u0131k. A\u011fabeylerimizin Almanya\u2019dan g\u00f6nderdi\u011fi paralarla yapt\u0131\u011f\u0131m\u0131z birikimlerden ticarete at\u0131ld\u0131k. Hatay K\u0131r\u0131khan\u2019da ba\u015flayan bu ticaret hayat\u0131m\u0131z\u0131n i\u00e7inde g\u0131dadan, parf\u00fcmeriye, ev tekstilinden, beyaz e\u015fyaya ve in\u015faat malzemelerine kadar her \u015fey vard\u0131. Yapmad\u0131\u011f\u0131m\u0131z i\u015f yoktu neredeyse. G\u00fczel de bir ivme yakalam\u0131\u015ft\u0131k. 1990 y\u0131l\u0131nda \u0130stanbul\u2019a ilk ad\u0131m\u0131m\u0131z\u0131 att\u0131k ve orada ilk i\u015fimiz beyaz e\u015fya bayili\u011fi ve z\u00fccaciye alan\u0131nda oldu. Geni\u015f de bir konseptimiz vard\u0131. 1975 y\u0131l\u0131nda bir a\u011fabeyim, 1979\u2019da da di\u011fer a\u011fabeyim Almanya\u2019dan d\u00f6nd\u00fc. \u0130kinci a\u011fabeyimin d\u00f6nmesinden sonra da in\u015faat i\u015fine ba\u015flad\u0131k. 1997 y\u0131l\u0131nda Arsin Organize Sanayi B\u00f6lgesi\u2019nde halen bulundu\u011fumuz yerin temelini att\u0131k, 1998 y\u0131l\u0131nda hizmete a\u00e7t\u0131k. A\u011fabeylerimizden birisini 1998 y\u0131l\u0131nda trafik kazas\u0131nda kaybettik ve 4 karde\u015f kald\u0131k, a\u011fabeylerimizden di\u011feri de emekli olup bizden ayr\u0131ld\u0131. \u00dc\u00e7 karde\u015f biz birlikte yolumuza devam ettik ve bug\u00fcnlere de birlikte geldik.<\/p>\n\n\n\n<p><strong>Aile \u015eirketi olarak devam ediyorsunuz, bunu s\u00fcrd\u00fcrmek zor oldu mu?<\/strong><\/p>\n\n\n\n<p>Aile \u015firketleri T\u00fcrkiye&#8217;de de d\u00fcnyada da \u00fc\u00e7\u00fcnc\u00fc nesile kadar gidemiyor. Firmalar iki karde\u015f aras\u0131nda kurulurken iki\u015fer \u00e7ocuk olmas\u0131, daha sonra onlar\u0131n da \u00e7ocuklar\u0131 derken anla\u015fma oran\u0131 olduk\u00e7a zay\u0131fl\u0131yor. Burada en \u00f6nemli husus anlay\u0131\u015f ve \u00f6zveri .Tek tarafl\u0131 olmayacak \u015fekilde her iki taraf\u0131n da yapaca\u011f\u0131 \u015fey; anlay\u0131\u015f ve fedakarl\u0131kla olmal\u0131d\u0131r ve bu ba\u015far\u0131 i\u00e7in \u015fartt\u0131r. Uzay Plastik\u2019te halen \u00fc\u00e7 ortakl\u0131 karde\u015fin 4 \u00e7ocu\u011fu, di\u011fer firmalarda ise 9\u2019u&nbsp;yer al\u0131yor.<\/p>\n\n\n\n<p>Rusya&#8217;daki firmada iki ki\u015fi s\u00fcrekli kal\u0131yor, in\u015faat i\u015fleri ve beyaz e\u015fya i\u015fleriyle u\u011fra\u015fan d\u00f6rt ki\u015fi de \u0130stanbul\u2019da kal\u0131yor.<\/p>\n\n\n\n<p><strong>Uzay Plastik marka ad\u0131yla Filpen Arsin OSB\u2019de ne kadar bir alanda kurulu bulunuyor, istihdam say\u0131n\u0131z ne kadar?<\/strong><\/p>\n\n\n\n<p>Firmam\u0131z kapal\u0131 alan\u0131 8 bin metrekare a\u00e7\u0131k alan 20 bin metrekare alan olmak \u00fczere 28 bin metrekarelik bir alana kurulu bulunuyor. \u0130stihdam say\u0131m\u0131z ise d\u00f6nemsel olarak (yaz-k\u0131\u015f) de\u011fi\u015fti\u011fi i\u00e7in ortalama 75 ki\u015fi \u00e7al\u0131\u015f\u0131yor diyebilirim. Ancak Rusya&#8217;daki imalatta \u00e7al\u0131\u015fan say\u0131s\u0131 ise 700 ki\u015fi civar\u0131nda.<\/p>\n\n\n\n<p><strong>Markala\u015fmak zor oldu mu, nas\u0131l bir s\u00fcre\u00e7 ya\u015fad\u0131n\u0131z?<\/strong><\/p>\n\n\n\n<p>T\u00fcrkiye \u00e7ap\u0131nda markala\u015fma ve bayi a\u011f\u0131n\u0131 olu\u015fturmak epey bir zaman\u0131m\u0131z\u0131 ald\u0131 diyebilirim. 2004 y\u0131l\u0131ndan sonra yurtd\u0131\u015f\u0131nda bu i\u015fi yapmak i\u00e7in aray\u0131\u015flara girdik. 2006 y\u0131l\u0131nda Rusya\u2019n\u0131n Grasnadar B\u00f6lgesi\u2019nde ikinci fabrikam\u0131z\u0131 faaliyete ge\u00e7irdik. Bu sekt\u00f6rde y\u00fczde y\u00fcz T\u00fcrk sermayesi ile olu\u015fan ilk fabrikay\u0131 oraya kurarak bir ilki de ger\u00e7ekle\u015ftirmi\u015f olduk.<\/p>\n\n\n\n<p><strong>\u015eirket ad\u0131 Uzay Plastik ve Orman \u00dcr\u00fcnleri diye ge\u00e7iyor ancak markala\u015fman\u0131z\u0131 Filpen olarak yapt\u0131n\u0131z, bunun sebebi nedir?<\/strong><\/p>\n\n\n\n<p>\u00c7ok ince detaylar\u0131 da d\u00fc\u015f\u00fcnerek biz Filpen olarak markala\u015fmay\u0131 tercih ettik.Bunun sebebi de. Fil\u2019in yery\u00fcz\u00fcnde kargalardan sonra en uzun ya\u015fayan canl\u0131 olmas\u0131ndan tutun, yine yery\u00fcz\u00fcnde 80-150 y\u0131l aras\u0131 en uzun ya\u015fayan canl\u0131 olmas\u0131na, yine Fil\u2019in c\u00fcssesi itibariyle kara canl\u0131lar\u0131 i\u00e7inde en ihti\u015faml\u0131 olan hayvan olmas\u0131na kadar bir \u00e7ok ince ayr\u0131nt\u0131y\u0131 d\u00fc\u015f\u00fcnerek bunu kullanmak istedik. Fil ayr\u0131ca do\u011faya faydal\u0131 bir hayvan, bilindi\u011fi gibi \u00f6zellikle i\u00e7g\u00fcd\u00fcsel olarak suyu bulma \u00f6zelli\u011fi var. Yine bilindi\u011fi \u00fczere ge\u00e7mi\u015fte T\u00fcrkiye veya d\u00fcnyada kap\u0131 ve pencereler daha \u00e7ok a\u011fa\u00e7tan imal ediliyordu, a\u011fac\u0131n en b\u00fcy\u00fck faydas\u0131 fotosentezdi a\u011fa\u00e7lar\u0131n y\u0131k\u0131m\u0131 yok olmas\u0131 oksijen oran\u0131n\u0131n d\u00fc\u015fmesi demekti ve insan sa\u011fl\u0131\u011f\u0131 i\u00e7in de zararl\u0131 bir durum ortaya \u00e7\u0131kar\u0131yordu. Bizim \u00fcretti\u011fimiz \u00fcr\u00fcn bir nebze de olsa a\u011fa\u00e7 kesimini pencere ve kap\u0131 i\u00e7in kesilen a\u011fa\u00e7lar\u0131n kesilmesini engelliyor. Do\u011faya da bir anlamda faydam\u0131z oluyor diye d\u00fc\u015f\u00fcn\u00fcyoruz.<\/p>\n\n\n\n<p><strong>Peki orman \u00fcr\u00fcnleri \u00fczerine imalat\u0131n\u0131z var m\u0131?<\/strong><\/p>\n\n\n\n<p>D\u00f6rt y\u0131l \u00f6ncesine kadar orman \u00fcr\u00fcnlerini i\u015flemek de b\u00fcnyemizde vard\u0131. Ancak eskisi kadar cazibesinin kalmad\u0131\u011f\u0131 d\u00fc\u015f\u00fcncesiyle bu faaliyetimize son verdik. Orman \u00fcr\u00fcnleri \u00fczerine genelde, yanan ormanlar\u0131n ihalesini al\u0131p kesiminden a\u011fa\u00e7land\u0131rmas\u0131na kadar akla gelebilecek pek \u00e7ok i\u015f yap\u0131yorduk. Ancak \u015fu anda bu faaliyetlerimiz devam etmiyor.<\/p>\n\n\n\n<p><strong>Gelecek d\u00f6nemde yeni hedefleriniz var m\u0131, bu yurtd\u0131\u015f\u0131 pazarlar\u0131 i\u00e7in de ge\u00e7erli?<\/strong><\/p>\n\n\n\n<p>Rusya i\u00e7in yeni bir projemiz var. Ytong t\u00fcr\u00fc hafif briket, tu\u011fla, cam y\u00fcn\u00fc, \u0131s\u0131 izolasyonu, in\u015faat yap\u0131\u015fkanlar\u0131, haz\u0131r s\u0131va gibi imalat\u0131 ger\u00e7ekle\u015ftirmek \u00fczere bir projemiz var. Yer aray\u0131\u015flar\u0131n\u0131 s\u00fcrd\u00fcr\u00fcyoruz. Takriben bir-iki ay i\u00e7erisinde bu konu netle\u015fecek. Bunun 30 milyonluk bir yat\u0131r\u0131m olmas\u0131n\u0131 \u00f6ng\u00f6r\u00fcyoruz. Ayr\u0131ca son d\u00f6nemlerde reva\u00e7ta olan Afrika \u00fclkelerine girmeyi de d\u00fc\u015f\u00fcn\u00fcyoruz. \u00d6zellikle bu tip piyasalarda in\u015faat sekt\u00f6r\u00fc olarak belki de kendi sekt\u00f6r\u00fcm\u00fcz olarak girmeyi d\u00fc\u015f\u00fcn\u00fcyoruz. Bu konuda da aray\u0131\u015flar\u0131m\u0131z var. Enerji sekt\u00f6r\u00fcnde yeni f\u0131rsatlar bulursak yat\u0131r\u0131mlara devam edece\u011fiz. Trabzon Enerji A.\u015e\u2019nin b\u00fcnyesinde olu\u015fturulan Kemer\u00e7ay\u0131r ve \u00dc\u00e7hanlar HES\u2019lerinde de ortakl\u0131\u011f\u0131m\u0131z var. Yine HES\u2019lerin bulundu\u011fu b\u00f6lgede 150 d\u00f6n\u00fcml\u00fck bir arazimiz var. Burada da yaban mersini, Trabzon hurmas\u0131 yada \u00e7ilek \u00fcr\u00fcn\u00fc \u00fczerine ara\u015ft\u0131rmalar yap\u0131yoruz. Karar a\u015famas\u0131nday\u0131z. \u00dcr\u00fcn \u00fczerinde karar verdi\u011fimiz zaman da y\u00f6re halk\u0131na \u00f6rnek olmas\u0131 i\u00e7in bir bah\u00e7e yapmay\u0131 d\u00fc\u015f\u00fcn\u00fcyoruz. \u015eu anda toprak analizlerini yapt\u0131rma a\u015famas\u0131nday\u0131z.<\/p>\n\n\n\n<p><strong>Ar-Ge birimini olu\u015fturdunuz mu?<\/strong><\/p>\n\n\n\n<p>Rusya\u2019daki fabrikam\u0131zda olu\u015fturulan Ar-Ge birimimizde sekt\u00f6rle ilgili \u00e7al\u0131\u015fmalar yap\u0131l\u0131yor. Rusya\u2019daki fabrikan\u0131n kurulu\u015funda ihtiyac\u0131 olan bir \u00e7ok \u015feyi kendi makine ve ekipmanlar\u0131m\u0131zla kendimiz \u00fcrettik.<\/p>\n\n\n\n<p>Buradan profil tavan lambirisi ve boru \u00fcretiyoruz.<\/p>\n\n\n\n<p>Bizim bir avantaj\u0131m\u0131z da firmam\u0131z biraz kozmopolit olmas\u0131. Aile bireyleri olsun \u00e7al\u0131\u015fanlar\u0131m\u0131z olsun, kimisinin \u00f6nceli\u011fi arge gelir kimisin ki \u00fcretim, kimisinin sat\u0131\u015ft\u0131r. Bu anlamda da firmam\u0131z avantajl\u0131 bir hale gelebiliyor.<\/p>\n\n\n\n<p><strong>\u0130lk imalata nas\u0131l ba\u015flad\u0131n\u0131z ne t\u00fcr mal \u00fcretiyordunuz, konseptinizi daha sonra geni\u015fletmeyi d\u00fc\u015f\u00fcnd\u00fcn\u00fcz m\u00fc?<\/strong><\/p>\n\n\n\n<p>1983&nbsp;y\u0131l\u0131nda \u0130lk olarak Fil Plastik pis su borusu imalat\u0131 olarak ba\u015flad\u0131k. Ve PVC boru imalat\u0131 yapmaya ba\u015flad\u0131k. O d\u00f6nem aile \u015firketi d\u0131\u015f\u0131nda ortaklar\u0131m\u0131z vard\u0131. 1996 y\u0131l\u0131na kadar PVC boruyu yapt\u0131k, 1996&#8217;da PVC pencere ve kap\u0131 i\u015fine girdik. Boru k\u0131sm\u0131na ilaveten b\u00fcnyesine Pen k\u0131sm\u0131n\u0131 ilave ettik. 1998&#8217;de Organize Sanayi B\u00f6lgesi\u2019ne geldik. Halen PVC pencere, kap\u0131 profil imalat\u0131, PVC boru, lambiri imalat\u0131 yap\u0131yoruz. Bizim \u015firketi tek boru olarak de\u011ferlendirmemek laz\u0131m. Grup \u015firketi olarak b\u00fcnyemizde Uzay Plastik ve Orman \u00dcr\u00fcnleri San. Tic. A.\u015e ad\u0131 alt\u0131nda Filpen, Floran PVC kap\u0131 pencere sistemleri ve Krauss PVC markalar\u0131 da yer al\u0131yor.<\/p>\n\n\n\n<p><strong>D\u0131\u015far\u0131ya a\u00e7\u0131lma fikri ilk ne zaman do\u011fdu ve hangi \u00fclkelere a\u00e7\u0131ld\u0131n\u0131z?<\/strong><\/p>\n\n\n\n<p>D\u0131\u015far\u0131ya a\u00e7\u0131lma fikri, G\u00fcrcistan&#8217;la ba\u015flad\u0131. Yo\u011fun bir \u015fekilde \u00e7al\u0131\u015f\u0131yorduk. 2000 y\u0131l\u0131nda oraya ilk PVC pencere i\u015fini sokan, 5-6 y\u0131l boyunca tek mal satan firma bizdik. Oras\u0131 bizim i\u00e7in yeni bir pazard\u0131. G\u00fcrcistan\u2019\u0131n d\u0131\u015f\u0131nda Romanya, Azerbaycan, Ermenistan vard\u0131, Rusya \u00e7ok yo\u011fundu. Kap\u0131lar\u0131n yeni a\u00e7\u0131ld\u0131\u011f\u0131 zamanlar oldu\u011fu i\u00e7in bizim i\u00e7in b\u00fcy\u00fck avantajd\u0131. Do\u011fu Bloku \u00fclkelerine a\u00e7\u0131lmak bize olduk\u00e7a yarar sa\u011flad\u0131 diyebilirim. \u0130hracatta iyi sat\u0131\u015flar yapt\u0131k. Belli s\u00fcre sonra her piyasada oldu\u011fu gibi art\u0131k m\u00fc\u015fterilerin de beklentileri artt\u0131\u011f\u0131 i\u00e7in ve de baz\u0131 \u015feyleri direk birinci elden ula\u015fmak istedikleri i\u00e7in pazar pay\u0131m\u0131z darald\u0131. Bu \u015fekilde olunca rekabet ko\u015fullar\u0131 da artt\u0131. S\u00fcre\u00e7 i\u00e7inde piyasa b\u00f6l\u00fcnd\u00fc ancak halihaz\u0131rda &nbsp;poliprofil imalatlar\u0131 yoktu ve biz orada faaliyetlerimizi bitirmedik. Rusya&#8217;n\u0131n ise n\u00fcfusu ve potansiyelinin etkisi, &nbsp;hem s\u00fcrekli oraya gidip gelmemiz ve ticaret yapmam\u0131z orada yat\u0131r\u0131m yapma karar\u0131 almam\u0131zda etkili olmu\u015ftur. Ayr\u0131ca Rusya&#8217;da \u00fcretim anlam\u0131nda orada b\u00f6yle bir eksikli\u011fin olmas\u0131 ve talebin de olmas\u0131 da karar\u0131m\u0131zda \u00f6nemli rol oynam\u0131\u015ft\u0131r.<\/p>\n\n\n\n<p><strong>AB hibe fonlar\u0131ndan yararlanmak i\u00e7in ne gibi \u00e7al\u0131\u015fmalar yapt\u0131n\u0131z?<\/strong><\/p>\n\n\n\n<p>Avrupa Birli\u011fi&#8217;nin TR 90 kapsam\u0131nda b\u00f6lgemiz i\u00e7in vermi\u015f oldu\u011fu destekten yararland\u0131k. 200 bin eoruluk projeden faydalanarak 100 bin eurosunu hibe ald\u0131k. Yapt\u0131\u011f\u0131m\u0131z proje ile makine park\u0131m\u0131zda geni\u015fletme yapt\u0131k, buna ihtiyac\u0131m\u0131z vard\u0131. Bu makineyi alarak \u00fcretim kapasitemizi de art\u0131rm\u0131\u015f olduk.<\/p>\n\n\n\n<p><strong>Yurt i\u00e7i ve yurt d\u0131\u015f\u0131 pazarlar\u0131n\u0131z hakk\u0131nda bilgi verir misiniz?<\/strong><\/p>\n\n\n\n<p>T\u00fcrkiye \u00e7ap\u0131nda 350 bayimiz var, B\u00fct\u00fcn b\u00f6lgelerde distrib\u00fct\u00f6rl\u00fcklerimiz de var. Belli b\u00f6lgelerden bayilik talebi olduk\u00e7a fazla, ancak ayn\u0131 marka ad\u0131 alt\u0131nda bayilik veremedi\u011fimiz i\u00e7in yeni bir \u00e7\u00f6z\u00fcm aray\u0131\u015f\u0131na girdik ve farkl\u0131 bir marka \u00e7\u0131karmay\u0131 planl\u0131yoruz. Bayilik talebi fazla oldu\u011fu i\u00e7in<\/p>\n\n\n\n<p>Yurtd\u0131\u015f\u0131nda ise a\u011f\u0131rl\u0131kl\u0131 olarak Kazakistan, Romanya, G\u00fcrcistan ve Irak, \u0130ran gibi \u00fclkeler ba\u015fta olmak \u00fczere b\u00fct\u00fcn kom\u015fu \u00fclkelere ihracat yap\u0131yoruz. Y\u0131ll\u0131k ihracat\u0131m\u0131z ise 4 milyon dolar civar\u0131nda.&nbsp;<\/p>\n\n\n\n<p><strong>G\u00fcnl\u00fck kapasiteniz ne kadar?<\/strong><\/p>\n\n\n\n<p>Hammaddemizi tamamen d\u0131\u015far\u0131dan al\u0131yoruz ve g\u00fcnl\u00fck 140 ton malzeme kapasitemiz var. Bu \u00fcretim olarak ortalama 150 bin metreye takab\u00fcl ediyor. Ayl\u0131k kapasitemiz ise 4 ton civar\u0131nda olabiliyor.<\/p>\n\n\n\n<p><strong>Kriz d\u00f6nemini nas\u0131l ge\u00e7irdiniz, sizi olumsuz etkiledi\u011fini s\u00f6yleyebilir misiniz?<\/strong><\/p>\n\n\n\n<p>Pazarlama yaparak krizi a\u015ft\u0131\u011f\u0131m\u0131z\u0131 d\u00fc\u015f\u00fcn\u00fcyoruz. Kriz d\u00f6neminde kendi b\u00fcnyemizde iyi bir pazarlama ekibi olu\u015fturduk ve pazarlamaya a\u00e7\u0131ld\u0131k, bunun avantajlar\u0131n\u0131 da &nbsp;krizde iyi kulland\u0131k.<\/p>\n\n\n\n<p>Yurt i\u00e7indeki pazar\u0131m\u0131z konusunda \u015funu s\u00f6yleyebilirim; ge\u00e7mi\u015f iki-\u00fc\u00e7 sene i\u00e7inde sekt\u00f6r\u00fcm\u00fczde krizin etkisiyle sat\u0131\u015f yapamayan, bayisine mal tedarik edemeyen veya tamamen iflas eden epey bir firma var. Bizim Filpen olarak ayakta kalmam\u0131z kuvvetli bir firma olmam\u0131zdan ve de her konuda bayilerimize destek olmam\u0131zdan kaynaklan\u0131yor.<\/p>\n","protected":false},"excerpt":{"rendered":"<p>PVC kaplama ve pencere imalat\u0131nda Trabzon\u2019dan T\u00fcrkiye\u2019ye ve yurtd\u0131\u015f\u0131na a\u00e7\u0131lan Uzay Plastik Filpen hedef b\u00fcy\u00fct\u00fcyor &nbsp;Trabzon\u2019un Arsin \u0130l\u00e7esi\u2019nde kurulu bulunan OSB\u2019de faaliyetlerini s\u00fcrd\u00fcren Uzay Plastik ve Orman \u00dcr\u00fcnleri San. Tic. A.\u015e\u2019nin \u00f6yk\u00fcs\u00fc muhacirlikle ba\u015flayan bir ge\u00e7mi\u015fle ba\u015fl\u0131yor. Be\u015f karde\u015ften birisinin vefat etmesi, bir di\u011ferinin ayr\u0131lmas\u0131yla \u00fc\u00e7 karde\u015flerin yola birlikte devam karar\u0131 ile bug\u00fcnlere geldi. H\u00fcseyin, [&hellip;]<\/p>\n","protected":false},"author":1,"featured_media":0,"parent":454,"menu_order":0,"comment_status":"closed","ping_status":"closed","template":"","meta":{"footnotes":""},"class_list":["post-516","page","type-page","status-publish","hentry"],"_links":{"self":[{"href":"https:\/\/tsiad.org.tr\/index.php\/wp-json\/wp\/v2\/pages\/516","targetHints":{"allow":["GET"]}}],"collection":[{"href":"https:\/\/tsiad.org.tr\/index.php\/wp-json\/wp\/v2\/pages"}],"about":[{"href":"https:\/\/tsiad.org.tr\/index.php\/wp-json\/wp\/v2\/types\/page"}],"author":[{"embeddable":true,"href":"https:\/\/tsiad.org.tr\/index.php\/wp-json\/wp\/v2\/users\/1"}],"replies":[{"embeddable":true,"href":"https:\/\/tsiad.org.tr\/index.php\/wp-json\/wp\/v2\/comments?post=516"}],"version-history":[{"count":2,"href":"https:\/\/tsiad.org.tr\/index.php\/wp-json\/wp\/v2\/pages\/516\/revisions"}],"predecessor-version":[{"id":547,"href":"https:\/\/tsiad.org.tr\/index.php\/wp-json\/wp\/v2\/pages\/516\/revisions\/547"}],"up":[{"embeddable":true,"href":"https:\/\/tsiad.org.tr\/index.php\/wp-json\/wp\/v2\/pages\/454"}],"wp:attachment":[{"href":"https:\/\/tsiad.org.tr\/index.php\/wp-json\/wp\/v2\/media?parent=516"}],"curies":[{"name":"wp","href":"https:\/\/api.w.org\/{rel}","templated":true}]}}