{"id":522,"date":"2025-01-07T07:35:24","date_gmt":"2025-01-07T07:35:24","guid":{"rendered":"https:\/\/tsiad.org.tr\/?page_id=522"},"modified":"2025-01-07T07:59:37","modified_gmt":"2025-01-07T07:59:37","slug":"zeyyat-kafkas","status":"publish","type":"page","link":"https:\/\/tsiad.org.tr\/index.php\/basari-hikayeleri\/zeyyat-kafkas\/","title":{"rendered":"Zeyyat KAFKAS"},"content":{"rendered":"\n<figure class=\"wp-block-image size-full\"><img fetchpriority=\"high\" decoding=\"async\" width=\"750\" height=\"500\" src=\"https:\/\/tsiad.org.tr\/wp-content\/uploads\/2025\/01\/zeyyat.jpg\" alt=\"\" class=\"wp-image-550\" srcset=\"https:\/\/tsiad.org.tr\/wp-content\/uploads\/2025\/01\/zeyyat.jpg 750w, https:\/\/tsiad.org.tr\/wp-content\/uploads\/2025\/01\/zeyyat-300x200.jpg 300w\" sizes=\"(max-width: 750px) 100vw, 750px\" \/><\/figure>\n\n\n\n<p><strong>Ekme\u011fini ta\u015ftan \u00e7\u0131karanlar, do\u011fan\u0131n izini ayaklar\u0131n\u0131z\u0131n alt\u0131na serenler<\/strong><\/p>\n\n\n\n<p>Trabzon\u2019dan d\u00fcnyaya Onyx ta\u015f\u0131 ihra\u00e7 ederek ad\u0131n\u0131 duyuran Kafkas Mermer (KAFMER) \u00f6n\u00fcm\u00fczdeki d\u00f6nemde meslekta\u015flar\u0131na uyar\u0131da bulundu<\/p>\n\n\n\n<p><strong>Do\u011fal ta\u015fta y\u00fcz\u00fcn\u00fcz\u00fc<\/strong> <strong>KATAR\u2019A \u00c7EV\u0130R\u0130N<\/strong><\/p>\n\n\n\n<p><strong>Do\u011fal ta\u015f; ad\u0131 \u00fczerinde do\u011fal oldu\u011fu i\u00e7in do\u011fan\u0131n izlerini insanlar\u0131n ayaklar\u0131n\u0131n alt\u0131na serdi\u011fi i\u00e7in herkesin be\u011fenisi farkl\u0131d\u0131r, d\u00fcnyaya entegre olursan\u0131z her kriz ortam\u0131nda bile bu do\u011fal ta\u015f\u0131n talep g\u00f6rece\u011fi \u00fclkeler olacakt\u0131r. Biz de bu \u00fclkeler \u00fczerinde stratejilerimizi belirliyoruz.<\/strong><\/p>\n\n\n\n<p><strong>Bu y\u0131l yapt\u0131\u011f\u0131m\u0131z tespite g\u00f6re \u00f6n\u00fcm\u00fczdeki 5 y\u0131l T\u00fcrkiye do\u011fal ta\u015f\u0131n\u0131n en fazla talep g\u00f6rece\u011fi yer Katar olacak. \u00d6zellikle Dubai\u2019deki finans s\u0131k\u0131nt\u0131s\u0131ndan sonra Katar\u2019da ciddi bir talep var. Ve 2010 y\u0131l\u0131nda do\u011fal ta\u015f sekt\u00f6r\u00fcndeki meslekta\u015flar\u0131m\u0131z\u0131n bir y\u00fczlerini Katar\u2019a \u00e7evirmelerini \u00f6neriyorum.<\/strong><\/p>\n\n\n\n<p><strong>Herkes \u00c7in&#8217;e hammadde satar ve bu b\u00f6yle bilinir. Biz bu y\u0131l \u00c7in\u2019e i\u015flenmi\u015f mal da sat\u0131yoruz Ta\u015f\u0131m\u0131z\u0131n \u00f6zelli\u011finden dolay\u0131 orada iki y\u0131ll\u0131k bir projeye girdik ve i\u015flenmi\u015f mal sat\u0131yoruz. Bu proje asl\u0131nda bir H\u00fck\u00fcmet projesi. Orada mezarl\u0131klar yetmedi\u011fi i\u00e7in mezarl\u0131klarla ilgili bir proje. Proje Tayvan H\u00fck\u00fcmetinden al\u0131nd\u0131. \u0130\u015flenmi\u015f mermeri \u00c7in\u2019e verip \u00fclkemize katma de\u011fer kazand\u0131r\u0131yoruz. Yani i\u015flenmi\u015f mermeri sat\u0131yoruz. Oralarda i\u015f\u00e7ilik ucuz olmas\u0131na ra\u011fmen biz i\u015flenmi\u015f mermeri verme ba\u015far\u0131s\u0131n\u0131 g\u00f6steriyoruz.<\/strong><\/p>\n\n\n\n<p>&nbsp;Kafkas Mermer San. \u0130n\u015f. Taahh\u00fct Tic. ve Ltd. \u015eti. Trabzon\u2019un Arsin \u0130l\u00e7esi\u2019nde kurulu bulunan Organize Sanayi B\u00f6lgesi\u2019nde faaliyetlerini s\u00fcrd\u00fcr\u00fcyor. Mermer sekt\u00f6r\u00fcne 1984 y\u0131l\u0131nda Bayburt\u2019ta a\u00e7t\u0131\u011f\u0131 onyx oca\u011f\u0131 ile ilk ad\u0131m\u0131n\u0131 atan Kafkas Mermer, 2005 y\u0131l\u0131nda Trabzon Organize Sanayi B\u00f6lgesi\u2019nde kurdu\u011fu fabrikada, fayans ve ebatl\u0131 mam\u00fcl \u00fcretimi yapmaya ba\u015flad\u0131. Y\u0131ll\u0131k \u00fcretiminin y\u00fczde 40\u2019\u0131 ihracat olarak katma de\u011fer yaratan Kafkas Mermer\u2019in 2009 hedefi bu oran\u0131 y\u00fczde 70\u2019ler seviyesine \u00e7\u0131karmak.<\/p>\n\n\n\n<p>Kafkas Mermer 2008 y\u0131l\u0131nda yeni ocak ve saha \u00e7al\u0131\u015fmalar\u0131na h\u0131z vererek &nbsp;yap\u0131lan AR-GE \u00e7al\u0131\u015fmalar\u0131 sonucunda Giresun b\u00f6lgesinde yeni bir traverten sahas\u0131n\u0131 b\u00fcnyesine katmay\u0131 ba\u015fard\u0131 ve 2009 y\u0131l\u0131 ba\u015f\u0131nda da bu sahay\u0131 \u00fcretime a\u00e7t\u0131. Kafkas Mermer ocak ve yeni do\u011fal ta\u015flar konusunda AR-GE \u00e7al\u0131\u015fmalar\u0131 ile d\u00fcnya pazar\u0131na s\u00fcrekli yenilikler sunmak i\u00e7in \u00e7al\u0131\u015fmalar\u0131n\u0131 s\u00fcrd\u00fcr\u00fcyor.<\/p>\n\n\n\n<p>Kendi ocaklar\u0131ndan \u00e7\u0131kard\u0131\u011f\u0131 White Onyx ve Class Traverten\u2019in 10 ayr\u0131 \u00fclkeye blok ihracat\u0131n\u0131n yan\u0131 s\u0131ra bu iki de\u011ferli do\u011fal ta\u015f\u0131, kendi \u00fcretim tesislerinde fayans ve ebatl\u0131 malzeme olarak da piyasalara sunmakta ayr\u0131ca uzman kadrosu ve projeci partnerleri ile uygulama hizmeti de vermektedir.<\/p>\n\n\n\n<p>Y\u00f6netim Kurulu Ba\u015fkan\u0131 Zeyyat Kafkas Trabzon S\u0130AD Y\u00f6netim Kurulu Ba\u015fkanl\u0131\u011f\u0131\u2019n\u0131n yan\u0131 s\u0131ra Karadeniz Kalk\u0131nma Ajans\u0131 Kalk\u0131nma Kurulu (TR 90) Ba\u015fkan Vekilli\u011fi, T\u00fcrkiye Mermer Do\u011fal Ta\u015f ve Makine \u00dcreticileri Birli\u011fi (T\u00dcMMER) Y\u00f6netim Kurulu \u00fcyeli\u011fi, TOBB Madenciler M\u00fchendisli\u011fi \u00fcyeli\u011fi, \u0130ZFA\u015e \u0130zmir Fuarc\u0131l\u0131k Y\u00f6netim Kurulu \u00fcyeli\u011fi g\u00f6revlerini de y\u00fcr\u00fct\u00fcyor. Ba\u015fkan Kafkas KAFMER\u2019in kurulu\u015funu ve sekt\u00f6r\u00fcn gelece\u011fini D\u00fcnya\u2019ya anlatt\u0131.<\/p>\n\n\n\n<p><strong>Mermer merak\u0131 aileden mi geliyor, nas\u0131l ba\u015flad\u0131 bu merak?<\/strong><\/p>\n\n\n\n<p>Babam\u0131n do\u011fay\u0131 sevmesi ve av merak\u0131 ile ba\u015flad\u0131 her \u015fey. Babam 60 y\u0131l do\u011fayla i\u00e7 i\u00e7e ya\u015famas\u0131 da bu merak\u0131n bir sonucudur. Babam do\u011fa merak\u0131n\u0131 gidermek i\u00e7in yapt\u0131\u011f\u0131 gezilerde buldu\u011fu ta\u015flar\u0131 cebine doldurur daha sonra bunlar\u0131 incelerdi. 10 ya\u015f\u0131ndan beri babamla oldu\u011fum i\u00e7in ben de kendimi bu merak\u0131n i\u00e7inde buldum. Babam Tar\u0131k Kafkas 1970\u2019li y\u0131llarda Kapal\u0131\u00e7ar\u015f\u0131\u2019da kendi d\u00fckkan\u0131nda onyx ta\u015f\u0131ndan yap\u0131lan biblolar sat\u0131yordu. 17 metrekarelik d\u00fckkanda \u00f6zellikle onyx ta\u015f\u0131na olan merak\u0131 Trabzon\u2019a d\u00f6n\u00fc\u015f ve daha sonra yine bu do\u011fa ve av merak\u0131 sonras\u0131 ilk onyx oca\u011f\u0131n\u0131 ke\u015ffetmesi ile yeni bir d\u00fcnyaya ad\u0131m atmam\u0131z\u0131 sa\u011flad\u0131. Bu \u015fekilde de KAFMER do\u011fdu diyebiliriz.<\/p>\n\n\n\n<p><strong>KAFMER\u2019in idari yap\u0131s\u0131 hakk\u0131nda bilgi verir misiniz?<\/strong><\/p>\n\n\n\n<p>Kafkas Mermer yani KAFMER olarak halen 40 ki\u015fi istihdam ediyoruz. \u00dcretim fabrikam\u0131z\u0131n kapal\u0131 alan\u0131 3 bin metrekare toplam 5500 metrekarelik bir alana sahibiz.<\/p>\n\n\n\n<p><strong>Ba\u015far\u0131 nas\u0131l geldi, bize ba\u015far\u0131n\u0131z\u0131n s\u0131rr\u0131n\u0131 nas\u0131l \u00f6zetleyebilirsiniz?<\/strong><\/p>\n\n\n\n<p>Ben her zaman \u015funu s\u00f6ylerim. Ba\u015far\u0131n\u0131n s\u0131rr\u0131 i\u00e7in \u00f6ncelikle ekip ruhunun tam olarak yerle\u015fmi\u015f olmas\u0131 gerekiyor. Biz ekip \u00e7al\u0131\u015fmas\u0131n\u0131 iyi yap\u0131yor ve zaman\u0131 iyi planl\u0131yoruz. \u00c7ok iyi bir ekibe sahip oldu\u011fumu d\u00fc\u015f\u00fcn\u00fcyorum tabi\u00ee ki de iyi bir y\u00f6netim kadrosuna sahibim. Delege etti\u011fimiz i\u015fleri y\u00fcr\u00fcten etkili bir ekibimiz var.<\/p>\n\n\n\n<p><strong>D\u00fcnyaya satt\u0131\u011f\u0131n\u0131z ve en \u00e7ok sevdi\u011finiz onyx ta\u015f\u0131 ile ilgili hikayeden bahseder misiniz?<\/strong><\/p>\n\n\n\n<p>Babam\u0131n yine 1984 y\u0131l\u0131nda bir do\u011fa seyahatinde tan\u0131\u015ft\u0131\u011f\u0131 onyx ta\u015f\u0131 i\u015f hayat\u0131m\u0131z\u0131n d\u00f6n\u00fcm noktas\u0131 oldu diyebilirim. Zaten ilk olarak onyx ta\u015f\u0131 ile i\u015fletme ruhsat\u0131 ald\u0131k. Onyx ta\u015f\u0131n\u0131n \u00f6zelli\u011fine gelince; so\u011fuk su ile olu\u015fan kasit kristalinden ve aragonik kristalinden olu\u015fan \u0131\u015f\u0131\u011f\u0131 ge\u00e7irme \u00f6zelli\u011fi olan bu ta\u015f d\u00fcnyada sadece belli \u00fclkelerde bulunuyor. Bunlar; Pakistan, Meksika, \u0130ran ve \u00e7ok az T\u00fcrkiye.<\/p>\n\n\n\n<p>Sekt\u00f6re giri\u015fimiz bu \u015fekilde oldu, daha sonra biz AR-GE yaparak di\u011fer iki tanesini bulduk. Bir \u00e7ok deneyimimiz oldu. \u00dc\u00e7 sahan\u0131n ruhsat\u0131n\u0131 alarak yolumuza devam ediyoruz, onlar\u0131 da 2008 ve 2009\u2019da ald\u0131k. O ocaklardan traverten \u00e7\u0131k\u0131yor.<\/p>\n\n\n\n<p><strong>Yurtd\u0131\u015f\u0131na sat\u0131\u015flar\u0131n\u0131z ne \u015fekilde oluyor, hangi \u00fclkelere ihracat yap\u0131yorsunuz?<\/strong><\/p>\n\n\n\n<p>Sat\u0131\u015flar\u0131m\u0131z\u0131 hem blok hem ocaklardan blok olarak yap\u0131yoruz. Ebatlanm\u0131\u015f olarak on ayr\u0131 \u00fclkeye sat\u0131\u015f\u0131m\u0131z var. 2009 y\u0131l\u0131nda \u015firketimizin i\u015flenmi\u015f fabrika \u00fcretiminin y\u00fczde 70&#8217;i ihracata dayan\u0131yor. \u0130hracat\u0131m\u0131z ba\u015fta Avrupa \u00fclkeleri, Asya \u00fclkeleri, Porto-Riko Sri-Lanka\u2019n\u0131n da i\u00e7inde bulundu\u011fu pek \u00e7ok alan\u0131 kaps\u0131yor.<\/p>\n\n\n\n<p>\u0130lgin\u00e7 de bir \u015fey var. Herkes \u00c7in&#8217;e hammadde satar ve bu b\u00f6yle bilinir. Biz bu y\u0131l \u00c7in\u2019e i\u015flenmi\u015f mal da sat\u0131yoruz Ta\u015f\u0131m\u0131z\u0131n \u00f6zelli\u011finden dolay\u0131 orada iki y\u0131ll\u0131k bir projeye girdik ve i\u015flenmi\u015f mal sat\u0131yoruz. Bu proje asl\u0131nda bir H\u00fck\u00fcmet projesi. Orada mezarl\u0131klar yetmedi\u011fi i\u00e7in mezarl\u0131klarla ilgili bir proje. Proje Tayvan H\u00fck\u00fcmetinden al\u0131nd\u0131. \u0130\u015flenmi\u015f mermeri \u00c7in\u2019e verip \u00fclkemize katma de\u011fer kazand\u0131r\u0131yoruz. Yani i\u015flenmi\u015f mermeri sat\u0131yoruz. Oralarda i\u015f\u00e7ilik ucuz olmas\u0131na ra\u011fmen biz i\u015flenmi\u015f mermeri verme ba\u015far\u0131s\u0131n\u0131 g\u00f6steriyoruz.<\/p>\n\n\n\n<p><strong>\u0130\u015fletti\u011finiz ocaklar\u0131n\u0131z nerelerde bulunuyor?<\/strong><\/p>\n\n\n\n<p>Bayburt\u2019ta onyx oca\u011f\u0131, Bayburt traverten oca\u011f\u0131 (yeni ald\u0131\u011f\u0131m\u0131z), Giresun Alucra Traverten oca\u011f\u0131, \u015fu anda i\u015fletmede olan ocaklar\u0131m\u0131z. Bunlara yat\u0131r\u0131m yapt\u0131k. Firmam\u0131zda saha arama \u00e7al\u0131\u015fmalar\u0131n\u0131 da s\u00fcrd\u00fcr\u00fcyoruz. Bu arada \u00e7ok \u00f6nem verdi\u011fimiz AR-GE \u00e7al\u0131\u015fmalar\u0131 da devam ediyor. Ankara&#8217;daki ofisimizde deneyimli bir m\u00fchendisle \u00e7al\u0131\u015f\u0131yoruz. Arkam\u0131zda \u00e7ok ciddi bir m\u00fchendislik kadromuz var, T\u00fcrkiye&#8217;nin en \u00f6nemli jeoloji m\u00fchendislerinden Yunus \u00d6\u011f\u00fcn\u2019\u00fcn \u00f6nderli\u011finde bir ekibimiz var. Bu ekibimiz ayn\u0131 zamanda AR-GE ve y\u0131ll\u0131k \u00fcretim planlar\u0131n\u0131 yap\u0131yorlar.<\/p>\n\n\n\n<p><strong>Size g\u00f6re sekt\u00f6r\u00fcn\u00fcz\u00fcn sorunlar\u0131ndan \u00f6ne \u00e7\u0131kanlar\u0131 nelerdir ve \u00e7\u00f6z\u00fcm i\u00e7in sizin \u00e7al\u0131\u015fmalar\u0131n\u0131z var m\u0131?<\/strong><\/p>\n\n\n\n<p>Yeni maden kanunu ile ilgili hem TOBB\u2019un madenciler meclisinde hem de T\u00dcMMER\u2019in&nbsp;i\u00e7inde oldu\u011fu bir \u00e7al\u0131\u015fma grubu var. Burada yeni maden kanununa sekt\u00f6r\u00fcn \u00f6n\u00fcn\u00fc a\u00e7mak i\u00e7in yap\u0131lmas\u0131 gerekenleri \u00f6neri olarak sunduk. M\u0130GEM&#8217;in Genel M\u00fcd\u00fcr\u00fcnden bu sekt\u00f6r\u00fcn kamu yap\u0131s\u0131ndan sivil yap\u0131s\u0131na herkes vard\u0131, \u00e7ok uyumlu bir \u00e7al\u0131\u015fma oldu. Kamu ve \u00f6zel sekt\u00f6r aras\u0131nda uyumlu bir \u00e7al\u0131\u015fma oldu ve Enerji Bakan\u0131 Taner Y\u0131ld\u0131z da toplant\u0131da ciddi bir katk\u0131 verdi. Bu da bizim i\u00e7in \u00e7ok \u00f6nemliydi. &nbsp;<\/p>\n\n\n\n<p><strong>B\u00f6lge madencili\u011finin Trabzon Liman\u0131\u2019n\u0131 sevkiyatta kullanmas\u0131 i\u00e7in \u00e7al\u0131\u015fmalar\u0131n\u0131z oldu san\u0131r\u0131m, bu konuda bilgi verir misiniz?<\/strong><\/p>\n\n\n\n<p>Trabzon Liman\u0131\u2019n\u0131n ihra\u00e7 kap\u0131s\u0131 olmas\u0131 i\u00e7in aktif olarak kullan\u0131lmaya ba\u015flanmas\u0131 da \u00f6nemli bir geli\u015fme. Erzincan ve Sivas dahil Trabzon Liman\u0131\u2019n\u0131 kullanmaya ba\u015flad\u0131lar. Bu anlamda yapt\u0131\u011f\u0131m\u0131z g\u00f6r\u00fc\u015fmelerde Liman y\u00f6netiminin de yeni yat\u0131r\u0131mlar i\u00e7in ata\u011fa kalkt\u0131\u011f\u0131n\u0131 \u00f6\u011frendik. Buna ilk ba\u015fta 36 tonluk bir forktif\u2019in al\u0131nmas\u0131n\u0131 \u00f6rnek verebiliriz. Bunun i\u00e7in Liman \u0130\u015fletme M\u00fcd\u00fcr\u00fc Muzaffer Ermi\u015f\u2019in gayreti \u00e7ok \u00f6nemli. B\u00f6lge madencili\u011finin sevkiyatta Trabzon Liman\u0131\u2019n\u0131 kullanmas\u0131 konusunda \u00e7e\u015fitli giri\u015fimlerimiz oldu, olumlu sonu\u00e7larla Liman kap\u0131 g\u00f6revini g\u00f6rmeye ba\u015flad\u0131. Liman bu konuda yat\u0131r\u0131m\u0131n\u0131 art\u0131rd\u0131k\u00e7a \u00e7ok \u00f6nemli bir i\u015flevi de \u00fcstlenecektir. Trabzon Liman\u0131\u2019n\u0131n ekipman\u0131n\u0131 art\u0131rmas\u0131 m\u00fc\u015fteri portf\u00f6y\u00fcn\u00fc Trabzon\u2019a \u00e7ekti\u011fini ve bunun ivme kazanarak artaca\u011f\u0131n\u0131 d\u00fc\u015f\u00fcn\u00fcyorum. Liman i\u015fletmesinin yakla\u015f\u0131m\u0131 \u00e7ok olumlu, bu da bizim gelecekte daha iyi olaca\u011f\u0131m\u0131z izlenimini veriyor, bu anlamda Trabzon Liman \u0130\u015fletme M\u00fcd\u00fcr\u00fc Muzaffer Ermi\u015f\u2019e katk\u0131lar\u0131ndan dolay\u0131 te\u015fekk\u00fcr ediyoruz.<\/p>\n\n\n\n<p><strong>Kriz ve sekt\u00f6r de\u011ferlendirmesini yapar m\u0131s\u0131n\u0131z.&nbsp;KAFMER olarak krizde nas\u0131l bir strateji izledi\u011finizi anlat\u0131r m\u0131s\u0131n\u0131z, 2009 y\u0131l\u0131ndaki krizi nas\u0131l bir stratejiyle a\u015ft\u0131n\u0131z?<\/strong><\/p>\n\n\n\n<p>D\u00fcnyada bir global kriz var bunu hepimiz kabul ediyoruz ama finansal kriz var ve finansal krizin yans\u0131mas\u0131yla reel kriz ortaya \u00e7\u0131kt\u0131. T\u00fcrkiye\u2019de bankalar\u0131n yaratt\u0131\u011f\u0131 bir finansal krizden dolay\u0131 reel sekt\u00f6r krize girdi. Son 35 y\u0131la bakt\u0131\u011f\u0131m\u0131zda d\u00fcnyadaki bu kriz ortam\u0131nda T\u00fcrkiye\u2019deki finans sekt\u00f6r\u00fcn\u00fcn en fazla kar etti\u011fi y\u0131l. Bu rakamlar da bizdeki krizin d\u00fcnyadaki krizle ba\u011fda\u015fmad\u0131\u011f\u0131n\u0131n en \u00f6nemli g\u00f6stergesi bana g\u00f6re. Biz KAFMER olarak 2008 y\u0131l\u0131 ba\u015f\u0131nda yapt\u0131\u011f\u0131m\u0131z de\u011ferlendirmede krizin en az etkilendi\u011fi \u00fclkelere sat\u0131\u015f ve pazarlamay\u0131 geli\u015ftirmeye \u00e7al\u0131\u015ft\u0131k. Bu anlamda yurt d\u0131\u015f\u0131ndaki fuarlara kat\u0131ld\u0131k ve beklentilerimizin de ihracat anlam\u0131nda y\u00fczde 70&#8217;ini ger\u00e7ekle\u015ftirdik. Bu da krizde do\u011fru bir strateji izledi\u011fimizi g\u00f6sterdi bize.<\/p>\n\n\n\n<p>\u015eirketimizin \u00f6zellikle fabrikam\u0131z\u0131n 2005 y\u0131l\u0131nda kurulu\u015fu esnas\u0131nda bankalardan ciddi bir yat\u0131r\u0131m ve i\u015fletme kredisi kullanm\u0131\u015ft\u0131k. Ve bu krizin sinyali Avrupa\u2019da ba\u015flad\u0131\u011f\u0131nda mali yap\u0131m\u0131zda yapt\u0131\u011f\u0131m\u0131z tespitle acil bir finans kayna\u011f\u0131 sa\u011flay\u0131p bankalarla olan kredi ortakl\u0131\u011f\u0131m\u0131z\u0131 bitirme karar\u0131 verdik. 2007 y\u0131l\u0131n\u0131n son ay\u0131nda \u0130stanbul\u2019da elli y\u0131ld\u0131r in\u015faat sekt\u00f6r\u00fcnde ba\u015far\u0131l\u0131 olan Ba\u015fer \u0130n\u015faat ile bir ortakl\u0131k yap\u0131s\u0131na girerek finansal yap\u0131m\u0131z\u0131 g\u00fc\u00e7lendirdik, son derece yerinde bir karar verdi\u011fimizi bu ortakl\u0131k s\u00fcrecinde g\u00f6r\u00fcyoruz.<\/p>\n\n\n\n<p><strong>\u00d6n\u00fcm\u00fczdeki s\u00fcre\u00e7te neler yapmay\u0131 planl\u0131yorsunuz?<\/strong><\/p>\n\n\n\n<p>2010 y\u0131l\u0131 Mart sonunda yap\u0131lacak d\u00fcnyan\u0131n en b\u00fcy\u00fck do\u011fal ta\u015f ikinci fuar\u0131 olan \u0130zmir\u2019deki do\u011fal ta\u015f fuar\u0131nda bu y\u0131l\u0131n stratejilerini de belirleyece\u011fiz. Orada al\u0131nacak sipari\u015f yada m\u00fc\u015fterilerin g\u00f6sterece\u011fi ilgiye g\u00f6re planlamam\u0131z\u0131 yapmay\u0131 d\u00fc\u015f\u00fcn\u00fcyoruz. Fuar \u00f6ncesi \u00c7in\u2019de on g\u00fcnl\u00fck bir fuara kat\u0131laca\u011f\u0131z. Do\u011fal ta\u015f; ad\u0131 \u00fczerinde do\u011fal oldu\u011fu i\u00e7in do\u011fan\u0131n izlerini insanlar\u0131n ayaklar\u0131n\u0131n alt\u0131na serdi\u011fi i\u00e7in herkesin be\u011fenisi farkl\u0131d\u0131r, d\u00fcnyaya entegre olursan\u0131z her kriz ortam\u0131nda bile bu do\u011fal ta\u015f\u0131n talep g\u00f6rece\u011fi \u00fclkeler olacakt\u0131r. Biz de bu \u00fclkeler \u00fczerinde stratejilerimizi belirliyoruz.<\/p>\n\n\n\n<p>Bu y\u0131l yapt\u0131\u011f\u0131m\u0131z tespite g\u00f6re \u00f6n\u00fcm\u00fczdeki 5 y\u0131l T\u00fcrkiye do\u011fal ta\u015f\u0131n\u0131n en fazla talep g\u00f6rece\u011fi yer Katar olacak. \u00d6zellikle Dubai\u2019deki finans s\u0131k\u0131nt\u0131s\u0131ndan sonra Katar\u2019da ciddi bir talep var. Ve 2010 y\u0131l\u0131nda do\u011fal ta\u015f sekt\u00f6r\u00fcndeki meslekta\u015flar\u0131m\u0131z\u0131n bir y\u00fczlerini Katar\u2019a \u00e7evirmelerini \u00f6neriyorum.<\/p>\n\n\n\n<p><strong>T\u00fcrkiye do\u011fal ta\u015f\u0131n\u0131n d\u00fcnyada kabul g\u00f6ren bize \u00f6zg\u00fc do\u011fal ta\u015flar\u0131m\u0131z var m\u0131 d\u00fcnyada fark yaratan<\/strong><\/p>\n\n\n\n<p>D\u00fcnya do\u011fal ta\u015f rezvervinin y\u00fczde 33&#8217;\u00fcn\u00fcn T\u00fcrkiye\u2019de oldu\u011fu bir ger\u00e7ek. Bu resmi bir rakam. Fakat T\u00fcrkiye\u2019de i\u015fletme maliyetlerinin \u015fu yada bu sebeplerden dolay\u0131 y\u00fcksek olmas\u0131ndan dolay\u0131 e madencili\u011fin yava\u015f ilerlemesine sebep oluyor. 2000 y\u0131l\u0131nda 140 milyon dolar olan do\u011fal ta\u015f ihracat\u0131n\u0131n 2008 y\u0131l\u0131nda 1 milyar 300 milyon dolara y\u00fckselmesi hem ciddi bir ba\u015far\u0131 hem de madencilerin ne kadar daha \u00f6n\u00fcn\u00fcn a\u00e7\u0131lmas\u0131 gerekti\u011finin i\u015faretidir. Bu mesaj\u0131 b\u00fcrokrat ve siyasi erkan do\u011fru alg\u0131lad\u0131\u011f\u0131n\u0131 d\u00fc\u015f\u00fcn\u00fcyorum. Yeni maden kanununun haz\u0131rlanmas\u0131nda bug\u00fcne kadarki yakla\u015f\u0131mlar\u0131ndan sonu\u00e7 verece\u011fini d\u00fc\u015f\u00fcnerek kanunlar\u0131n bu \u015fekilde \u00e7\u0131kmas\u0131n\u0131 sa\u011flam\u0131\u015flard\u0131r. T\u00fcrkiye\u2019de y\u0131llardan beri hep h\u00fck\u00fcmet politikalar\u0131 uygulanm\u0131\u015ft\u0131r, halbuki \u00f6zellikle madencilik sekt\u00f6r\u00fcnde bir devlet politikas\u0131 olmal\u0131 ve her gelen h\u00fck\u00fcmet de madencilik konusundaki bu devlet politikas\u0131n\u0131 geli\u015ftirerek devam\u0131n\u0131 sa\u011flamal\u0131.<\/p>\n\n\n\n<p><strong>Sizin i\u00e7in \u00e7ok \u00f6nemli olan blok ihracat\u0131n\u0131n \u00f6n\u00fcndeki en b\u00fcy\u00fck engel nedir?<\/strong><\/p>\n\n\n\n<p>Tonaj muafiyeti olabilir. Benim ta\u015f\u0131mdan \u00f6rnek vereyim, onyx d\u00fcnyada ender olarak \u00e7\u0131kan bir ta\u015f. \u00dcretti\u011finiz blokun ebad\u0131 ne kadar b\u00fcy\u00fck olursa ton fiyat\u0131 daha \u00e7ok para ediyor Ancak biz maalesef T\u00fcrkiye\u2019deki kanunlardan dolay\u0131 yirmi iki tondan fazla mal y\u00fcklemiyoruz, o g\u00fczelim ta\u015f\u0131 kesmek zorunda kal\u0131yoruz. Sebep ise kamyonun a\u011f\u0131rl\u0131\u011f\u0131 ile karayoluna zarar verece\u011fi d\u00fc\u015f\u00fcncesi. Ancak bir kamyonun karayoluna zarar vermesi a\u011f\u0131rl\u0131\u011f\u0131 ile de\u011fil lasti\u011fi ile ilgilidir. \u0130talya&#8217;da bu ta\u015f\u0131 ta\u015f\u0131mak i\u00e7in kanunlar var. Lasti\u011fi \u00f6zel kamyonlar var, lastik ebatlar\u0131 asfalta zarar vermeyecek \u015fekilde geni\u015f, bizde ise 22 tonu ge\u00e7emiyorsunuz ve \u00e7ok b\u00fcy\u00fck bir de\u011feri kesmek zorunda kal\u0131yoruz. Bu ta\u015flar b\u00f6l\u00fcnemez oldu\u011fu i\u00e7in \u00f6zellikle bu t\u00fcr ta\u015flarda bir muafiyet d\u00fczenlemesi yap\u0131lmas\u0131 gerekti\u011fini d\u00fc\u015f\u00fcn\u00fcyoruz. E\u011fer bu \u015fekilde bir d\u00fczenleme yap\u0131l\u0131rsa, sadece bu blok ihracat\u0131n y\u00fczde 20 art\u0131raca\u011f\u0131n\u0131 d\u00fc\u015f\u00fcn\u00fcyorum. Bir milyon dolar\u0131n \u00fczerinde ihracat yapan firmalara ihracat yapt\u0131klar\u0131 kadar mazot indirimi al\u0131nabilir bu da ocaklardan limanlara kadar \u015feklinde ifade edilebilir. Bunlar\u0131n hepsi sekt\u00f6re te\u015fviktir,<\/p>\n\n\n\n<p>Sekt\u00f6re devlet taraf\u0131nda yap\u0131lacak desteklerden biri de belli bir limitinin \u00fczerinde ihracat ger\u00e7ekle\u015ftiren firmalara destek.<\/p>\n\n\n\n<p>Bir ba\u015fka \u00f6nemli konu da \u00c7ED &nbsp;ve mera kanunlar\u0131d\u0131r. \u00d6yle bir do\u011fal ta\u015f\u0131n bulundu\u011fu arazilerde mera diye adland\u0131r\u0131lan belirlenmi\u015f olan sadece benim b\u00f6lgemde be\u015f tane sahaya yetkilileri getirebilirim. Bu alanlarda bir tane ot g\u00f6stermeleri halinde o sahalar\u0131 kendilerine hediye edebilirim. Kayalar\u0131n bulundu\u011fu yere mera tabiri yapm\u0131\u015flar, bu sekt\u00f6re masa ba\u015f\u0131nda darbeden ba\u015fka bir \u015fey de\u011fildir. Bunlar\u0131 kolayla\u015ft\u0131rarak \u00e7\u00f6z\u00fcme kavu\u015fturmak da bizlere b\u00fcy\u00fck destek olacakt\u0131r.<\/p>\n\n\n\n<p><strong>Do\u011fal ta\u015ftaki ihracat ile ithalat rakamlar\u0131n\u0131 kar\u015f\u0131la\u015ft\u0131rd\u0131\u011f\u0131n\u0131zda nas\u0131l bir de\u011ferlendirme \u00e7\u0131kar ortaya?<\/strong><\/p>\n\n\n\n<p>Do\u011fal ta\u015ftaki ihracat 1500&#8217;e dayanm\u0131\u015fken, \u015funu unutmamak laz\u0131m, ithalat \u00e7ok \u00e7ok azd\u0131r. Di\u011fer sekt\u00f6rlere oranla do\u011fal ta\u015f tamamen ihracatt\u0131r. Ve do\u011fal ta\u015f katma de\u011feri \u00e7ok y\u00fcksek bir sekt\u00f6rd\u00fcr. B\u00f6lgemizde bu sekt\u00f6re yani do\u011fal ta\u015fa, yat\u0131r\u0131m yapmak isteyenlere kap\u0131m\u0131z her zaman a\u00e7\u0131k, bu t\u00fcr yat\u0131r\u0131m d\u00fc\u015f\u00fcnen i\u015f insanlar\u0131n\u0131 hi\u00e7bir zaman rakip de\u011fil tak\u0131m arkada\u015f\u0131 olarak g\u00f6r\u00fcr\u00fcz. Biz do\u011fal ta\u015fta \u00fclkedeki sekt\u00f6r\u00fcn geli\u015fmesi ad\u0131na her t\u00fcrl\u00fc deste\u011fi vermeye haz\u0131r\u0131z.<\/p>\n\n\n\n<p><strong>\u00dcniversite-sanayi i\u015fbirli\u011fi hakk\u0131nda neler s\u00f6yleyeceksiniz?<\/strong><\/p>\n\n\n\n<p>Biz T\u00fcrkiye Mermer Do\u011fal Ta\u015f ve Makine \u00dcreticileri Birli\u011fi (T\u00dcMMER) olarak bir \u00e7al\u0131\u015fma yapt\u0131k ve bu \u00e7al\u0131\u015fmay\u0131 2009 y\u0131l\u0131nda \u0130stanbul Teknik \u00dcniversitesi (\u0130T\u00dc) ile belli bir noktaya getirdik. Biz \u00fcniversitelerin mimarl\u0131k fak\u00fcltelerinde do\u011fal ta\u015f dersinin koyulmas\u0131n\u0131 istiyoruz. Nas\u0131l bir seramik b\u00f6l\u00fcm\u00fc varsa do\u011fal ta\u015f dersi de olmal\u0131 diye d\u00fc\u015f\u00fcn\u00fcyoruz. \u00dcniversiteyi bitiren mimarlar do\u011fal olarak seramik dersini g\u00f6rd\u00fckleri i\u00e7in do\u011fal ta\u015fa s\u0131cak bakm\u0131yorlar. Oysa Avrupa\u2019daki mimarlar ilk olarak do\u011fal ta\u015f\u0131 d\u00fc\u015f\u00fcn\u00fcyorlar. Do\u011fal ta\u015f\u0131n \u00f6mr\u00fcn\u00fcn uzun olmas\u0131 ve do\u011fal olmas\u0131ndan dolay\u0131 orada tercih ediliyor. Biz bunu T\u00dcMMER olarak g\u00fcndeme getirdik ayn\u0131 i\u015fbirli\u011fini Trabzon\u2019daki Karadeniz Teknik \u00dcniversitesi\u2019nden (KT\u00dc) de bekliyoruz.<\/p>\n\n\n\n<p><strong>\u00d6zellikle kalifiye eleman bulma sorunu ya\u015f\u0131yor musunuz?<\/strong><\/p>\n\n\n\n<p>Maden ve jeoloji m\u00fchendisi bulmada sorun ya\u015fan\u0131yor. Sahaya gidecek ve \u00e7al\u0131\u015facak m\u00fchendis bulmak zorla\u015ft\u0131. Saha al\u0131\u015fkanl\u0131\u011f\u0131n\u0131 geli\u015ftirmek i\u00e7in staj programlar\u0131n\u0131n ger\u00e7ek ocaklarda uygulanmas\u0131 gerekmekte. Maalesef bir\u00e7ok maden m\u00fchendisinin gelip ilk kez sahay\u0131 bizim saham\u0131zda g\u00f6rd\u00fc\u011f\u00fcne \u015fahit olmak bizi \u00fcz\u00fcyor. Bu anlamda KT\u00dc\u2019de m\u00fchendislik fak\u00fcltelerinde bu anlamda stajlar\u0131n\u0131 ger\u00e7ek uygulamalarla yapmalar\u0131 Trabzon S\u0130AD olarak kap\u0131m\u0131z a\u00e7\u0131kt\u0131r ve bu konuda bizzat stajlar\u0131na her t\u00fcrl\u00fc deste\u011fi vermeye haz\u0131r\u0131z.<\/p>\n","protected":false},"excerpt":{"rendered":"<p>Ekme\u011fini ta\u015ftan \u00e7\u0131karanlar, do\u011fan\u0131n izini ayaklar\u0131n\u0131z\u0131n alt\u0131na serenler Trabzon\u2019dan d\u00fcnyaya Onyx ta\u015f\u0131 ihra\u00e7 ederek ad\u0131n\u0131 duyuran Kafkas Mermer (KAFMER) \u00f6n\u00fcm\u00fczdeki d\u00f6nemde meslekta\u015flar\u0131na uyar\u0131da bulundu Do\u011fal ta\u015fta y\u00fcz\u00fcn\u00fcz\u00fc KATAR\u2019A \u00c7EV\u0130R\u0130N Do\u011fal ta\u015f; ad\u0131 \u00fczerinde do\u011fal oldu\u011fu i\u00e7in do\u011fan\u0131n izlerini insanlar\u0131n ayaklar\u0131n\u0131n alt\u0131na serdi\u011fi i\u00e7in herkesin be\u011fenisi farkl\u0131d\u0131r, d\u00fcnyaya entegre olursan\u0131z her kriz ortam\u0131nda bile bu do\u011fal [&hellip;]<\/p>\n","protected":false},"author":1,"featured_media":0,"parent":454,"menu_order":0,"comment_status":"closed","ping_status":"closed","template":"","meta":{"footnotes":""},"class_list":["post-522","page","type-page","status-publish","hentry"],"_links":{"self":[{"href":"https:\/\/tsiad.org.tr\/index.php\/wp-json\/wp\/v2\/pages\/522","targetHints":{"allow":["GET"]}}],"collection":[{"href":"https:\/\/tsiad.org.tr\/index.php\/wp-json\/wp\/v2\/pages"}],"about":[{"href":"https:\/\/tsiad.org.tr\/index.php\/wp-json\/wp\/v2\/types\/page"}],"author":[{"embeddable":true,"href":"https:\/\/tsiad.org.tr\/index.php\/wp-json\/wp\/v2\/users\/1"}],"replies":[{"embeddable":true,"href":"https:\/\/tsiad.org.tr\/index.php\/wp-json\/wp\/v2\/comments?post=522"}],"version-history":[{"count":2,"href":"https:\/\/tsiad.org.tr\/index.php\/wp-json\/wp\/v2\/pages\/522\/revisions"}],"predecessor-version":[{"id":551,"href":"https:\/\/tsiad.org.tr\/index.php\/wp-json\/wp\/v2\/pages\/522\/revisions\/551"}],"up":[{"embeddable":true,"href":"https:\/\/tsiad.org.tr\/index.php\/wp-json\/wp\/v2\/pages\/454"}],"wp:attachment":[{"href":"https:\/\/tsiad.org.tr\/index.php\/wp-json\/wp\/v2\/media?parent=522"}],"curies":[{"name":"wp","href":"https:\/\/api.w.org\/{rel}","templated":true}]}}