{"id":67,"date":"2024-12-27T14:21:04","date_gmt":"2024-12-27T14:21:04","guid":{"rendered":"https:\/\/tsiad.org.tr\/?page_id=67"},"modified":"2024-12-27T20:32:58","modified_gmt":"2024-12-27T20:32:58","slug":"hakkimizda","status":"publish","type":"page","link":"https:\/\/tsiad.org.tr\/index.php\/hakkimizda\/","title":{"rendered":"Hakk\u0131m\u0131zda"},"content":{"rendered":"<table>\n<tr>\n<th>Hakk\u0131m\u0131zda<\/th>\n<\/tr>\n<tr>\n<td><a href=\"https:\/\/tsiad.org.tr\/index.php\/hakkimizda\/yonetim-kurulu-uyeleri\/\"style=\"color:\n#120a8f\"> Y\u00f6netim Kurulu \u00dcyeleri<\/a> <\/td>\n<\/tr>\n<tr>\n<td><a href=\"https:\/\/tsiad.org.tr\/index.php\/hakkimizda\/dernek-tuzugu\/\"style=\"color:\n#120a8f\">Dernek T\u00fcz\u00fc\u011f\u00fc<\/a><\/td>\n<\/tr>\n<tr>\n<td><a href=\"https:\/\/tsiad.org.tr\/index.php\/hakkimizda\/vizyon-ve-misyonumuz\/\"style=\"color:\n#120a8f\"> Vizyon ve Misyonumuz<\/a><\/td>\n<\/tr>\n<tr>\n<td><a href=\"https:\/\/tsiad.org.tr\/index.php\/hakkimizda\/onur-uyelerimiz\/\"style=\"color:\n#120a8f\">Onur \u00dcyelerimiz<\/a><\/td>\n<\/tr>\n<tr>\n<td><a href=\"https:\/\/tsiad.org.tr\/index.php\/hakkimizda\/gecmis-donem-yonetim-kurullari\/\"style=\"color:\n#120a8f\">Ge\u00e7mi\u015f D\u00f6nem Y\u00f6netim Kurullar\u0131<\/a><\/td>\n<\/tr>\n<tr>\n<td><a href=\"https:\/\/tsiad.org.tr\/index.php\/hakkimizda\/bagli-oldugumuz-federasyon-ve-konfederasyonlar\/\"style=\"color:\n#120a8f\">Ba\u011fl\u0131 Oldu\u011fumuz Federasyon ve Konfederasyonlar<\/a><\/td>\n<\/tr>\n<\/tr>\n<\/table>\n","protected":false},"excerpt":{"rendered":"<p>Hakk\u0131m\u0131zda Y\u00f6netim Kurulu \u00dcyeleri Dernek T\u00fcz\u00fc\u011f\u00fc Vizyon ve Misyonumuz Onur \u00dcyelerimiz Ge\u00e7mi\u015f D\u00f6nem Y\u00f6netim Kurullar\u0131 Ba\u011fl\u0131 Oldu\u011fumuz Federasyon ve Konfederasyonlar<\/p>\n","protected":false},"author":1,"featured_media":0,"parent":0,"menu_order":0,"comment_status":"closed","ping_status":"closed","template":"","meta":{"footnotes":""},"class_list":["post-67","page","type-page","status-publish","hentry"],"_links":{"self":[{"href":"https:\/\/tsiad.org.tr\/index.php\/wp-json\/wp\/v2\/pages\/67","targetHints":{"allow":["GET"]}}],"collection":[{"href":"https:\/\/tsiad.org.tr\/index.php\/wp-json\/wp\/v2\/pages"}],"about":[{"href":"https:\/\/tsiad.org.tr\/index.php\/wp-json\/wp\/v2\/types\/page"}],"author":[{"embeddable":true,"href":"https:\/\/tsiad.org.tr\/index.php\/wp-json\/wp\/v2\/users\/1"}],"replies":[{"embeddable":true,"href":"https:\/\/tsiad.org.tr\/index.php\/wp-json\/wp\/v2\/comments?post=67"}],"version-history":[{"count":44,"href":"https:\/\/tsiad.org.tr\/index.php\/wp-json\/wp\/v2\/pages\/67\/revisions"}],"predecessor-version":[{"id":1310,"href":"https:\/\/tsiad.org.tr\/index.php\/wp-json\/wp\/v2\/pages\/67\/revisions\/1310"}],"wp:attachment":[{"href":"https:\/\/tsiad.org.tr\/index.php\/wp-json\/wp\/v2\/media?parent=67"}],"curies":[{"name":"wp","href":"https:\/\/api.w.org\/{rel}","templated":true}]}}